{"id":41420,"date":"2024-02-15T23:32:31","date_gmt":"2024-02-15T21:32:31","guid":{"rendered":"https:\/\/cutismedical.com\/shop\/maaratlemata\/skinclinic-whitening-m-cream-night-time-50ml\/"},"modified":"2024-10-20T13:10:52","modified_gmt":"2024-10-20T11:10:52","slug":"skinclinic-whitening-m-cream-night-time-50ml","status":"publish","type":"product","link":"https:\/\/cutismedical.shop\/et\/shop-es\/nahahooldus\/kreem-et-prof\/skinclinic-whitening-m-cream-night-time-50ml\/","title":{"rendered":"SkinClinic | Valgendamine. \u00d6\u00f6kreem M Cream 50 ml."},"content":{"rendered":"<p><strong>N\u00e4idustused:<\/strong> Vanusest, p\u00e4ikesest v\u00f5i rasedusest tingitud pigmentatsioonilaikude tekke ennetamiseks. Soovitatav kasutada p\u00e4rast koorimist v\u00f5i depigmenteerivat laserprotseduuri. Parandab m\u00e4rkimisv\u00e4\u00e4rselt kaela ja dekoltee v\u00e4limust. V\u00f5ib kasutada meigialuskreemina.<\/p>\n<p><strong>Eelised:<\/strong><\/p>\n<p>Naha tasakaalu taastav emulsioon; kortsudevastane. P\u00e4rsib melaniini tootmist, helendab nahka, parandab niisutust ja taastab loomuliku nahav\u00e4rvi.<\/p>\n<p><strong>Kasutusviis:<\/strong><\/p>\n<p>Kasutage \u00f6\u00f6kreemina ja ka p\u00e4evakreemina, kui ei ole tugevat p\u00e4ikesekiirgust. Kandke \u00f5rnalt masseerides n\u00e4ole, kaelale ja dekolteele. Intensiivse p\u00e4ikese k\u00e4es kasutage M CREAM-i.<\/p>\n<p><strong>Aktiivained:<\/strong><\/p>\n<p>Looduslik niisutav faktor, soja liposoomi isoflavoonid, Lactokine\u00ae, aaloe vera, bioaktiivsed pol\u00fcpeptiidid (ts\u00fctokiinid), bifidobakterite l\u00fcsaat, Bellis Perennis, lagritsajuur.<\/p>\n<p>Tutvustame teile MELANYC-i, meie eksklusiivset depigmenteerivat sarja, mis aitab eemaldada ja ennetada plekke v\u00f5i melasmat. Selgitab ja \u00fchtlustab nahatooni, ennetades uute laikude teket. Unikaalne testitud depigmenteeriv hooldus, mida saab kasutada aastaringselt, isegi suvel.<\/p>\n","protected":false},"excerpt":{"rendered":"<p>\u00d6\u00f6kreem. Ennetab laikude teket.<\/p>\n","protected":false},"featured_media":41416,"template":"","meta":{"_seopress_robots_primary_cat":"none","_seopress_titles_title":"","_seopress_titles_desc":"","_seopress_robots_index":""},"item":[2243],"product_cat":[1813,151,1910,1928,1849,1857],"product_tag":[1897],"class_list":{"0":"post-41420","1":"product","2":"type-product","3":"status-publish","4":"has-post-thumbnail","6":"item-skinclinic-et","7":"product_cat-otstarve","8":"product_cat-kreem-et","9":"product_cat-nahahooldus","10":"product_cat-kreem-et-prof","11":"product_cat-nahahooldus-nahatuubi-jargi","12":"product_cat-pigmendilaigud","13":"product_tag-pigmendilaigud","15":"first","16":"instock","17":"taxable","18":"shipping-taxable","19":"purchasable","20":"product-type-simple"},"_links":{"self":[{"href":"https:\/\/cutismedical.shop\/et\/wp-json\/wp\/v2\/product\/41420","targetHints":{"allow":["GET"]}}],"collection":[{"href":"https:\/\/cutismedical.shop\/et\/wp-json\/wp\/v2\/product"}],"about":[{"href":"https:\/\/cutismedical.shop\/et\/wp-json\/wp\/v2\/types\/product"}],"wp:featuredmedia":[{"embeddable":true,"href":"https:\/\/cutismedical.shop\/et\/wp-json\/wp\/v2\/media\/41416"}],"wp:attachment":[{"href":"https:\/\/cutismedical.shop\/et\/wp-json\/wp\/v2\/media?parent=41420"}],"wp:term":[{"taxonomy":"item","embeddable":true,"href":"https:\/\/cutismedical.shop\/et\/wp-json\/wp\/v2\/item?post=41420"},{"taxonomy":"product_cat","embeddable":true,"href":"https:\/\/cutismedical.shop\/et\/wp-json\/wp\/v2\/product_cat?post=41420"},{"taxonomy":"product_tag","embeddable":true,"href":"https:\/\/cutismedical.shop\/et\/wp-json\/wp\/v2\/product_tag?post=41420"}],"curies":[{"name":"wp","href":"https:\/\/api.w.org\/{rel}","templated":true}]}}