{"id":41232,"date":"2024-02-01T09:54:38","date_gmt":"2024-02-01T07:54:39","guid":{"rendered":"https:\/\/cutismedical.com\/?post_type=product&#038;p=41232"},"modified":"2024-10-20T18:33:50","modified_gmt":"2024-10-20T16:33:50","slug":"dr-arjo-body-1pc-10ml-from-5-boxes","status":"publish","type":"product","link":"https:\/\/cutismedical.shop\/et\/shop-es\/fillerid-et\/dr-arjo-body-1pc-10ml-from-5-boxes\/","title":{"rendered":"Dr. ArJo | Body (1 tk. * 10 ml)"},"content":{"rendered":"<p><strong><em>Dr. ArJo\u00ae Body eelised<\/em><\/strong><\/p>\n<ul>\n<li>Kasutatakse k\u00f5rgpuhast h\u00fcaluroonhapet, et tagada geeli ohutus.<\/li>\n<li>BDDE madal j\u00e4\u00e4ksisaldus v\u00e4hendab allergia ja teiste k\u00f5rvaltoimete riski.<\/li>\n<li>H\u00fcaluroonhappe osakesed k\u00f5rge elastsuse, viskoossuse ja koherentsusega v\u00f5ivad tugevdada liftingu efekti.<\/li>\n<li>Suurep\u00e4rased niisutavad omadused t\u00e4nu v\u00f5imele s\u00e4ilitada niiskust.<\/li>\n<li>Pikaajalisuse suurendamine mitmekordse ristseondumistehnoloogia abil.<\/li>\n<li>K\u00f5rge klientide rahulolu, kuna s\u00e4ilib loomulik v\u00e4limus p\u00e4rast s\u00fcstimist.<\/li>\n<\/ul>\n<p>\u00a0<\/p>\n<table style=\"height: 629px;\" width=\"741\">\n<tbody>\n<tr>\n<td width=\"467\"><a href=\"https:\/\/cutismedical.com\/wp-content\/uploads\/2024\/02\/dr.-arjo-body-tochki.jpg\"><img loading=\"lazy\" decoding=\"async\" class=\"alignnone size-full wp-image-41242\" src=\"https:\/\/cutismedical.com\/wp-content\/uploads\/2024\/02\/dr.-arjo-body-tochki.jpg\" alt=\"\" width=\"407\" height=\"608\" srcset=\"https:\/\/cutismedical.shop\/wp-content\/uploads\/2024\/02\/dr.-arjo-body-tochki.jpg 407w, https:\/\/cutismedical.shop\/wp-content\/uploads\/2024\/02\/dr.-arjo-body-tochki-150x224.jpg 150w, https:\/\/cutismedical.shop\/wp-content\/uploads\/2024\/02\/dr.-arjo-body-tochki-268x400.jpg 268w\" sizes=\"auto, (max-width: 407px) 100vw, 407px\" \/><\/a><br \/>\n<strong>Mida sisaldab karp?<\/strong><\/p>\n<p>1 eelt\u00e4idetud s\u00fcstal 10 ml<\/td>\n<td width=\"467\"><a href=\"https:\/\/cutismedical.com\/wp-content\/uploads\/2024\/02\/dr.-arjo-body-harakteristiki.jpg\"><img loading=\"lazy\" decoding=\"async\" class=\"alignnone size-full wp-image-41245\" src=\"https:\/\/cutismedical.com\/wp-content\/uploads\/2024\/02\/dr.-arjo-body-harakteristiki.jpg\" alt=\"\" width=\"652\" height=\"634\" srcset=\"https:\/\/cutismedical.shop\/wp-content\/uploads\/2024\/02\/dr.-arjo-body-harakteristiki.jpg 652w, https:\/\/cutismedical.shop\/wp-content\/uploads\/2024\/02\/dr.-arjo-body-harakteristiki-150x146.jpg 150w, https:\/\/cutismedical.shop\/wp-content\/uploads\/2024\/02\/dr.-arjo-body-harakteristiki-592x576.jpg 592w, https:\/\/cutismedical.shop\/wp-content\/uploads\/2024\/02\/dr.-arjo-body-harakteristiki-411x400.jpg 411w, https:\/\/cutismedical.shop\/wp-content\/uploads\/2024\/02\/dr.-arjo-body-harakteristiki-510x496.jpg 510w\" sizes=\"auto, (max-width: 652px) 100vw, 652px\" \/><\/a><\/td>\n<\/tr>\n<\/tbody>\n<\/table>\n<hr \/>\n<p><strong>Dr. ArJo\u00ae<\/strong> kasutab biofermentatsiooniga toodetud h\u00fcaluroonhapet. P\u00e4rast v\u00e4ikest keemilist modifikatsiooni laboris muutub see ristseondatud h\u00fcaluroonhappeks, mis muudab selle stabiilsemaks, tugevdab kudesid ja pikendab toimeaega, s\u00f5ltuvalt individuaalsetest teguritest, nagu vanus, eluviis ja meditsiinilise spetsialisti kasutatav tehnika. M\u00f5ne kuu jooksul imendub Dr. ArJo\u00ae aeglaselt naha kaudu.<\/p>\n<p><strong><em>Mis on ristseondatud h\u00fcaluroonhape?<\/em><\/strong><\/p>\n<p>H\u00fcaluroonhape (HA), tuntud ka kui naatriumh\u00fcaluronaat, on sulfaadivaba gl\u00fckosaminogl\u00fckaan, mis esineb loomulikult kehas, n\u00e4iteks nahas, sidekoes ja liigesem\u00e4\u00e4rdes, seega on allergiarisk madalam. HA on aine, millel on k\u00e4snataoline toime ja h\u00e4mmastav v\u00f5ime t\u00f5mmata ja hoida suuri niiskusekoguseid nahas. Paljude aastate jooksul on HA olnud juhtiv koostisosa naha niisutamiseks. Vananedes laguneb HA kehas, mis viib peente joonte, kortsude ja voltide tekkeni.<\/p>\n<p>T\u00e4nu edasij\u00f5udnud tehnoloogiale on loodud h\u00fcaluroonhape fermenteerimise teel, mis on n\u00e4idanud paremat v\u00f5imekust naha niisutamisel. Ristseondaja lisamine HA-le tugevdab selle struktuuri, luues superniisutava maatriksi, mis s\u00e4ilitab naha niiskust pikema aja jooksul. Ristseondatud h\u00fcaluroonhape omab suuremat veesiduvusv\u00f5imet kui mittesondatud HA, mis t\u00e4hendab, et nahk p\u00fcsib pidevalt niisutatud ja elastne. Kaotatud mahu taastamine ja kortsude silumine tagab nooruslikuma v\u00e4limuse ja esteetika taastamise.<\/p>\n<p>Puhastatud ristseondatud HA-t\u00e4iteained on suurep\u00e4rane valik kortsude ja armide korrigeerimiseks, pakkudes k\u00f5rget rahulolu patsientide seas.<\/p>\n","protected":false},"excerpt":{"rendered":"<p><span style=\"color: #ed1c24;\"><strong>Ei ole mu\u0308u\u0308giks ELis!<\/strong><\/span><\/p>\n<p><strong>Dr. ArJo\u00ae Body<\/strong> on k\u00f5ige arenenum HA-kehat\u00e4iteaine, mis on valmistatud Itaalias, kasutades j\u00e4rgmise p\u00f5lvkonna ristseondatud tehnoloogiat, tagades parima kvaliteedi ja ohutuse.<\/p>\n<p><strong><em>Kasutusvaldkonnad:<\/em><\/strong><\/p>\n<p>tuharad, s\u00e4\u00e4red, k\u00e4ed, k\u00e4sivarred, keha s\u00fcvendid<\/p>\n<p>&nbsp;<\/p>\n","protected":false},"featured_media":41239,"template":"","meta":{"_seopress_robots_primary_cat":"","_seopress_titles_title":"","_seopress_titles_desc":"","_seopress_robots_index":""},"item":[2240],"product_cat":[154],"product_tag":[],"class_list":{"0":"post-41232","1":"product","2":"type-product","3":"status-publish","4":"has-post-thumbnail","6":"item-dr-arjo-et","7":"product_cat-fillerid-et","9":"first","10":"instock","11":"taxable","12":"shipping-taxable","13":"purchasable","14":"product-type-variable"},"_links":{"self":[{"href":"https:\/\/cutismedical.shop\/et\/wp-json\/wp\/v2\/product\/41232","targetHints":{"allow":["GET"]}}],"collection":[{"href":"https:\/\/cutismedical.shop\/et\/wp-json\/wp\/v2\/product"}],"about":[{"href":"https:\/\/cutismedical.shop\/et\/wp-json\/wp\/v2\/types\/product"}],"wp:featuredmedia":[{"embeddable":true,"href":"https:\/\/cutismedical.shop\/et\/wp-json\/wp\/v2\/media\/41239"}],"wp:attachment":[{"href":"https:\/\/cutismedical.shop\/et\/wp-json\/wp\/v2\/media?parent=41232"}],"wp:term":[{"taxonomy":"item","embeddable":true,"href":"https:\/\/cutismedical.shop\/et\/wp-json\/wp\/v2\/item?post=41232"},{"taxonomy":"product_cat","embeddable":true,"href":"https:\/\/cutismedical.shop\/et\/wp-json\/wp\/v2\/product_cat?post=41232"},{"taxonomy":"product_tag","embeddable":true,"href":"https:\/\/cutismedical.shop\/et\/wp-json\/wp\/v2\/product_tag?post=41232"}],"curies":[{"name":"wp","href":"https:\/\/api.w.org\/{rel}","templated":true}]}}