{"id":41165,"date":"2024-01-30T20:18:12","date_gmt":"2024-01-30T18:18:12","guid":{"rendered":"https:\/\/cutismedical.com\/shop\/maaratlemata\/dr-arjo-fine-1pc-1ml-from-5-boxes\/"},"modified":"2024-10-20T20:41:58","modified_gmt":"2024-10-20T18:41:58","slug":"dr-arjo-fine-1pc-1ml-from-5-boxes","status":"publish","type":"product","link":"https:\/\/cutismedical.shop\/et\/shop-es\/fillerid-et\/dr-arjo-fine-1pc-1ml-from-5-boxes\/","title":{"rendered":"Dr. ArJo | Fine (1 tk.*1 ml)"},"content":{"rendered":"<p>T\u00e4iteaine tuleb s\u00fcstida keskmistesse-s\u00fcgavatesse dermiskihtidesse v\u00f5i huulte alalimaosa kihti kvalifitseeritud arstide poolt. Lineaarset retrograde tehnikat tuleks kasutada, et t\u00e4pselt j\u00e4lgida kortsude jooni. V\u00e4ltige h\u00fcperkorrektsiooni. See tehnika n\u00f5uab naha pingutamist s\u00fcstalt hoidmata k\u00e4e s\u00f5rmede vahel, v\u00e4ltides hoolikalt pindmisi kapillaare. P\u00e4rast s\u00fcstimist on oluline masseerida t\u00f6\u00f6deldud ala, et toode jaotuks nahaalusel tasandil \u00fchtlaselt.<\/p>\n<p>\u00a0<\/p>\n<table style=\"height: 629px;\" width=\"741\">\n<tbody>\n<tr>\n<td width=\"467\"><a href=\"https:\/\/cutismedical.com\/wp-content\/uploads\/2024\/01\/dr.-arjo-fine-tochki.jpg\"><img loading=\"lazy\" decoding=\"async\" class=\"alignnone size-full wp-image-41155\" src=\"https:\/\/cutismedical.com\/wp-content\/uploads\/2024\/01\/dr.-arjo-fine-tochki.jpg\" alt=\"\" width=\"411\" height=\"363\" srcset=\"https:\/\/cutismedical.shop\/wp-content\/uploads\/2024\/01\/dr.-arjo-fine-tochki.jpg 411w, https:\/\/cutismedical.shop\/wp-content\/uploads\/2024\/01\/dr.-arjo-fine-tochki-150x132.jpg 150w\" sizes=\"auto, (max-width: 411px) 100vw, 411px\" \/><\/a><br \/>\n<strong>Dr. ArJo\u00ae Fine eelised<\/strong><\/p>\n<ul>\n<li>Parandab naha elastsust<\/li>\n<li>Niisutab nahka ja ahendab poore<\/li>\n<li>V\u00e4hendab peeneid jooni ja kortse<\/li>\n<li>V\u00f5ib kasutada n\u00e4o, kaela ja dekoltee piirkonnas<\/li>\n<\/ul>\n<p> <strong>Mida sisaldab karp?<\/strong><br \/>\n15 mg\/ml 1 ml eelt\u00e4idetud s\u00fcstlad<\/p>\n<p>2 steriilset \u00fchekordset n\u00f5ela 30G 1\/2\u2033<\/p>\n<p>\u00a0<\/td>\n<td width=\"467\"><a href=\"https:\/\/cutismedical.com\/wp-content\/uploads\/2024\/01\/dr.-arjo-fine-harakteristiki.jpg\"><img loading=\"lazy\" decoding=\"async\" class=\"alignnone size-full wp-image-41158\" src=\"https:\/\/cutismedical.com\/wp-content\/uploads\/2024\/01\/dr.-arjo-fine-harakteristiki.jpg\" alt=\"\" width=\"672\" height=\"773\" srcset=\"https:\/\/cutismedical.shop\/wp-content\/uploads\/2024\/01\/dr.-arjo-fine-harakteristiki.jpg 672w, https:\/\/cutismedical.shop\/wp-content\/uploads\/2024\/01\/dr.-arjo-fine-harakteristiki-150x173.jpg 150w, https:\/\/cutismedical.shop\/wp-content\/uploads\/2024\/01\/dr.-arjo-fine-harakteristiki-592x681.jpg 592w, https:\/\/cutismedical.shop\/wp-content\/uploads\/2024\/01\/dr.-arjo-fine-harakteristiki-348x400.jpg 348w, https:\/\/cutismedical.shop\/wp-content\/uploads\/2024\/01\/dr.-arjo-fine-harakteristiki-510x587.jpg 510w\" sizes=\"auto, (max-width: 672px) 100vw, 672px\" \/><\/a><\/td>\n<\/tr>\n<\/tbody>\n<\/table>\n<hr \/>\n<p><strong>Dr. ArJo\u00ae<\/strong> kasutab biofermentatsiooniga toodetud h\u00fcaluroonhapet. P\u00e4rast v\u00e4ikest keemilist modifikatsiooni laboris muutub see ristseondatud h\u00fcaluroonhappeks, mis muudab selle stabiilsemaks, tugevdab kudesid ja pikendab toimeaega, s\u00f5ltuvalt individuaalsetest nahat\u00fc\u00fcbi teguritest, nagu vanus, elustiil ja meditsiinispetsialisti kasutatav tehnika. Mitme kuu jooksul imendub <strong>Dr. ArJo\u00ae<\/strong> aeglaselt naha kaudu.<\/p>\n<p><strong><em>Mis on ristseondatud h\u00fcaluroonhape?<\/em><\/strong><\/p>\n<p>H\u00fcaluroonhape (HA), tuntud ka kui naatriumh\u00fcaluronaat, on sulfaadivaba gl\u00fckosaminogl\u00fckaan, mis esineb loomulikult kehas, n\u00e4iteks nahas, sidekoes ja liigestes, mis v\u00e4hendab allergiariski. HA on aine, millel on k\u00e4snataoline toime, mis suudab imada ja hoida suuri koguseid niiskust nahas. HA on olnud aastaid juhtiv koostisosa naha niisutamiseks. Vananedes laguneb HA kehas, mis toob kaasa peente joonte, kortsude ja voltide tekke.<\/p>\n<p>T\u00e4nu arenenud tehnoloogiale oleme suutnud luua koostisosa, kasutades fermenteerimist looduslike bioloogiliste protsesside abil, mis on n\u00e4idanud, et see on HA-st m\u00e4rkimisv\u00e4\u00e4rselt parem naha niisutamisel.<\/p>\n<p>Ristseondaja lisamine HA-le loob tugevama struktuuri. Ristseotud HA moodustab nahale superniisutava maatriksi ja hoiab vett nahas pikema aja jooksul. H\u00fcaluroonhape on tuntud oma v\u00f5ime poolest siduda vett, muutes selle ideaalseks naha niisutamisel. N\u00fc\u00fcd on ristseotud HA-l suurem veesiduvusv\u00f5ime v\u00f5rreldes mitte-seotud HA-ga! See t\u00e4hendab, et nahk on pidevalt niisutatud, elastne ja terve. V\u00e4hendades kadunud mahu asendamist ja siludes kortse, tagab see noorusliku v\u00e4limuse ja taastab teatud funktsionaalsuse n\u00e4o esteetikas.<\/p>\n<p>Puhastatud ristseondatud HA-t\u00e4iteained on suurep\u00e4rane valik kortsude ja armide korrigeerimiseks ning pakuvad patsientidele k\u00f5rget rahulolu.<\/p>\n","protected":false},"excerpt":{"rendered":"<p><strong>Dr. ArJo\u00ae<\/strong> on uuenduslik steriliseeritud ristseondatud h\u00fcaluroonhappe h\u00fcdrogeel, mis on valmistatud suurema vastupidavusega lagunemisele ja pikema toime kestvusega.<\/p>\n","protected":false},"featured_media":41161,"template":"","meta":{"_seopress_robots_primary_cat":"","_seopress_titles_title":"","_seopress_titles_desc":"","_seopress_robots_index":""},"item":[2240],"product_cat":[154],"product_tag":[],"class_list":{"0":"post-41165","1":"product","2":"type-product","3":"status-publish","4":"has-post-thumbnail","6":"item-dr-arjo-et","7":"product_cat-fillerid-et","9":"first","10":"instock","11":"taxable","12":"shipping-taxable","13":"purchasable","14":"product-type-variable"},"_links":{"self":[{"href":"https:\/\/cutismedical.shop\/et\/wp-json\/wp\/v2\/product\/41165","targetHints":{"allow":["GET"]}}],"collection":[{"href":"https:\/\/cutismedical.shop\/et\/wp-json\/wp\/v2\/product"}],"about":[{"href":"https:\/\/cutismedical.shop\/et\/wp-json\/wp\/v2\/types\/product"}],"wp:featuredmedia":[{"embeddable":true,"href":"https:\/\/cutismedical.shop\/et\/wp-json\/wp\/v2\/media\/41161"}],"wp:attachment":[{"href":"https:\/\/cutismedical.shop\/et\/wp-json\/wp\/v2\/media?parent=41165"}],"wp:term":[{"taxonomy":"item","embeddable":true,"href":"https:\/\/cutismedical.shop\/et\/wp-json\/wp\/v2\/item?post=41165"},{"taxonomy":"product_cat","embeddable":true,"href":"https:\/\/cutismedical.shop\/et\/wp-json\/wp\/v2\/product_cat?post=41165"},{"taxonomy":"product_tag","embeddable":true,"href":"https:\/\/cutismedical.shop\/et\/wp-json\/wp\/v2\/product_tag?post=41165"}],"curies":[{"name":"wp","href":"https:\/\/api.w.org\/{rel}","templated":true}]}}