{"id":41126,"date":"2024-01-27T17:38:26","date_gmt":"2024-01-27T15:38:26","guid":{"rendered":"https:\/\/cutismedical.com\/shop\/maaratlemata\/filorga-age-purify-double-correction-fluid-50ml\/"},"modified":"2024-10-21T22:15:35","modified_gmt":"2024-10-21T20:15:35","slug":"filorga-age-purify-double-correction-fluid-50ml","status":"publish","type":"product","link":"https:\/\/cutismedical.shop\/et\/shop-es\/nahahooldus\/seerum-et-prof\/filorga-age-purify-double-correction-fluid-50ml\/","title":{"rendered":"Filorga | Age-Purify. Kahetoimeline korrektsioonivedelik 50 ml."},"content":{"rendered":"<p>Mittekomedogeenne, matistav ja niisutav tekstuur.<\/p>\n<p>Kortsude korrigeerimine<\/p>\n<p>HYALURO-YOUTH CX sisaldab t\u00e4itefunktsiooniga h\u00fcaluroonhapet, siluvaid peptiide ja gl\u00fckopetide, mis siluvad kortse ja korrigeerivad vananemism\u00e4rke.<\/p>\n<p>Ebat\u00e4iuste korrigeerimine [dermatoloogiline ekspertiis]<\/p>\n<p>DERMO-RESCUE CX sisaldab 5 mikrokoorivaid happeid, rasueritust reguleerivat tsinki ja multifunktsionaalset taimset ekstrakti (achiote), mis v\u00e4hendab poore, rasvasust, aknet, mustp\u00e4id ja punetust.<\/p>\n<p>Lisaks on kaitsev pol\u00fcsahhariid, mis toimib reostusevastase ja adhesioonivastase kilbina.<\/p>\n<p>Mittekomedogeenne vedelik matistava ja niisutava tekstuuriga.<\/p>\n<p>M\u00f5eldud kombineeritud ja rasusele nahale, mis on altid ebat\u00e4iustele.<\/p>\n<p><strong>KUIDAS KASUTADA:<\/strong><\/p>\n<p>Kasutage hommikul ja \u00f5htul oma igap\u00e4evases nahahooldusrutiinis, kandes kogu n\u00e4ole.<\/p>\n<p>Ilunipp: ideaalne saastele allutatud naha kaitsmiseks ja puhastamiseks.<\/p>\n<p><strong>KOOSTIS:<\/strong><\/p>\n<p>Aqua (vesi), Propanediol, Gl\u00fckonolaktoon, Gl\u00fctseriin, Isotseet\u00fc\u00fclstearaat, Etiloleaat, H\u00fcdrogeenitud kookoshape, Arahid\u00fc\u00fclalkohol, R\u00e4nidioksiid, M\u00fcrist\u00fc\u00fclalkohol, Dimetikoon, Kaoliin, Tsink PCA, Beheen\u00fc\u00fclalkohol, Ammooniumakr\u00fclo\u00fcldimet\u00fc\u00fcltauraat\/VP kopol\u00fcmeer, Taime\u00f5li, Naatriumh\u00fcdroksiid, But\u00fcleengl\u00fckool, Lauro\u00fc\u00fcll\u00fcsiin, Arahid\u00fc\u00fclgl\u00fckosiid, L\u00f5hnaaine, M\u00fcrist\u00fc\u00fclgl\u00fckosiid, Naatriumbensoaat, Ksantaankumm, Koko-kaprilaat\/kaprilaat, Sukroosipalmitaat, H\u00fcdrogeenitud taime\u00f5li, Maltodekstriin, Sidrunhape, Kaaliumsorbaat, Aselaiinhape, Achiote seemneekstrakt, Mandlihape, Gl\u00fckoolhape, Kandelillavaha (Euphorbia Cerifera (Kandelillavaha)), H\u00fcdrol\u00fc\u00fcsitud soja proteiin, Naatriumf\u00fctaat, Gl\u00fctser\u00fc\u00fcllinoleaat, Magusmandli\u00f5li (Prunus Amygdalus Dulcis), Naatriumkloriid, Alteromonase fermenteekstrakt, 1,2-heksanediool, Kapr\u00fc\u00fclgl\u00fckool, CI 77289 (Kroomh\u00fcdroksiidroheline), Dipeptiid diaminobut\u00fcro\u00fc\u00fcl benso\u00fc\u00fclamiddiasetaat, Gl\u00fckoos, Fenoks\u00fcetanool, Naatriumh\u00fcaluronaat, Kaaliumkloriid, Kaltsiumkloriid, Tokoferool, Magneesiumsulfaat, Glutamiin, Naatriumfosfaat, Askorbiinhape, Naatriumatsetaat, L\u00fcsiin HCl, Arginiin HCl, Alaniin, Histidiin HCl, Valiin, Leutsiin, Treoniin, Isoleutsiin, Tr\u00fcptofaan, Fen\u00fc\u00fclalaniin, T\u00fcrosiin, Gl\u00fctsiin, Pol\u00fcsorbaat 80, Seriin, Ts\u00fcstiin, Ts\u00fcanokobalamiin, Glutatioon, Asparagiin, Asparagiinhape, Ornitin HCl, Glutamiinhape, Nikotiinamiid adenindinukleotiid, Proliin, Metioniin, Tauriin, H\u00fcdroks\u00fcproliin, Gl\u00fckosamiin HCl, Koens\u00fc\u00fcm A, Naatriumgl\u00fckuronaat, Tiamiin difosfaat, Retin\u00fc\u00fclatsetaat, Inositool, Niaatsiin, Niaatsiinamiid, P\u00fcridoksiin HCl, Biotiin, Kaltsiumpantotenaat, Riboflaviin, Naatriumtokofer\u00fc\u00fclfosfaat, Tiamiin HCl, Foolhape.<\/p>\n","protected":false},"excerpt":{"rendered":"<p>KAHEKORDNE KORREKTSIOONIVEDLIK KORTSUDE JA ILUVIGADE KORRIGEERIMISEKS.<\/p>\n<p>Esimene vedelik, mis on v\u00e4lja t\u00f6\u00f6tatud esteetiliste arstide ja dermatoloogide soovituste p\u00f5hjal, et pakkuda kahekordset korrigeerimist, muutes naha siledamaks ja puhtamaks.<\/p>\n","protected":false},"featured_media":41123,"template":"","meta":{"_seopress_robots_primary_cat":"none","_seopress_titles_title":"","_seopress_titles_desc":"","_seopress_robots_index":""},"item":[2232],"product_cat":[1813,363,1910,1931,1849,1850,1851,1853,1855,1859],"product_tag":[1876,1885,1891,1903,1879],"class_list":{"0":"post-41126","1":"product","2":"type-product","3":"status-publish","4":"has-post-thumbnail","6":"item-filorga-et","7":"product_cat-otstarve","8":"product_cat-seerum-et","9":"product_cat-nahahooldus","10":"product_cat-seerum-et-prof","11":"product_cat-nahahooldus-nahatuubi-jargi","12":"product_cat-akne-post-akne","13":"product_cat-rasune-ja-probleemne-nahk","14":"product_cat-kortsud","15":"product_cat-kuperoos-ja-rosaatsea","16":"product_cat-laienenud-poorid-ja-mustpead","17":"product_tag-akne-post-akne","18":"product_tag-kortsud","19":"product_tag-kuperoos-ja-rosaatsea","20":"product_tag-laienenud-poorid-ja-mustpead","21":"product_tag-rasune-ja-probleemne-nahk","23":"first","24":"instock","25":"taxable","26":"shipping-taxable","27":"purchasable","28":"product-type-simple"},"_links":{"self":[{"href":"https:\/\/cutismedical.shop\/et\/wp-json\/wp\/v2\/product\/41126","targetHints":{"allow":["GET"]}}],"collection":[{"href":"https:\/\/cutismedical.shop\/et\/wp-json\/wp\/v2\/product"}],"about":[{"href":"https:\/\/cutismedical.shop\/et\/wp-json\/wp\/v2\/types\/product"}],"wp:featuredmedia":[{"embeddable":true,"href":"https:\/\/cutismedical.shop\/et\/wp-json\/wp\/v2\/media\/41123"}],"wp:attachment":[{"href":"https:\/\/cutismedical.shop\/et\/wp-json\/wp\/v2\/media?parent=41126"}],"wp:term":[{"taxonomy":"item","embeddable":true,"href":"https:\/\/cutismedical.shop\/et\/wp-json\/wp\/v2\/item?post=41126"},{"taxonomy":"product_cat","embeddable":true,"href":"https:\/\/cutismedical.shop\/et\/wp-json\/wp\/v2\/product_cat?post=41126"},{"taxonomy":"product_tag","embeddable":true,"href":"https:\/\/cutismedical.shop\/et\/wp-json\/wp\/v2\/product_tag?post=41126"}],"curies":[{"name":"wp","href":"https:\/\/api.w.org\/{rel}","templated":true}]}}