{"id":41093,"date":"2024-01-25T14:09:24","date_gmt":"2024-01-25T12:09:24","guid":{"rendered":"https:\/\/cutismedical.com\/shop\/maaratlemata\/filorga-hydra-hyal-gel-cream-50ml\/"},"modified":"2024-10-21T22:29:11","modified_gmt":"2024-10-21T20:29:11","slug":"filorga-hydra-hyal-gel-cream-50ml","status":"publish","type":"product","link":"https:\/\/cutismedical.shop\/et\/shop-es\/nahahooldus\/kreem-et-prof\/filorga-hydra-hyal-gel-cream-50ml\/","title":{"rendered":"Filorga | Hydra-Hyal Gel-Cream 50 ml."},"content":{"rendered":"<p>Valem, mis on rikastatud taimse toimeainega, pinguldab poore ja matistab nahka, pakkudes veatut v\u00e4limust.<\/p>\n<p>Ristsidemetega h\u00fcaluroonhape toimib sisemise t\u00e4iteainena. See koosneb molekulidest, mis on omavahel seotud, moodustades v\u00f5rgu, mis taastab elastsuse ja t\u00e4idab kortse seestpoolt. See molekul on kompaktsem ja vastupidavam h\u00fcaluronidaasile \u2013 ens\u00fc\u00fcmile, mis lagundab h\u00fcaluroonhapet.<\/p>\n<p>Madala molekulmassiga h\u00fcaluroonhape on kortsude siluja. V\u00e4ikese suuruse t\u00f5ttu tungib see s\u00fcgavale nahka ja t\u00e4idab kortse. Pikas perspektiivis stimuleerib see ka endogeense h\u00fcaluroonhappe s\u00fcnteesi. H\u00fcaluroonhape, mis esineb nahas loomulikult, on v\u00e4ga l\u00fchiajaline ja vajab pidevat uuendamist. Kui h\u00fcaluroonhape laguneb nahas, saadab see signaali rakkudele tootmise taask\u00e4ivitamiseks. Madala molekulmassiga h\u00fcaluroonhape stimuleerib seda mehhanismi ja suurendab looduslikku h\u00fcaluroonhappe tootmist.<\/p>\n<p><strong>4 eelist kombineeritud ja rasusele nahale:<\/strong><\/p>\n<p>Niisutatud nahk<br \/>\nPingul nahk<br \/>\nSilutud kortsud<br \/>\nKontrollitud l\u00e4ige<br \/>\nHYDRA-HYAL CREAM-GEL \u2013 selle t\u00f5husust kiidavad naised*<\/p>\n<p>90% n\u00e4gid silutud kortse<br \/>\n90% n\u00e4gid pikaajalist matistatud nahka<br \/>\n97% n\u00e4gid v\u00e4henenud poore<br \/>\nKreem-geel\/vee kreemi tekstuur, sobilik kombineeritud ja rasusele nahale.<\/p>\n<p>*20 vabatahtliku hinnang p\u00e4rast 28-p\u00e4evast kahep\u00e4evast kasutamist.<\/p>\n<p><strong>KASUTUSJUHEND:<\/strong><\/p>\n<p>Kandke igap\u00e4evaselt hommikul ja\/v\u00f5i \u00f5htul p\u00e4rast seerumit v\u00f5i eraldi. Kandke n\u00e4ole ja kaelale, siludes kergelt n\u00e4gu.<\/p>\n<hr \/>\n<p><strong>KOOSTISOSAD:<\/strong><\/p>\n<p>Aqua (Vesi, Eau), Propanediol, Gl\u00fctseriin, Laur\u00fc\u00fcllauraat, Isodek\u00fc\u00fclneopentanoaadi, Sheav\u00f5i (Butyrospermum Parkii), Maltodekstriin, S\u00fcnteetiline fluorfloogopiit, Fenoks\u00fcetanool, Ak\u00fclaatide\/C10-30 Alk\u00fc\u00fclakr\u00fclaatide ristpol\u00fcmeer, Alkohol denat., Met\u00fc\u00fclmetakr\u00fclaatpol\u00fcmeer, Butilengl\u00fckool, Sahharoospalmitaat, Alkohol, Naatriumpol\u00fcakr\u00fclaat, Naatriumh\u00fcaluronaat, Etilheks\u00fc\u00fclgl\u00fctseriin, Parf\u00fc\u00fcm (L\u00f5hnaaine), Naatriumstearo\u00fc\u00fclglutamaat, Naatriumh\u00fcdroksiid, Gl\u00fctser\u00fc\u00fcl-linoleaat, Magusa mandli \u00f5li (Prunus Amygdalus Dulcis), Pent\u00fcleengl\u00fckool, Ristsidemetega naatriumh\u00fcaluronaat, Naatriumkloriid, Lauro\u00fc\u00fcll\u00fcsiin, Letsitiin, Mastiksipuu (Pistacia Lentiscus) vaigu, Swertia chirata ekstrakt, Papaiin, Sidrunhape, Alteromonas fermentide ekstrakt, Gl\u00fckoos, 1,2-Heksaandiol, Kapr\u00fc\u00fclgl\u00fckool, Karbomeer, Kaaliumkloriid, Kaaliumsorbaat, Kaltsiumkloriid, Algin, Magneesiumsulfaat, Glutamiin, Naatriumfosfaat, Askorbiinhape, Naatriumatsetaat, Tokoferool, L\u00fcsiin HCl, Arginiin HCl, Alaniin, Histidiin HCl, Valiin, Leutsiin, Treoniin, Isoleutsiin, Tr\u00fcptofaan, Fen\u00fc\u00fclalaniin, T\u00fcrosiin, Gl\u00fctsiin, Pol\u00fcsorbaat 80, Seriin, Ts\u00fcstiin, Ts\u00fcanokobalamiin, Glutatioon, Asparagiin, Asparagiinhape, Ornitiin HCl, Glutamiinhape, Nikotiinamiidadeniindinukleotiid, Proliin, Metioniin, Tauriin, H\u00fcdroks\u00fcproliin, Gl\u00fckosamiin HCl, Koens\u00fc\u00fcm A, Naatriumgl\u00fckuronaat, Tiamindifosfaat, Retin\u00fc\u00fclatsetaat, Inositool, Niasiin, Niatsiinamiid, P\u00fcridoksiin HCl, Biotiin, Kaltsiumpantotenaat, Riboflaviin, Naatriumtokofer\u00fc\u00fclfosfaat, Tiamiin HCl, Foolhape.<\/p>\n","protected":false},"excerpt":{"rendered":"<p>Hydra-Hyal Gel-Cream on suunatud peente joontega kuiva naha raviks, niisutades nahka kogu p\u00e4eva jooksul ja pakkudes kauakestvat matistavat efekti. H\u00fcaluroonhappe duo [ristseotud + madala molekulmassiga] taastab naha ideaalse niiskustaseme ja t\u00e4idab selle, ennetades peenikeste kortsude teket.<\/p>\n","protected":false},"featured_media":41091,"template":"","meta":{"_seopress_robots_primary_cat":"none","_seopress_titles_title":"","_seopress_titles_desc":"","_seopress_robots_index":""},"item":[2232],"product_cat":[1813,151,1910,1928,1849,1851,1852,1854],"product_tag":[1882,1879,1888],"class_list":{"0":"post-41093","1":"product","2":"type-product","3":"status-publish","4":"has-post-thumbnail","6":"item-filorga-et","7":"product_cat-otstarve","8":"product_cat-kreem-et","9":"product_cat-nahahooldus","10":"product_cat-kreem-et-prof","11":"product_cat-nahahooldus-nahatuubi-jargi","12":"product_cat-rasune-ja-probleemne-nahk","13":"product_cat-kuiv-veetustunud-nahk","14":"product_cat-tundlik-nahk","15":"product_tag-kuiv-veetustunud-nahk","16":"product_tag-rasune-ja-probleemne-nahk","17":"product_tag-tundlik-nahk","19":"first","20":"instock","21":"taxable","22":"shipping-taxable","23":"purchasable","24":"product-type-simple"},"_links":{"self":[{"href":"https:\/\/cutismedical.shop\/et\/wp-json\/wp\/v2\/product\/41093","targetHints":{"allow":["GET"]}}],"collection":[{"href":"https:\/\/cutismedical.shop\/et\/wp-json\/wp\/v2\/product"}],"about":[{"href":"https:\/\/cutismedical.shop\/et\/wp-json\/wp\/v2\/types\/product"}],"wp:featuredmedia":[{"embeddable":true,"href":"https:\/\/cutismedical.shop\/et\/wp-json\/wp\/v2\/media\/41091"}],"wp:attachment":[{"href":"https:\/\/cutismedical.shop\/et\/wp-json\/wp\/v2\/media?parent=41093"}],"wp:term":[{"taxonomy":"item","embeddable":true,"href":"https:\/\/cutismedical.shop\/et\/wp-json\/wp\/v2\/item?post=41093"},{"taxonomy":"product_cat","embeddable":true,"href":"https:\/\/cutismedical.shop\/et\/wp-json\/wp\/v2\/product_cat?post=41093"},{"taxonomy":"product_tag","embeddable":true,"href":"https:\/\/cutismedical.shop\/et\/wp-json\/wp\/v2\/product_tag?post=41093"}],"curies":[{"name":"wp","href":"https:\/\/api.w.org\/{rel}","templated":true}]}}