{"id":41032,"date":"2024-01-21T22:11:37","date_gmt":"2024-01-21T20:11:37","guid":{"rendered":"https:\/\/cutismedical.com\/shop\/maaratlemata\/jeuderm-my-ato-intensive-cream-50ml\/"},"modified":"2024-10-21T23:53:01","modified_gmt":"2024-10-21T21:53:01","slug":"jeuderm-my-ato-intensive-cream-50ml","status":"publish","type":"product","link":"https:\/\/cutismedical.shop\/et\/shop-es\/nahahooldus-nahatuubi-jargi\/kuiv-veetustunud-nahk\/jeuderm-my-ato-intensive-cream-50ml\/","title":{"rendered":"JeuDerm. My Ato. Intensiivne kreem 50 ml."},"content":{"rendered":"<p><strong>Peamised koostisosad:<\/strong> p\u00e4rmi bifidobakterite ens\u00fc\u00fcm l\u00fcsaat, Triple M Complex, vask-tripeptiid-1, Serilesine (atset\u00fc\u00fcl heksapeptiid-10), houthuynia cordata ekstrakt, skutelja juure ekstrakt, jaapani koptiisi juure ekstrakt, saarepuu juure ekstrakt, madala tihedusega keraamiidid, h\u00fcdrogeenitud letsitiin, skvalaan, palmitiinhape, sheav\u00f5i (karite), \u03b2-gl\u00fckaan, naatriumh\u00fcaluronaat, E-vitamiin.<\/p>\n<p><strong>N\u00e4idustused:<\/strong> kuivale ja tundlikule nahale.<\/p>\n<p><strong>Kasutamisviis:<\/strong> kanda puhastatud nahale 2 korda p\u00e4evas, vajadusel sagedamini. Masseeri kuni imendumiseni.<\/p>\n<p><strong>Pakend:<\/strong> 50 ml pudelis.<\/p>\n<p><strong>S\u00e4ilitamistingimused:<\/strong> toatemperatuuril.<\/p>\n<p><strong>K\u00f5lblikkusaeg:<\/strong> 3 aastat.<\/p>\n<p>Soovitatav kuiva naha raviks ja taastamiseks atoopilise dermatiidi, kseroosi, seborr\u00f6a dermatiidi, psoriaasi, rosaatsea ja diabeedi korral. Kiirendab naha regeneratsiooni protsessi ja taastab selle kaitsebarj\u00e4\u00e4ri, rahustab, pehmendab ja niisutab \u00e4rritunud nahka. M\u00e4rkimisv\u00e4\u00e4rselt aitab kaasa remissiooni pikenemisele.<\/p>\n<p>&nbsp;<\/p>\n","protected":false},"excerpt":{"rendered":"<p>Intensiivne taastav kreem MY ATO, terapeutiline ja prof\u00fclaktiline, on m\u00f5eldud tundlikule, \u00e4\u00e4rmiselt kuivale, karedale, l\u00f5henenud ja p\u00f5letikulisele nahale.<\/p>\n","protected":false},"featured_media":41027,"template":"","meta":{"_seopress_robots_primary_cat":"none","_seopress_titles_title":"","_seopress_titles_desc":"","_seopress_robots_index":""},"item":[2229],"product_cat":[1813,151,1849,1852,1854],"product_tag":[1882,1888],"class_list":{"0":"post-41032","1":"product","2":"type-product","3":"status-publish","4":"has-post-thumbnail","6":"item-jeuderm-et","7":"product_cat-otstarve","8":"product_cat-kreem-et","9":"product_cat-nahahooldus-nahatuubi-jargi","10":"product_cat-kuiv-veetustunud-nahk","11":"product_cat-tundlik-nahk","12":"product_tag-kuiv-veetustunud-nahk","13":"product_tag-tundlik-nahk","15":"first","16":"instock","17":"taxable","18":"shipping-taxable","19":"purchasable","20":"product-type-simple"},"_links":{"self":[{"href":"https:\/\/cutismedical.shop\/et\/wp-json\/wp\/v2\/product\/41032","targetHints":{"allow":["GET"]}}],"collection":[{"href":"https:\/\/cutismedical.shop\/et\/wp-json\/wp\/v2\/product"}],"about":[{"href":"https:\/\/cutismedical.shop\/et\/wp-json\/wp\/v2\/types\/product"}],"wp:featuredmedia":[{"embeddable":true,"href":"https:\/\/cutismedical.shop\/et\/wp-json\/wp\/v2\/media\/41027"}],"wp:attachment":[{"href":"https:\/\/cutismedical.shop\/et\/wp-json\/wp\/v2\/media?parent=41032"}],"wp:term":[{"taxonomy":"item","embeddable":true,"href":"https:\/\/cutismedical.shop\/et\/wp-json\/wp\/v2\/item?post=41032"},{"taxonomy":"product_cat","embeddable":true,"href":"https:\/\/cutismedical.shop\/et\/wp-json\/wp\/v2\/product_cat?post=41032"},{"taxonomy":"product_tag","embeddable":true,"href":"https:\/\/cutismedical.shop\/et\/wp-json\/wp\/v2\/product_tag?post=41032"}],"curies":[{"name":"wp","href":"https:\/\/api.w.org\/{rel}","templated":true}]}}