{"id":40983,"date":"2024-01-21T18:47:52","date_gmt":"2024-01-21T16:47:52","guid":{"rendered":"https:\/\/cutismedical.com\/shop\/maaratlemata\/jeuderm-lift-intense-viso-contour-110ml\/"},"modified":"2024-10-23T21:47:56","modified_gmt":"2024-10-23T19:47:56","slug":"jeuderm-lift-intense-viso-contour-110ml","status":"publish","type":"product","link":"https:\/\/cutismedical.shop\/et\/shop-es\/nahahooldus\/maskid-et-prof\/jeuderm-lift-intense-viso-contour-110ml\/","title":{"rendered":"JeuDerm. Lift Intense. Viso n\u00e4okontuur 110 ml."},"content":{"rendered":"<p><strong>Peamised koostisosad:<\/strong> SYN-AKE (Dipeptiid-diaminobut\u00fcro\u00fc\u00fcl-bens\u00fc\u00fclamiid-diatsetaat), atset\u00fc\u00fclheksapeptiid-8, tripeptiid Midi-1, pentapeptiid-19, oktapeptiid-4, oligopeptiid-9, dekapeptiid-7, h\u00fcaluroonhape, pantenool, allantoiin, gl\u00fckoolhape.<\/p>\n<p><strong>N\u00e4idustused:<\/strong> naha noore ja tervisliku v\u00e4ljan\u00e4gemise saavutamiseks v\u00f5imalikult l\u00fchikese ajaga.<\/p>\n<p><strong>Kasutamisviis:<\/strong> kandke 10 ml (20 pumbakorda) puhastatud n\u00e4o ja dekoltee nahale, jaotades maski \u00f5hukese kihina, kaasa arvatud silmade \u00fcmbrus. Umbes 5 minuti p\u00e4rast mask kuivab ja pinguldab nahka. Tunded on t\u00e4iesti valutud, kuid tunnete tugevat pinguldust ja v\u00f5imsat liftinguefekti. M\u00f5juaeg 20\u201330 minutit. Mask on kergesti sooja veega maha pestav.<\/p>\n<p><strong>Pakend:<\/strong> 110 ml pudelis.<\/p>\n<p><strong>S\u00e4ilitamistingimused:<\/strong> toatemperatuuril.<\/p>\n<p><strong>K\u00f5lblikkusaeg:<\/strong> 3 aastat.<\/p>\n<p>&nbsp;<\/p>\n","protected":false},"excerpt":{"rendered":"<p>Protseduur on loodud selleks, et anda nahale noor ja tervislik v\u00e4limus v\u00f5imalikult l\u00fchikese aja jooksul. Mask annab nahale kohese pinguldava efekti, silub kortse, \u00fchtlustab jumet ja modelleerib n\u00e4okontuuri.<\/p>\n","protected":false},"featured_media":40979,"template":"","meta":{"_seopress_robots_primary_cat":"none","_seopress_titles_title":"","_seopress_titles_desc":"","_seopress_robots_index":""},"item":[2229],"product_cat":[1813,152,1910,1919,1849,1853,1858],"product_tag":[1885,1900],"class_list":{"0":"post-40983","1":"product","2":"type-product","3":"status-publish","4":"has-post-thumbnail","6":"item-jeuderm-et","7":"product_cat-otstarve","8":"product_cat-maskid-et","9":"product_cat-nahahooldus","10":"product_cat-maskid-et-prof","11":"product_cat-nahahooldus-nahatuubi-jargi","12":"product_cat-kortsud","13":"product_cat-lotvunud-nahk","14":"product_tag-kortsud","15":"product_tag-lotvunud-nahk","17":"first","18":"instock","19":"taxable","20":"shipping-taxable","21":"purchasable","22":"product-type-simple"},"_links":{"self":[{"href":"https:\/\/cutismedical.shop\/et\/wp-json\/wp\/v2\/product\/40983","targetHints":{"allow":["GET"]}}],"collection":[{"href":"https:\/\/cutismedical.shop\/et\/wp-json\/wp\/v2\/product"}],"about":[{"href":"https:\/\/cutismedical.shop\/et\/wp-json\/wp\/v2\/types\/product"}],"wp:featuredmedia":[{"embeddable":true,"href":"https:\/\/cutismedical.shop\/et\/wp-json\/wp\/v2\/media\/40979"}],"wp:attachment":[{"href":"https:\/\/cutismedical.shop\/et\/wp-json\/wp\/v2\/media?parent=40983"}],"wp:term":[{"taxonomy":"item","embeddable":true,"href":"https:\/\/cutismedical.shop\/et\/wp-json\/wp\/v2\/item?post=40983"},{"taxonomy":"product_cat","embeddable":true,"href":"https:\/\/cutismedical.shop\/et\/wp-json\/wp\/v2\/product_cat?post=40983"},{"taxonomy":"product_tag","embeddable":true,"href":"https:\/\/cutismedical.shop\/et\/wp-json\/wp\/v2\/product_tag?post=40983"}],"curies":[{"name":"wp","href":"https:\/\/api.w.org\/{rel}","templated":true}]}}