{"id":40959,"date":"2024-01-21T17:15:26","date_gmt":"2024-01-21T15:15:26","guid":{"rendered":"https:\/\/cutismedical.com\/shop\/maaratlemata\/jeuderm-demela-molecular-peel-150ml-ph-3-4\/"},"modified":"2024-10-23T21:58:16","modified_gmt":"2024-10-23T19:58:16","slug":"jeuderm-demela-molecular-peel-150ml-ph-3-4","status":"publish","type":"product","link":"https:\/\/cutismedical.shop\/et\/shop-es\/keemilised-piilingud-et\/jeuderm-demela-molecular-peel-150ml-ph-3-4\/","title":{"rendered":"JeuDerm. Demela. Molekulaarne koorija 150 ml. (pH 3-4)"},"content":{"rendered":"<p><strong>Peamised koostisosad:<\/strong> piimhape, gl\u00fckoolhape, sidrunhape, ume-ploomi puuviljaekstrakt, aloe barbadensis ekstrakt, viirpuu puuviljaekstrakt, aas-n\u00f5iahammas ekstrakt, salits\u00fc\u00fclhape, niatsiinamiid, arbutiin<\/p>\n<p><strong>N\u00e4idustused:<\/strong> naha heledamaks muutmine<\/p>\n<p><strong>Kasutamisjuhised:<\/strong> kandke \u00f5huke kiht geeli puhastatud nahale. Loputage veega 7-10 minuti p\u00e4rast<\/p>\n<p><strong>Pakend:<\/strong> 150 ml dosaatoris<\/p>\n<p><strong>S\u00e4ilitamistingimused:<\/strong> hoida jahedas ja kuivas kohas<\/p>\n<p><strong>S\u00e4ilivusaeg:<\/strong> 3 aastat<\/p>\n<p>Tasakaalustatud valem k\u00f5rgaktiivsete hapete, peptiidide ja taimsete komponentidega stimuleerib epidermise uuenemist ilma ebamugavustunde ja k\u00f5rvaltoimeteta.<\/p>\n<p>&nbsp;<\/p>\n","protected":false},"excerpt":{"rendered":"<p>Helendav molekulaarne koorimisgeel naha kvaliteedi parandamiseks, heledamaks muutmiseks ja selle tiheduse suurendamiseks.<\/p>\n","protected":false},"featured_media":40955,"template":"","meta":{"_seopress_robots_primary_cat":"none","_seopress_titles_title":"","_seopress_titles_desc":"","_seopress_robots_index":""},"item":[2229],"product_cat":[153],"product_tag":[],"class_list":{"0":"post-40959","1":"product","2":"type-product","3":"status-publish","4":"has-post-thumbnail","6":"item-jeuderm-et","7":"product_cat-keemilised-piilingud-et","9":"first","10":"instock","11":"taxable","12":"shipping-taxable","13":"purchasable","14":"product-type-simple"},"_links":{"self":[{"href":"https:\/\/cutismedical.shop\/et\/wp-json\/wp\/v2\/product\/40959","targetHints":{"allow":["GET"]}}],"collection":[{"href":"https:\/\/cutismedical.shop\/et\/wp-json\/wp\/v2\/product"}],"about":[{"href":"https:\/\/cutismedical.shop\/et\/wp-json\/wp\/v2\/types\/product"}],"wp:featuredmedia":[{"embeddable":true,"href":"https:\/\/cutismedical.shop\/et\/wp-json\/wp\/v2\/media\/40955"}],"wp:attachment":[{"href":"https:\/\/cutismedical.shop\/et\/wp-json\/wp\/v2\/media?parent=40959"}],"wp:term":[{"taxonomy":"item","embeddable":true,"href":"https:\/\/cutismedical.shop\/et\/wp-json\/wp\/v2\/item?post=40959"},{"taxonomy":"product_cat","embeddable":true,"href":"https:\/\/cutismedical.shop\/et\/wp-json\/wp\/v2\/product_cat?post=40959"},{"taxonomy":"product_tag","embeddable":true,"href":"https:\/\/cutismedical.shop\/et\/wp-json\/wp\/v2\/product_tag?post=40959"}],"curies":[{"name":"wp","href":"https:\/\/api.w.org\/{rel}","templated":true}]}}