{"id":40932,"date":"2024-01-19T18:33:31","date_gmt":"2024-01-19T16:33:31","guid":{"rendered":"https:\/\/cutismedical.com\/shop\/maaratlemata\/jeuderm-demela-mask-black-for-white-250ml\/"},"modified":"2024-10-23T22:10:18","modified_gmt":"2024-10-23T20:10:18","slug":"jeuderm-demela-mask-black-for-white-250ml","status":"publish","type":"product","link":"https:\/\/cutismedical.shop\/et\/shop-es\/nahahooldus\/maskid-et-prof\/jeuderm-demela-mask-black-for-white-250ml\/","title":{"rendered":"JeuDerm. Demela. Must mask valge naha jaoks 250 ml."},"content":{"rendered":"<p><span style=\"color: #333333;\"><strong>Peamised koostisosad:<\/strong> Hydro-GF3 (sh-oligopeptiid-1, sh-pol\u00fcpeptiid-1, sh-pol\u00fcpeptiid-11, sh-pol\u00fcpeptiid-22), vase tripeptiid-1, sh-pol\u00fcpeptiid-7, mesipuu viljaekstrakt, jaapani kirin\u00f5gese ekstrakt, Moni cnidium ekstrakt, sojaoa ekstrakt, seesamiseemne ekstrakt, skvalaan, letsitiin, dipotassium gl\u00fcts\u00fcrrisaat, naatriumh\u00fcaluronaat, arbutiin, p\u00e4rliekstrakt, riisikliide ekstrakt, stabiliseeritud C-vitamiin, niatsiin (vit. B3)<\/span><\/p>\n<p><span style=\"color: #333333;\"><strong>Kasutamisn\u00e4idustused:<\/strong> pigmendilaikude v\u00e4hendamiseks, n\u00e4otooni heledamaks muutmiseks ja naha tiheduse suurendamiseks<\/span><\/p>\n<p><span style=\"color: #333333;\"><strong>Kasutamisjuhised:<\/strong> kandke \u00f5huke kiht maski puhastatud nahale silmade \u00fcmber, v\u00e4ltides liikuvat silmalaugu. Loputage veega 15 minuti p\u00e4rast. Sobib kasutamiseks 1-2 korda n\u00e4dalas<\/span><\/p>\n<p><span style=\"color: #333333;\"><strong>Pakend:<\/strong> 250 ml dosaatoris<\/span><\/p>\n<p><span style=\"color: #333333;\"><strong>S\u00e4ilitamistingimused:<\/strong> toatemperatuuril<\/span><\/p>\n<p><span style=\"color: #333333;\"><strong>S\u00e4ilivusaeg:<\/strong> 3 aastat<\/span><\/p>\n<p><span style=\"color: #333333;\">Patenteeritud ACELL 300 kompleks kiirendab valgendamisprotsessi, niisutab ja rahustab nahka. Unikaalne liposoomne peptiidikompleks stimuleerib aktiivselt epidermise uuenemist ja k\u00e4ivitab uue kollageeni tootmise vananemisega seotud muutuste korrigeerimiseks.<\/span><\/p>\n","protected":false},"excerpt":{"rendered":"<p><span style=\"color: #333333;\">Intensiivne must mask naha heledamaks muutmiseks, parandab naha kvaliteeti, suurendab selle tihedust ja v\u00e4hendab h\u00fcperpigmentatsiooni. Blokeerib melaniini s\u00fcnteesi ja v\u00e4hendab oluliselt tumedaid laike, aidates kaasa \u00fchtlasele nahatoonile.<\/span><\/p>\n","protected":false},"featured_media":40930,"template":"","meta":{"_seopress_robots_primary_cat":"none","_seopress_titles_title":"","_seopress_titles_desc":"","_seopress_robots_index":""},"item":[2229],"product_cat":[1813,152,1910,1919,1849,1857],"product_tag":[1897],"class_list":{"0":"post-40932","1":"product","2":"type-product","3":"status-publish","4":"has-post-thumbnail","6":"item-jeuderm-et","7":"product_cat-otstarve","8":"product_cat-maskid-et","9":"product_cat-nahahooldus","10":"product_cat-maskid-et-prof","11":"product_cat-nahahooldus-nahatuubi-jargi","12":"product_cat-pigmendilaigud","13":"product_tag-pigmendilaigud","15":"first","16":"instock","17":"taxable","18":"shipping-taxable","19":"purchasable","20":"product-type-simple"},"_links":{"self":[{"href":"https:\/\/cutismedical.shop\/et\/wp-json\/wp\/v2\/product\/40932","targetHints":{"allow":["GET"]}}],"collection":[{"href":"https:\/\/cutismedical.shop\/et\/wp-json\/wp\/v2\/product"}],"about":[{"href":"https:\/\/cutismedical.shop\/et\/wp-json\/wp\/v2\/types\/product"}],"wp:featuredmedia":[{"embeddable":true,"href":"https:\/\/cutismedical.shop\/et\/wp-json\/wp\/v2\/media\/40930"}],"wp:attachment":[{"href":"https:\/\/cutismedical.shop\/et\/wp-json\/wp\/v2\/media?parent=40932"}],"wp:term":[{"taxonomy":"item","embeddable":true,"href":"https:\/\/cutismedical.shop\/et\/wp-json\/wp\/v2\/item?post=40932"},{"taxonomy":"product_cat","embeddable":true,"href":"https:\/\/cutismedical.shop\/et\/wp-json\/wp\/v2\/product_cat?post=40932"},{"taxonomy":"product_tag","embeddable":true,"href":"https:\/\/cutismedical.shop\/et\/wp-json\/wp\/v2\/product_tag?post=40932"}],"curies":[{"name":"wp","href":"https:\/\/api.w.org\/{rel}","templated":true}]}}