{"id":40914,"date":"2024-01-19T17:18:27","date_gmt":"2024-01-19T15:18:27","guid":{"rendered":"https:\/\/cutismedical.com\/shop\/maaratlemata\/jeuderm-ala-factor-energo-toner-100ml\/"},"modified":"2024-10-23T22:14:57","modified_gmt":"2024-10-23T20:14:57","slug":"jeuderm-ala-factor-energo-toner-100ml","status":"publish","type":"product","link":"https:\/\/cutismedical.shop\/et\/shop-es\/nahahooldus-nahatuubi-jargi\/kortsud\/jeuderm-ala-factor-energo-toner-100ml\/","title":{"rendered":"JeuDerm. Ala Factor. Energo Toonija 100 ml."},"content":{"rendered":"<p><span style=\"color: #333333;\"><strong>P\u00f5hikoostisosad:<\/strong> aloe vera lehemahl, naistepuna vesi, h\u00fcdrol\u00fc\u00fcsitud gl\u00fckosaminogl\u00fckaanid, lumeseene ekstrakt, shiitake seene ekstrakt, pojengi ekstrakt, h\u00fcaluroonhape, naistepuna juureekstrakt, gl\u00fctseriin, niatsiinamiid, seesamiseemne ekstrakt, mooruspuu kooreekstrakt, sophora juureekstrakt, kaneelikooreekstrakt, India kr\u00fcsanteemi ekstrakt, rohelise tee ekstrakt, hiina k\u00fcdooniaekstrakt, aminolevuliinhape, C-vitamiin, arginiin, oligopeptiid-32<\/span><\/p>\n<p><span style=\"color: #333333;\"><strong>Kasutamisn\u00e4idustused:<\/strong> rakufunktsioonide aktiveerimiseks<\/span><\/p>\n<p><span style=\"color: #333333;\"><strong>Kasutamisjuhised:<\/strong> kandke toonik \u00fchtlaselt puhtale nahale enne kreemi pealekandmist<\/span><\/p>\n<p><span style=\"color: #333333;\"><strong>Pakend:<\/strong> 100 ml<\/span><\/p>\n<p><span style=\"color: #333333;\"><strong>S\u00e4ilitamistingimused:<\/strong> hoidke jahedas ja kuivas kohas<\/span><\/p>\n<p><span style=\"color: #333333;\"><strong>S\u00e4ilivusaeg:<\/strong> 3 aastat<\/span><\/p>\n<p><span style=\"color: #333333;\">Toonik sisaldab palju aktiivseid koostisosi, mis aitavad s\u00e4ilitada rakkude \u00f5iget toimimist. Toonija niisutab, pehmendab, rahustab ja taastab naha mikrobiomi, suurendab kaitsefunktsioone, taastab naha h\u00fcdrolipiidkihi. Peptiidide kontsentratsioon: 300 ppm.<\/span><\/p>\n","protected":false},"excerpt":{"rendered":"<p><span style=\"color: #333333;\">Multifunktsionaalne emulsioon, millel on k\u00f5rge biokeemiline aktiivsus rakuenergia stimuleerimiseks.<\/span><\/p>\n","protected":false},"featured_media":40910,"template":"","meta":{"_seopress_robots_primary_cat":"none","_seopress_titles_title":"","_seopress_titles_desc":"","_seopress_robots_index":""},"item":[2229],"product_cat":[1813,363,1849,1853,1858],"product_tag":[1885,1900],"class_list":{"0":"post-40914","1":"product","2":"type-product","3":"status-publish","4":"has-post-thumbnail","6":"item-jeuderm-et","7":"product_cat-otstarve","8":"product_cat-seerum-et","9":"product_cat-nahahooldus-nahatuubi-jargi","10":"product_cat-kortsud","11":"product_cat-lotvunud-nahk","12":"product_tag-kortsud","13":"product_tag-lotvunud-nahk","15":"first","16":"instock","17":"taxable","18":"shipping-taxable","19":"purchasable","20":"product-type-simple"},"_links":{"self":[{"href":"https:\/\/cutismedical.shop\/et\/wp-json\/wp\/v2\/product\/40914","targetHints":{"allow":["GET"]}}],"collection":[{"href":"https:\/\/cutismedical.shop\/et\/wp-json\/wp\/v2\/product"}],"about":[{"href":"https:\/\/cutismedical.shop\/et\/wp-json\/wp\/v2\/types\/product"}],"wp:featuredmedia":[{"embeddable":true,"href":"https:\/\/cutismedical.shop\/et\/wp-json\/wp\/v2\/media\/40910"}],"wp:attachment":[{"href":"https:\/\/cutismedical.shop\/et\/wp-json\/wp\/v2\/media?parent=40914"}],"wp:term":[{"taxonomy":"item","embeddable":true,"href":"https:\/\/cutismedical.shop\/et\/wp-json\/wp\/v2\/item?post=40914"},{"taxonomy":"product_cat","embeddable":true,"href":"https:\/\/cutismedical.shop\/et\/wp-json\/wp\/v2\/product_cat?post=40914"},{"taxonomy":"product_tag","embeddable":true,"href":"https:\/\/cutismedical.shop\/et\/wp-json\/wp\/v2\/product_tag?post=40914"}],"curies":[{"name":"wp","href":"https:\/\/api.w.org\/{rel}","templated":true}]}}