{"id":40902,"date":"2024-01-19T16:59:13","date_gmt":"2024-01-19T14:59:13","guid":{"rendered":"https:\/\/cutismedical.com\/shop\/maaratlemata\/jeuderm-ala-factor-energo-emulsion-100ml\/"},"modified":"2024-10-23T22:21:32","modified_gmt":"2024-10-23T20:21:32","slug":"jeuderm-ala-factor-energo-emulsion-100ml","status":"publish","type":"product","link":"https:\/\/cutismedical.shop\/et\/shop-es\/nahahooldus\/seerum-et-prof\/jeuderm-ala-factor-energo-emulsion-100ml\/","title":{"rendered":"JeuDerm. Ala Factor. Energo Emulsioon 100 ml."},"content":{"rendered":"<p><span style=\"color: #333333;\"><strong>P\u00f5hikoostisosad:<\/strong> oligopeptiid-32, aminolevuliinhape, askorbiinhape, adenosiin, gl\u00fctseriin, uurea, p\u00e4rmi aminohapped, trehaloos, algiin, niatsiinamiid, naatriumh\u00fcaloronaat, aloe barbadensis&#8217;e lehe mahl, kaneelipuu kooreekstrakt, India kr\u00fcsanteelli ekstrakt, camellia sinensis&#8217;e leheekstrakt, printsesskoirohu leheekstrakt, hurma leheekstrakt, Hiina k\u00fcdoonia viljaekstrakt, lakitud ganoderma (seen) ekstrakt, matsutake trihholooma ekstrakt, linaseemne fellinuse ekstrakt, allantoiin, tokofer\u00fc\u00fclatsetaat<\/span><\/p>\n<p><span style=\"color: #333333;\"><strong>Kasutamisn\u00e4idustused:<\/strong> rakulise energia stimuleerimiseks<\/span><\/p>\n<p><span style=\"color: #333333;\"><strong>Kasutamisjuhised:<\/strong> kandke vajalik kogus emulsiooni puhastatud nahale hommikul ja \u00f5htul. Masseerige kuni t\u00e4ieliku imendumiseni<\/span><\/p>\n<p><span style=\"color: #333333;\"><strong>Pakend:<\/strong> 100 ml<\/span><\/p>\n<p><span style=\"color: #333333;\"><strong>S\u00e4ilitamistingimused:<\/strong> hoidke jahedas, kuivas kohas<\/span><\/p>\n<p><span style=\"color: #333333;\"><strong>S\u00e4ilivusaeg:<\/strong> 3 aastat<\/span><\/p>\n<p><span style=\"color: #333333;\">Multifunktsionaalne emulsioon, millel on k\u00f5rge biokeemiline aktiivsus rakuenergia stimuleerimiseks. 5-ALA ja peptiidid optimeerivad rakufunktsioone, suurendavad rakkude adaptiivseid ressursse, mille tulemuseks on naha v\u00e4ljan\u00e4gemise m\u00e4rkimisv\u00e4\u00e4rne paranemine. Peptiidide kontsentratsioon: 700 ppm.<\/span><\/p>\n","protected":false},"excerpt":{"rendered":"<p><span style=\"color: #333333;\">Multifunktsionaalne emulsioon rakuenergia stimuleerimiseks k\u00f5rge biokeemilise aktiivsusega.<\/span><\/p>\n","protected":false},"featured_media":40900,"template":"","meta":{"_seopress_robots_primary_cat":"none","_seopress_titles_title":"","_seopress_titles_desc":"","_seopress_robots_index":""},"item":[2229],"product_cat":[1813,363,1910,1931,1849,1853,1858],"product_tag":[1885,1900],"class_list":{"0":"post-40902","1":"product","2":"type-product","3":"status-publish","4":"has-post-thumbnail","6":"item-jeuderm-et","7":"product_cat-otstarve","8":"product_cat-seerum-et","9":"product_cat-nahahooldus","10":"product_cat-seerum-et-prof","11":"product_cat-nahahooldus-nahatuubi-jargi","12":"product_cat-kortsud","13":"product_cat-lotvunud-nahk","14":"product_tag-kortsud","15":"product_tag-lotvunud-nahk","17":"first","18":"instock","19":"taxable","20":"shipping-taxable","21":"purchasable","22":"product-type-simple"},"_links":{"self":[{"href":"https:\/\/cutismedical.shop\/et\/wp-json\/wp\/v2\/product\/40902","targetHints":{"allow":["GET"]}}],"collection":[{"href":"https:\/\/cutismedical.shop\/et\/wp-json\/wp\/v2\/product"}],"about":[{"href":"https:\/\/cutismedical.shop\/et\/wp-json\/wp\/v2\/types\/product"}],"wp:featuredmedia":[{"embeddable":true,"href":"https:\/\/cutismedical.shop\/et\/wp-json\/wp\/v2\/media\/40900"}],"wp:attachment":[{"href":"https:\/\/cutismedical.shop\/et\/wp-json\/wp\/v2\/media?parent=40902"}],"wp:term":[{"taxonomy":"item","embeddable":true,"href":"https:\/\/cutismedical.shop\/et\/wp-json\/wp\/v2\/item?post=40902"},{"taxonomy":"product_cat","embeddable":true,"href":"https:\/\/cutismedical.shop\/et\/wp-json\/wp\/v2\/product_cat?post=40902"},{"taxonomy":"product_tag","embeddable":true,"href":"https:\/\/cutismedical.shop\/et\/wp-json\/wp\/v2\/product_tag?post=40902"}],"curies":[{"name":"wp","href":"https:\/\/api.w.org\/{rel}","templated":true}]}}