{"id":40871,"date":"2024-01-17T20:13:43","date_gmt":"2024-01-17T18:13:43","guid":{"rendered":"https:\/\/cutismedical.com\/shop\/maaratlemata\/jeuderm-adaptive-skin-probio-cream-50ml\/"},"modified":"2024-10-23T22:26:06","modified_gmt":"2024-10-23T20:26:06","slug":"jeuderm-adaptive-skin-probio-cream-50ml","status":"publish","type":"product","link":"https:\/\/cutismedical.shop\/et\/shop-es\/nahahooldus-nahatuubi-jargi\/akne-post-akne\/jeuderm-adaptive-skin-probio-cream-50ml\/","title":{"rendered":"JeuDerm. Adaptive. Skin Probio Cream 50 ml."},"content":{"rendered":"<p><span style=\"color: #333333;\"><strong>P\u00f5hikoostisosad:<\/strong> Wrinkle-Free J316\u2122, Triple M Complex\u2122, beetagl\u00fckaan, vase-1 tripeptiid, p\u00fchade lehtede fermentatsiooniekstrakt (Saccharomyces Mistletoe), riisi fermentatsiooniekstrakt (aspergillus), soja fermentatsiooniekstrakt (lactobacillus), imperata fermentatsiooniekstrakt (saccharomyces)<\/span><\/p>\n<p><span style=\"color: #333333;\"><strong>Kasutamisn\u00e4idustused:<\/strong> naha barj\u00e4\u00e4ri taastamiseks, naha immuunsuse stabiliseerimiseks ja keskkonnam\u00f5jude eest kaitsmiseks<\/span><\/p>\n<p><span style=\"color: #333333;\"><strong>Kasutamisjuhised:<\/strong> kandke kreem n\u00e4ole ja kaelale, masseerige kuni imendumiseni. Kasutada 2 korda p\u00e4evas, hommikul ja \u00f5htul.<\/span><\/p>\n<p><span style=\"color: #333333;\"><strong>Pakend:<\/strong> 50 ml pudelis<\/span><\/p>\n<p><span style=\"color: #333333;\"><strong>S\u00e4ilitamistingimused:<\/strong> toatemperatuuril<\/span><\/p>\n<p><span style=\"color: #333333;\"><strong>S\u00e4ilivusaeg:<\/strong> 3 aastat<\/span><\/p>\n<p><span style=\"color: #333333;\">Niisutab, pehmendab, rahustab ja taastab naha mikrobioomi, parandab kaitsefunktsioone ja s\u00e4ilitab optimaalse pH taseme. Sobib k\u00f5igile nahat\u00fc\u00fcpidele. Peptiidide kontsentratsioon: 200 ppm, beetagl\u00fckaani: 2500 ppm, prebiootikume: 500 ppm.<\/span><\/p>\n","protected":false},"excerpt":{"rendered":"<p><span style=\"color: #333333;\">Adaptive probio-kreem, mis p\u00f5hineb ainulaadsel prebiootikumide kompleksil ja on rikastatud suure beetagl\u00fckaani kontsentratsiooniga, stabiliseerib naha mikrofloorat, on m\u00f5eldud naha barj\u00e4\u00e4ri taastamiseks, naha immuunsuse stabiliseerimiseks ja kaitsmiseks keskkonnam\u00f5jude eest.\u00a0<\/span><\/p>\n","protected":false},"featured_media":40867,"template":"","meta":{"_seopress_robots_primary_cat":"none","_seopress_titles_title":"","_seopress_titles_desc":"","_seopress_robots_index":""},"item":[2229],"product_cat":[1813,151,1849,1850,1851,1852,1853,1854,1855,1856,1857,1858,1859],"product_tag":[1876,1885,1882,1891,1900,1897,1879,1888,1958],"class_list":{"0":"post-40871","1":"product","2":"type-product","3":"status-publish","4":"has-post-thumbnail","6":"item-jeuderm-et","7":"product_cat-otstarve","8":"product_cat-kreem-et","9":"product_cat-nahahooldus-nahatuubi-jargi","10":"product_cat-akne-post-akne","11":"product_cat-rasune-ja-probleemne-nahk","12":"product_cat-kuiv-veetustunud-nahk","13":"product_cat-kortsud","14":"product_cat-tundlik-nahk","15":"product_cat-kuperoos-ja-rosaatsea","16":"product_cat-turse","17":"product_cat-pigmendilaigud","18":"product_cat-lotvunud-nahk","19":"product_cat-laienenud-poorid-ja-mustpead","20":"product_tag-akne-post-akne","21":"product_tag-kortsud","22":"product_tag-kuiv-veetustunud-nahk","23":"product_tag-kuperoos-ja-rosaatsea","24":"product_tag-lotvunud-nahk","25":"product_tag-pigmendilaigud","26":"product_tag-rasune-ja-probleemne-nahk","27":"product_tag-tundlik-nahk","28":"product_tag-turse","30":"first","31":"instock","32":"taxable","33":"shipping-taxable","34":"purchasable","35":"product-type-simple"},"_links":{"self":[{"href":"https:\/\/cutismedical.shop\/et\/wp-json\/wp\/v2\/product\/40871","targetHints":{"allow":["GET"]}}],"collection":[{"href":"https:\/\/cutismedical.shop\/et\/wp-json\/wp\/v2\/product"}],"about":[{"href":"https:\/\/cutismedical.shop\/et\/wp-json\/wp\/v2\/types\/product"}],"wp:featuredmedia":[{"embeddable":true,"href":"https:\/\/cutismedical.shop\/et\/wp-json\/wp\/v2\/media\/40867"}],"wp:attachment":[{"href":"https:\/\/cutismedical.shop\/et\/wp-json\/wp\/v2\/media?parent=40871"}],"wp:term":[{"taxonomy":"item","embeddable":true,"href":"https:\/\/cutismedical.shop\/et\/wp-json\/wp\/v2\/item?post=40871"},{"taxonomy":"product_cat","embeddable":true,"href":"https:\/\/cutismedical.shop\/et\/wp-json\/wp\/v2\/product_cat?post=40871"},{"taxonomy":"product_tag","embeddable":true,"href":"https:\/\/cutismedical.shop\/et\/wp-json\/wp\/v2\/product_tag?post=40871"}],"curies":[{"name":"wp","href":"https:\/\/api.w.org\/{rel}","templated":true}]}}