{"id":40805,"date":"2024-01-12T21:07:28","date_gmt":"2024-01-12T19:07:28","guid":{"rendered":"https:\/\/cutismedical.com\/shop\/maaratlemata\/jeuderm-polycaprolactone-ultra-v-2ml-1pc\/"},"modified":"2024-10-23T23:02:00","modified_gmt":"2024-10-23T21:02:00","slug":"jeuderm-polycaprolactone-ultra-v-2ml-1pc","status":"publish","type":"product","link":"https:\/\/cutismedical.shop\/et\/shop-es\/mesoteraapia-et\/mesotherapy-for-eyes-et\/jeuderm-polycaprolactone-ultra-v-2ml-1pc\/","title":{"rendered":"JeuDerm. Polycaprolactone Ultra V (2 ml.*1 tk.)"},"content":{"rendered":"<p><span style=\"color: #333333;\"><strong>P\u00f5hikoostisosad:<\/strong> h\u00fcbriidt\u00e4iteaine PCL (20%) + HA + botuliinipeptiid<\/span><\/p>\n<p><span style=\"color: #333333;\"><strong>Kasutamisn\u00e4idustused:<\/strong> laubakortsud, \u201ekanavarbad\u201c, nasolabiaalsed voldid, silmaalused kotid; m\u00f5eldud kollageeni tootmise stimuleerimiseks ja kohese pinguldava efekti saavutamiseks<\/span><\/p>\n<p><span style=\"color: #333333;\"><strong>Kasutamisviis:<\/strong> vastavalt protokollile<\/span><\/p>\n<p><span style=\"color: #333333;\"><strong>Pakend:<\/strong> 2 ml viaalis<\/span><\/p>\n<p><span style=\"color: #333333;\"><strong>S\u00e4ilitamistingimused:<\/strong> toatemperatuuril<\/span><\/p>\n<p><span style=\"color: #333333;\"><strong>S\u00e4ilivusaeg:<\/strong> 2 aastat<\/span><\/p>\n<p><span style=\"color: #333333;\">Polycaprolactone Ultra V on v\u00f5imas uue p\u00f5lvkonna kollageenibiostimulaator ja pehmete kudede t\u00e4iteaine, mis suudab p\u00f5hjustada neokollageneesi. Lisaks sellele toetavad selle efektiivsust, kestvust ja ohutust arvukad teadusuuringud (resorbeeruv, biokompatibiline ja biolagunev pol\u00fcmeer, ohutu inimestele). Selle difusiooniv\u00f5ime on t\u00e4iesti erinev teistest k\u00f5rge pol\u00fcmeerisisaldusega toodetest. Olemasolevad tooted ei ole t\u00e4ielikult vedelad. Need koosnevad k\u00f5rge pol\u00fcmeeri (nt PCL ja PLLA) pulbrisegust vedela soolalahuse v\u00f5i CMC-geeliga. Selle tulemusena ei saa need kogu n\u00e4ole \u00fchtlaselt levida. Need v\u00f5ivad toimida ainult lokaalselt t\u00f6\u00f6deldud piirkonnas. ULTRA V on esimene t\u00e4iesti vedel s\u00fcstitav PCL, mida saab kasutada kogu n\u00e4ol. Erinevalt teistest turul olevatest PCL-toodetest moodustab see dermali t\u00e4iteaine ulatusliku kolmem\u00f5\u00f5tmelise maatriksi, mis v\u00f5imaldab PCL-il kauem kehas p\u00fcsida ja jaotuda radiaalselt, et katta suuremat nahapinda.<\/span><\/p>\n<hr \/>\n<p><span style=\"color: #333333;\">JeuDerm on professionaalne edasij\u00f5udnud meditsiiniline nahahooldussari, mis p\u00f5hineb moodsa biotehnoloogia teadmistel L\u00f5una-Koreast.<\/span><\/p>\n<p><span style=\"color: #333333;\">JeuDermi nahahooldussari h\u00f5lmab laia valikut tooteid paljude nahaprobleemide, n\u00e4iteks akne, atoopilise dermatiidi, rosaatsea, vananemise, juuste v\u00e4ljalangemise jms vastu.<\/span><\/p>\n<p><span style=\"color: #333333;\">JeuDermi tooted on nii ravivad kui ka ennetavad. Kosmeetikud, dermatoloogid ja nahahoolduse spetsialistid m\u00e4\u00e4ravad neid meditsiinilistes kliinikutes ja haiglates.<\/span><\/p>\n<p><span style=\"color: #333333;\">K\u00f5ik JeuDermi nahahooldustoodete valemid t\u00f6\u00f6tavad v\u00e4lja biokeemikute, kosmeetikute ja dermatoloogide teadusr\u00fchmad.<\/span><\/p>\n<p><span style=\"color: #333333;\">JeuDerm on kogu maailmas tunnustatud kaubam\u00e4rk.<\/span><\/p>\n","protected":false},"excerpt":{"rendered":"<p><span style=\"color: #333333;\">ULTRA V on ainulaadne vedel Polycaprolactone, mis p\u00f5hineb biolaguneval ja biokompatibilisel pol\u00fcmeeril, kasutades k\u00f5rgtehnoloogiat, mis kiirendab t\u00fcvirakkude uuenemist ja kollageenide tootmist.<\/span><\/p>\n","protected":false},"featured_media":40803,"template":"","meta":{"_seopress_robots_primary_cat":"none","_seopress_titles_title":"","_seopress_titles_desc":"","_seopress_robots_index":""},"item":[2229],"product_cat":[155,1188,1122,1865,1866,315],"product_tag":[],"class_list":{"0":"post-40805","1":"product","2":"type-product","3":"status-publish","4":"has-post-thumbnail","6":"item-jeuderm-et","7":"product_cat-mesoteraapia-et","8":"product_cat-nagu-et","9":"product_cat-mesotherapy-for-eyes-et","10":"product_cat-tugevdamine-naha-pinguldamine","11":"product_cat-liftingu-efekt-pinguldav-toime","12":"product_cat-biorevitalisant-et","14":"first","15":"instock","16":"taxable","17":"shipping-taxable","18":"purchasable","19":"product-type-simple"},"_links":{"self":[{"href":"https:\/\/cutismedical.shop\/et\/wp-json\/wp\/v2\/product\/40805","targetHints":{"allow":["GET"]}}],"collection":[{"href":"https:\/\/cutismedical.shop\/et\/wp-json\/wp\/v2\/product"}],"about":[{"href":"https:\/\/cutismedical.shop\/et\/wp-json\/wp\/v2\/types\/product"}],"wp:featuredmedia":[{"embeddable":true,"href":"https:\/\/cutismedical.shop\/et\/wp-json\/wp\/v2\/media\/40803"}],"wp:attachment":[{"href":"https:\/\/cutismedical.shop\/et\/wp-json\/wp\/v2\/media?parent=40805"}],"wp:term":[{"taxonomy":"item","embeddable":true,"href":"https:\/\/cutismedical.shop\/et\/wp-json\/wp\/v2\/item?post=40805"},{"taxonomy":"product_cat","embeddable":true,"href":"https:\/\/cutismedical.shop\/et\/wp-json\/wp\/v2\/product_cat?post=40805"},{"taxonomy":"product_tag","embeddable":true,"href":"https:\/\/cutismedical.shop\/et\/wp-json\/wp\/v2\/product_tag?post=40805"}],"curies":[{"name":"wp","href":"https:\/\/api.w.org\/{rel}","templated":true}]}}