{"id":40797,"date":"2024-01-12T15:59:34","date_gmt":"2024-01-12T13:59:34","guid":{"rendered":"https:\/\/cutismedical.com\/shop\/maaratlemata\/jeuderm-birevitalizant-crystal-pdrn-5ml-5pcs\/"},"modified":"2024-10-23T23:10:36","modified_gmt":"2024-10-23T21:10:36","slug":"jeuderm-birevitalizant-crystal-pdrn-5ml-5pcs","status":"publish","type":"product","link":"https:\/\/cutismedical.shop\/et\/shop-es\/biorevitalisant-et\/jeuderm-birevitalizant-crystal-pdrn-5ml-5pcs\/","title":{"rendered":"JeuDerm. Birevitalizant Crystal PDRN (5 ml.*5 tk.)"},"content":{"rendered":"<p><span style=\"color: #333333;\"><strong>P\u00f5hikoostisosad:<\/strong> Naatrium-DNA, Palmito\u00fc\u00fcl Tripeptiid-5, Vask Tripeptiid-1, Oktapeptiid-7, Atset\u00fc\u00fcl Heksapeptiid-8, Galloyl Pentapeptiid-33, Biotinoyl Tripeptiid-1, Nikotinoyl Tripeptiid-1, sh-pentapeptiid-19, sh-oligopeptiid-9, sh-oktapep tiid-4, sh-dekapeptiid-7, sh-dekapeptiid-9, sh-oligopeptiid-1, sh-oligopeptiid-2, sh-pol\u00fcpeptiid-8, sh-pol\u00fcpeptiid-59, sh-pol\u00fcpeptiid-1, sh-pol\u00fcpeptiid-62, sh-pol\u00fcpeptiid-3, sh-pol\u00fcpeptiid-9, sh-pol\u00fcpeptiid-60, sh-pol\u00fcpeptiid-51, sh-pol\u00fcpeptiid-43, sh-pol\u00fcpeptiid-22, sh-pol\u00fcpeptiid-11, valiin, treoniin, proliin, l\u00fcsiin, gl\u00fctsiin, histidiin, ts\u00fcsteiin, alaniin, glutatioon, glutamiin, seriin, t\u00fcrosiin, arginiin, glutamiinhape, leutsiin, naatriumkloriid, tsinkgl\u00fckonaat, magneesium, kaltsiumgl\u00fckonaat, naatriumas kory\u00fcl fosfaat, vasegl\u00fckonaat, r\u00e4nidioksiid, naatriumh\u00fcaluronaat, h\u00fcdrol\u00fc\u00fcsitud h\u00fcaluroonhape, h\u00fcaluroonhape, h\u00fcdrol\u00fc\u00fcsitud kollageen, pantenool, adenosiin, biotiin, niatsiinamiid, tokoferoolatsetaat<\/span><\/p>\n<p><span style=\"color: #333333;\"><strong>Kasutamisn\u00e4idustused:<\/strong> naha h\u00fcperpigmenteeritud piirkondade helendamine ja uute ebat\u00e4psuste tekkimise ennetamine n\u00e4ol ja kehal<\/span><\/p>\n<p><span style=\"color: #333333;\"><strong>Kasutamisviis:<\/strong><\/span><\/p>\n<ol>\n<li><span style=\"color: #333333;\">Kandke ampulli sisu n\u00e4ole ja kasutage mesorollerit v\u00f5i fraktsioonilist mesoteraapiat.<\/span><\/li>\n<li><span style=\"color: #333333;\">V\u00f5ib kasutada ka nahasisesteks s\u00fcstideks. Soovitatav kuur on 3\u20135 protseduuri kahe n\u00e4dala pikkuste vahedega. Protseduuride kuur v\u00f5ib varieeruda s\u00f5ltuvalt patsiendi naha seisundist<\/span><\/li>\n<\/ol>\n<p> <span style=\"color: #333333;\"><strong>Pakend:<\/strong> 5 ml x 5 viaali<\/span><br \/>\n<span style=\"color: #333333;\"><strong>S\u00e4ilitamistingimused:<\/strong> toatemperatuuril<\/span><\/p>\n<p><span style=\"color: #333333;\"><strong>S\u00e4ilivusaeg:<\/strong> 3 aastat<\/span><\/p>\n<p><span style=\"color: #333333;\">Birevitalizant Crystal PDRN on ainulaadne steriilne mesokokteil, mis sisaldab rikkalikult k\u00f5rgetehnoloogilisi koostisosi aktiivseks naha noorendamiseks ja valgendamiseks. Naatrium-DNA, peptiidide ja vitamiinide k\u00f5rge kontsentratsioon soodustab kollageeni ja elastiini s\u00fcnteesi, niisutab ja ennetab naha vananemist. Aktiivsete koostisosade s\u00fcnergiline toime: pol\u00fcnukleotiidid, 7 t\u00fc\u00fcpi peptiide, 18 t\u00fc\u00fcpi EGF-i, 15 t\u00fc\u00fcpi aminohappeid, 7 mineraali, 3 t\u00fc\u00fcpi h\u00fcaluroonhappeid, vitamiinid ja happed parandavad naha loomulikku s\u00e4ra ja niiskustaset.<\/span><\/p>\n<hr \/>\n<p><span style=\"color: #333333;\">JeuDerm\u00a0on professionaalne, k\u00f5rgtehnoloogiatel p\u00f5hinev meditsiiniline nahahooldus L\u00f5una-Koreast.<\/span><\/p>\n<p><span style=\"color: #333333;\">JeuDerm\u00a0nahahooldussari h\u00f5lmab laia valikut tooteid, mis on m\u00f5eldud erinevate nahaprobleemide, n\u00e4iteks akne, atoopilise dermatiidi, rosaatsea, vananemise ja juuste v\u00e4ljalangemise raviks.<\/span><\/p>\n<p><span style=\"color: #333333;\">JeuDerm\u00a0nahahooldustooted on ravitoimega ja ennetava toimega. Neid m\u00e4\u00e4ravad kosmeetikud, dermatoloogid ja naha spetsialistid meditsiinilistes kliinikutes ja haiglates.<\/span><\/p>\n<p><span style=\"color: #333333;\">K\u00f5ik JeuDerm nahahooldustoodete valemid t\u00f6\u00f6tatakse v\u00e4lja biokeemikute, kosmeetikute ja dermatoloogide teadlaste r\u00fchma poolt.<\/span><\/p>\n<p><span style=\"color: #333333;\">JeuDerm\u00a0on \u00fclemaailmselt tunnustatud br\u00e4nd.<\/span><\/p>\n","protected":false},"excerpt":{"rendered":"<h4><span style=\"color: #ed1c24;\"><strong>Ei ole mu\u0308u\u0308giks ELis!<\/strong><\/span><\/h4>\n<p><span style=\"color: #333333;\">Crystal PDRN on ainulaadne steriilne mesokokteil, mis sisaldab rikkalikult k\u00f5rgetehnoloogilisi koostisosi aktiivseks naha noorendamiseks ja valgendamiseks. Naatrium-DNA, peptiidide ja vitamiinide k\u00f5rge kontsentratsioon soodustab kollageeni ja elastiini s\u00fcnteesi, niisutab ja ennetab naha vananemist.<\/span><\/p>\n","protected":false},"featured_media":40789,"template":"","meta":{"_seopress_robots_primary_cat":"none","_seopress_titles_title":"","_seopress_titles_desc":"","_seopress_robots_index":""},"item":[2229],"product_cat":[315],"product_tag":[],"class_list":{"0":"post-40797","1":"product","2":"type-product","3":"status-publish","4":"has-post-thumbnail","6":"item-jeuderm-et","7":"product_cat-biorevitalisant-et","9":"first","10":"instock","11":"taxable","12":"shipping-taxable","13":"purchasable","14":"product-type-simple"},"_links":{"self":[{"href":"https:\/\/cutismedical.shop\/et\/wp-json\/wp\/v2\/product\/40797","targetHints":{"allow":["GET"]}}],"collection":[{"href":"https:\/\/cutismedical.shop\/et\/wp-json\/wp\/v2\/product"}],"about":[{"href":"https:\/\/cutismedical.shop\/et\/wp-json\/wp\/v2\/types\/product"}],"wp:featuredmedia":[{"embeddable":true,"href":"https:\/\/cutismedical.shop\/et\/wp-json\/wp\/v2\/media\/40789"}],"wp:attachment":[{"href":"https:\/\/cutismedical.shop\/et\/wp-json\/wp\/v2\/media?parent=40797"}],"wp:term":[{"taxonomy":"item","embeddable":true,"href":"https:\/\/cutismedical.shop\/et\/wp-json\/wp\/v2\/item?post=40797"},{"taxonomy":"product_cat","embeddable":true,"href":"https:\/\/cutismedical.shop\/et\/wp-json\/wp\/v2\/product_cat?post=40797"},{"taxonomy":"product_tag","embeddable":true,"href":"https:\/\/cutismedical.shop\/et\/wp-json\/wp\/v2\/product_tag?post=40797"}],"curies":[{"name":"wp","href":"https:\/\/api.w.org\/{rel}","templated":true}]}}