{"id":40673,"date":"2023-12-19T15:35:32","date_gmt":"2023-12-19T13:35:32","guid":{"rendered":"https:\/\/cutismedical.com\/shop\/maaratlemata\/p-i-peptide-introlypolise-lipolytic-10pcs-2ml\/"},"modified":"2024-10-23T23:18:51","modified_gmt":"2024-10-23T21:18:51","slug":"p-i-peptide-introlypolise-lipolytic-10pcs-2ml","status":"publish","type":"product","link":"https:\/\/cutismedical.shop\/et\/shop-es\/mesoteraapia-et\/body-mesotherapy-et\/p-i-peptide-introlypolise-lipolytic-10pcs-2ml\/","title":{"rendered":"P.I. (Peptide Introlypolise) \/ Lipol\u00fc\u00fctiline (10 tk.*2 ml)"},"content":{"rendered":"<p><strong>P\u00f5hikoostisosad:<\/strong> peptiidikompleks, lipoblokaatorite s\u00fcsteem, looduslikud soolad, lumbago ekstrakt, bFGF, kastani ekstrakt.<\/p>\n<p><strong>Kasutusn\u00e4idustused:<\/strong> rasva v\u00e4hendamine n\u00e4o keskosas (nasolabiaalkurru kohal), nahaaluse rasva mahu v\u00e4hendamine n\u00e4o alumises osas, rasva v\u00e4hendamine submentaalses piirkonnas (l\u00f5uad ja topeltl\u00f5ug), ninaotsa mahu v\u00e4hendamine. Kasutatakse deformatsioonide ja segat\u00fc\u00fcpi morfoloogiliste t\u00fc\u00fcpide korral, millel on v\u00e4ljendunud gravitatsiooniline ptoos 1-3 kraadi.<\/p>\n<p><strong>Kasutusviis:<\/strong> optimaalse efekti saavutamiseks on soovitatav teha 3-4 protseduuri 2-4 n\u00e4dala tagant.<\/p>\n<p><strong>S\u00e4ilitamistingimused:<\/strong> toatemperatuuril.<\/p>\n<p><strong>S\u00e4ilivusaeg:<\/strong> 2 aastat.<\/p>\n<p>Kollageeni stimuleeriv lipol\u00fc\u00fctiline seerum P.I on patenteeritud peptiidikompleks rasvarakkude \u201ckuivatamiseks\u201d. K\u00e4ivitab mitokondrite poolt rasvap\u00f5letusprotsessi kiirendatud viisil adipots\u00fc\u00fctides, lipoblokaatorite s\u00fcsteem &#8211; signaalpeptiidid &#8211; kontrollib lipogeneesi, looduslikud soolad tagavad transpordifunktsioonid ja vee-elektrol\u00fc\u00fctide tasakaalu, lumbago ekstrakt p\u00e4rsib adipogeneesi ja omab tugevat p\u00f5letikuvastast toimet, bFGF stimuleerib fibroblastide s\u00fcnteesiv\u00f5imet ja peamiste rakuv\u00e4lise maatriksi komponentide tootmist, kastani ekstrakt stimuleerib kollageeni tootmist, parandab mikrotsirkulatsiooni, l\u00fcmfidrenaa\u017ei ja k\u00f5rvaldab turset. Preparaat siseneb kiiresti otse rasvarakkudesse, taastab h\u00e4iritud mikrotsirkulatsiooni ja l\u00fcmfivoolu, k\u00e4ivitab lipol\u00fc\u00fcsi protsessi adipots\u00fc\u00fctides, stimuleerib neokollageenogeneesi, suheldes ainult kindlate retseptoritega, ilma et see m\u00f5jutaks teisi rakke ja retseptoreid.<\/p>\n","protected":false},"excerpt":{"rendered":"<h4><span style=\"color: #ed1c24;\"><strong>Ei ole mu\u0308u\u0308giks ELis!<\/strong><\/span><\/h4>\n<p>Kollageeni stimuleeriv lipol\u00fc\u00fctiline seerum P.I on patenteeritud peptiidikompleks rasvarakkude \u201ckuivatamiseks\u201d. Rasvapakkide mahu v\u00e4hendamine saavutatakse s\u00e4ilitades rakkude eluj\u00f5ulisuse &#8211; adipots\u00fc\u00fcdid ei l\u00e4bi apoptoosi.<\/p>\n","protected":false},"featured_media":40670,"template":"","meta":{"_seopress_robots_primary_cat":"none","_seopress_titles_title":"","_seopress_titles_desc":"","_seopress_robots_index":""},"item":[2053],"product_cat":[155,1131],"product_tag":[],"class_list":{"0":"post-40673","1":"product","2":"type-product","3":"status-publish","4":"has-post-thumbnail","6":"item-p-i-peptide-introlypolise-et","7":"product_cat-mesoteraapia-et","8":"product_cat-body-mesotherapy-et","10":"first","11":"instock","12":"taxable","13":"shipping-taxable","14":"purchasable","15":"product-type-simple"},"_links":{"self":[{"href":"https:\/\/cutismedical.shop\/et\/wp-json\/wp\/v2\/product\/40673","targetHints":{"allow":["GET"]}}],"collection":[{"href":"https:\/\/cutismedical.shop\/et\/wp-json\/wp\/v2\/product"}],"about":[{"href":"https:\/\/cutismedical.shop\/et\/wp-json\/wp\/v2\/types\/product"}],"wp:featuredmedia":[{"embeddable":true,"href":"https:\/\/cutismedical.shop\/et\/wp-json\/wp\/v2\/media\/40670"}],"wp:attachment":[{"href":"https:\/\/cutismedical.shop\/et\/wp-json\/wp\/v2\/media?parent=40673"}],"wp:term":[{"taxonomy":"item","embeddable":true,"href":"https:\/\/cutismedical.shop\/et\/wp-json\/wp\/v2\/item?post=40673"},{"taxonomy":"product_cat","embeddable":true,"href":"https:\/\/cutismedical.shop\/et\/wp-json\/wp\/v2\/product_cat?post=40673"},{"taxonomy":"product_tag","embeddable":true,"href":"https:\/\/cutismedical.shop\/et\/wp-json\/wp\/v2\/product_tag?post=40673"}],"curies":[{"name":"wp","href":"https:\/\/api.w.org\/{rel}","templated":true}]}}