{"id":40664,"date":"2023-12-19T15:08:41","date_gmt":"2023-12-19T13:08:41","guid":{"rendered":"https:\/\/cutismedical.com\/shop\/maaratlemata\/light-fit-lipolytic-10pcs-2ml\/"},"modified":"2024-10-23T23:22:21","modified_gmt":"2024-10-23T21:22:21","slug":"light-fit-lipolytic-10pcs-2ml__trashed","status":"publish","type":"product","link":"https:\/\/cutismedical.shop\/et\/shop-es\/mesoteraapia-et\/body-mesotherapy-et\/light-fit-lipolytic-10pcs-2ml__trashed\/","title":{"rendered":"Light Fit \/ Lipol\u00fc\u00fctiline (10 tk.*2 ml)"},"content":{"rendered":"<p><span style=\"color: #333333;\">See toimib, stimuleerides veresoonte ja l\u00fcmfis\u00fcsteemi funktsioone, et normaliseerida ainevahetusprotsessi. See lipol\u00fc\u00fctiline lahus kasutab esmaklassilisi tooraineid, et pakkuda parimat tulemust.<\/span><\/p>\n<p><span style=\"color: #333333;\"><strong>LIGHT FIT kasutamise eelised:<\/strong><\/span><\/p>\n<ul>\n<li><span style=\"color: #333333;\">Rasva eemaldamine<\/span><\/li>\n<\/ul>\n<p> <span style=\"color: #333333;\"><em>Stimuleerib l\u00fcmfis\u00fcsteemi, et vabaneda soovimatutest rasvadest.<\/em><\/span> <\/p>\n<ul>\n<li><span style=\"color: #333333;\">Kiire toime<\/span><\/li>\n<\/ul>\n<p> <span style=\"color: #333333;\"><em>Kujundatud v\u00f5imalikult kiireks toimimiseks.<\/em><\/span> <\/p>\n<ul>\n<li><span style=\"color: #333333;\">Kliiniliselt t\u00f5estatud<\/span><\/li>\n<\/ul>\n<p> <span style=\"color: #333333;\"><em>Toode on l\u00e4binud rangelt kontrollitud kliinilised uuringud, et tagada selle ohutus.<\/em><\/span><\/p>\n","protected":false},"excerpt":{"rendered":"<h4><span style=\"color: #ed1c24;\"><strong>Ei ole mu\u0308u\u0308giks ELis!<\/strong><\/span><\/h4>\n<p><span style=\"color: #333333;\">Light Fit on lipol\u00fc\u00fctiline lahus, mis eemaldab liigsed rasvad kiiresti juba \u00fche kasutuskorraga. See toimib selliste rasvade vastu nagu topeltl\u00f5ug, samuti pinguldab nahka.<\/span><\/p>\n","protected":false},"featured_media":40662,"template":"","meta":{"_seopress_robots_primary_cat":"none","_seopress_titles_title":"","_seopress_titles_desc":"","_seopress_robots_index":""},"item":[2226],"product_cat":[155,1131],"product_tag":[],"class_list":{"0":"post-40664","1":"product","2":"type-product","3":"status-publish","4":"has-post-thumbnail","6":"item-light-fit-et","7":"product_cat-mesoteraapia-et","8":"product_cat-body-mesotherapy-et","10":"first","11":"instock","12":"taxable","13":"shipping-taxable","14":"purchasable","15":"product-type-simple"},"_links":{"self":[{"href":"https:\/\/cutismedical.shop\/et\/wp-json\/wp\/v2\/product\/40664","targetHints":{"allow":["GET"]}}],"collection":[{"href":"https:\/\/cutismedical.shop\/et\/wp-json\/wp\/v2\/product"}],"about":[{"href":"https:\/\/cutismedical.shop\/et\/wp-json\/wp\/v2\/types\/product"}],"wp:featuredmedia":[{"embeddable":true,"href":"https:\/\/cutismedical.shop\/et\/wp-json\/wp\/v2\/media\/40662"}],"wp:attachment":[{"href":"https:\/\/cutismedical.shop\/et\/wp-json\/wp\/v2\/media?parent=40664"}],"wp:term":[{"taxonomy":"item","embeddable":true,"href":"https:\/\/cutismedical.shop\/et\/wp-json\/wp\/v2\/item?post=40664"},{"taxonomy":"product_cat","embeddable":true,"href":"https:\/\/cutismedical.shop\/et\/wp-json\/wp\/v2\/product_cat?post=40664"},{"taxonomy":"product_tag","embeddable":true,"href":"https:\/\/cutismedical.shop\/et\/wp-json\/wp\/v2\/product_tag?post=40664"}],"curies":[{"name":"wp","href":"https:\/\/api.w.org\/{rel}","templated":true}]}}