{"id":40632,"date":"2023-12-15T14:49:19","date_gmt":"2023-12-15T12:49:20","guid":{"rendered":"https:\/\/cutismedical.com\/?post_type=product&#038;p=40632"},"modified":"2024-10-22T10:50:15","modified_gmt":"2024-10-22T08:50:15","slug":"monalisa-ultra-lid-1-1ml-buy-from-3-boxes","status":"publish","type":"product","link":"https:\/\/cutismedical.shop\/et\/shop-es\/fillerid-et\/monalisa-ultra-lid-1-1ml-buy-from-3-boxes\/","title":{"rendered":"Monalisa. Ultra Lid. 1*1 ml. \/ osta alates 3 karbist"},"content":{"rendered":"<p><span style=\"color: #333333;\">Monalisa on ristseotud Hy-BRID tehnika abil, mis tagab tootele k\u00f5rge viskoelastsuse ja vastupidavuse. Monalisa Ultra Lid kestab 6 kuud, enne kui toode hakkab lagunema.<\/span><\/p>\n<p><span style=\"color: #333333;\">Lisaks ei sisalda toode BDDE aineid, mis v\u00e4hendab oluliselt allergilise reaktsiooni ja turse riski s\u00fcstimisel. Monalisa Ultra Lid tarnitakse ergonoomilise k\u00e4epidemega, mis tagab lihtsa ja ohutu s\u00fcstimise.<\/span><\/p>\n<p><span style=\"color: #333333;\"><strong>Pakend sisaldab:<\/strong><\/span><\/p>\n<p><span style=\"color: #333333;\">1 x 1 ml eelnevalt t\u00e4idetud s\u00fcstal<\/span><\/p>\n<p><span style=\"color: #333333;\">N\u00f5elad 25 G TW, 27 G TW*<\/span><\/p>\n<p><span style=\"color: #333333;\"><strong>P\u00f5hikoostisosad:<\/strong><\/span><\/p>\n<p><span style=\"color: #333333;\">H\u00fcaluroonhape: 24 mg\/ml<\/span><\/p>\n<p><span style=\"color: #333333;\">Lidokaiin: 3 mg\/ml<\/span><\/p>\n<p><span style=\"color: #333333;\"><strong>Monalisa Soft Lidi eelised:<\/strong><\/span><\/p>\n<p><span style=\"color: #333333;\">Ideaalne n\u00e4o kontuuride vormimiseks<\/span><\/p>\n<p><span style=\"color: #333333;\">BDDE j\u00e4\u00e4gid puuduvad<\/span><\/p>\n<p><span style=\"color: #333333;\">Pikaajalised tulemused<\/span><\/p>\n<p><span style=\"color: #333333;\">Kasutusvaldkonnad: l\u00f5ug, nina, l\u00f5uajoone kontuurid<\/span><\/p>\n<p><span style=\"color: #333333;\"><strong>Kauaks tulemused kestavad?<\/strong><\/span><\/p>\n<p><span style=\"color: #333333;\">Toode kestab kuni 6 kuud enne lahustumisprotsessi algust. Monalisa Ultra Lidocaine tuleks s\u00fcstida nahaaluse koe s\u00fcgavatesse kihtidesse.<\/span><\/p>\n<p><span style=\"color: #333333;\">*N\u00f5ela suurus v\u00f5ib muutuda ilma ette teatamata.<\/span><\/p>\n","protected":false},"excerpt":{"rendered":"<p><span style=\"color: #ed1c24;\"><strong>Ei ole mu\u0308u\u0308giks ELis!<\/strong><\/span><\/p>\n<p>Monalisa Ultra Lid on l\u00e4bipaistev dermaalne t\u00e4iteaine. See on k\u00f5ige paksem t\u00e4iteaine portfellis ja sobib ideaalselt tugevate joonte loomiseks n\u00e4opiirkonnas, nagu nina, l\u00f5ug ja l\u00f5uajoone kontuurid. T\u00e4iteaine p\u00f5hineb ristsidestatud h\u00fcaluroonhappel ja osakeste \u00fchtlane suurus on 900\u00b5m.<\/p>\n","protected":false},"featured_media":40639,"template":"","meta":{"_seopress_robots_primary_cat":"","_seopress_titles_title":"","_seopress_titles_desc":"","_seopress_robots_index":""},"item":[2223],"product_cat":[154],"product_tag":[],"class_list":{"0":"post-40632","1":"product","2":"type-product","3":"status-publish","4":"has-post-thumbnail","6":"item-monalisa-et","7":"product_cat-fillerid-et","8":"pa_product_main_cat-professionaalne-hooldus","10":"first","11":"instock","12":"taxable","13":"shipping-taxable","14":"purchasable","15":"product-type-variable"},"_links":{"self":[{"href":"https:\/\/cutismedical.shop\/et\/wp-json\/wp\/v2\/product\/40632","targetHints":{"allow":["GET"]}}],"collection":[{"href":"https:\/\/cutismedical.shop\/et\/wp-json\/wp\/v2\/product"}],"about":[{"href":"https:\/\/cutismedical.shop\/et\/wp-json\/wp\/v2\/types\/product"}],"wp:featuredmedia":[{"embeddable":true,"href":"https:\/\/cutismedical.shop\/et\/wp-json\/wp\/v2\/media\/40639"}],"wp:attachment":[{"href":"https:\/\/cutismedical.shop\/et\/wp-json\/wp\/v2\/media?parent=40632"}],"wp:term":[{"taxonomy":"item","embeddable":true,"href":"https:\/\/cutismedical.shop\/et\/wp-json\/wp\/v2\/item?post=40632"},{"taxonomy":"product_cat","embeddable":true,"href":"https:\/\/cutismedical.shop\/et\/wp-json\/wp\/v2\/product_cat?post=40632"},{"taxonomy":"product_tag","embeddable":true,"href":"https:\/\/cutismedical.shop\/et\/wp-json\/wp\/v2\/product_tag?post=40632"}],"curies":[{"name":"wp","href":"https:\/\/api.w.org\/{rel}","templated":true}]}}