{"id":40380,"date":"2023-11-27T13:50:17","date_gmt":"2023-11-27T11:50:18","guid":{"rendered":"https:\/\/cutismedical.com\/?post_type=product&#038;p=40380"},"modified":"2024-10-22T14:45:06","modified_gmt":"2024-10-22T12:45:06","slug":"sofiderm-derm-plus-20ml-from-3-boxes","status":"publish","type":"product","link":"https:\/\/cutismedical.shop\/et\/shop-es\/fillerid-et\/sofiderm-derm-plus-20ml-from-3-boxes\/","title":{"rendered":"Sofiderm. Derm Plus 20 ml. | alates 3 pakist"},"content":{"rendered":"<p><strong>Sofiderm Derm Plus<\/strong> kasutatakse keha kujundamiseks, rindade suurendamiseks ning kaela, rinna ja k\u00e4te kortsude vastu v\u00f5itlemiseks, n\u00e4iteks silma\u00fcmbruse piirkonna l\u00f5tvumise, n\u00e4o as\u00fcmmeetria ja HIV-iga seotud lipoatroofia raviks.<\/p>\n<p>S\u00fcstid tehakse s\u00fcgavale dermisesse v\u00f5i nahaalusesse koesse.<\/p>\n<p>Heaks kiidetud USA FDA ja Euroopa EDQM poolt.<br \/>\nKasutab multietapilist ristsidestamise tehnoloogiat, et tagada Sofiderm geeli tugev stabiilsus.<br \/>\nBakteriaalsete infektsioonide ja viirushaiguste oht puudub t\u00e4nu biotehnoloogilisele tootmisele.<br \/>\nAllergilise reaktsiooni oht puudub.<\/p>\n","protected":false},"excerpt":{"rendered":"<p><span style=\"color: #ed1c24;\"><strong>Ei ole mu\u0308u\u0308giks ELis!<\/strong><\/span><\/p>\n<ul>\n<li>HA Content: 20mg\/ml<\/li>\n<li>Particle Size: 0.50-1.25(mm)<\/li>\n<li>NO NEEDLES COME IN THE BOX.<\/li>\n<\/ul>\n","protected":false},"featured_media":20411,"template":"","meta":{"_seopress_robots_primary_cat":"","_seopress_titles_title":"","_seopress_titles_desc":"","_seopress_robots_index":""},"item":[1594],"product_cat":[154],"product_tag":[],"class_list":{"0":"post-40380","1":"product","2":"type-product","3":"status-publish","4":"has-post-thumbnail","6":"item-sofiderm-et","7":"product_cat-fillerid-et","8":"pa_product_main_cat-professionaalne-hooldus","10":"first","11":"instock","12":"taxable","13":"shipping-taxable","14":"purchasable","15":"product-type-simple"},"_links":{"self":[{"href":"https:\/\/cutismedical.shop\/et\/wp-json\/wp\/v2\/product\/40380","targetHints":{"allow":["GET"]}}],"collection":[{"href":"https:\/\/cutismedical.shop\/et\/wp-json\/wp\/v2\/product"}],"about":[{"href":"https:\/\/cutismedical.shop\/et\/wp-json\/wp\/v2\/types\/product"}],"wp:featuredmedia":[{"embeddable":true,"href":"https:\/\/cutismedical.shop\/et\/wp-json\/wp\/v2\/media\/20411"}],"wp:attachment":[{"href":"https:\/\/cutismedical.shop\/et\/wp-json\/wp\/v2\/media?parent=40380"}],"wp:term":[{"taxonomy":"item","embeddable":true,"href":"https:\/\/cutismedical.shop\/et\/wp-json\/wp\/v2\/item?post=40380"},{"taxonomy":"product_cat","embeddable":true,"href":"https:\/\/cutismedical.shop\/et\/wp-json\/wp\/v2\/product_cat?post=40380"},{"taxonomy":"product_tag","embeddable":true,"href":"https:\/\/cutismedical.shop\/et\/wp-json\/wp\/v2\/product_tag?post=40380"}],"curies":[{"name":"wp","href":"https:\/\/api.w.org\/{rel}","templated":true}]}}