{"id":40199,"date":"2023-11-13T21:07:42","date_gmt":"2023-11-13T19:07:42","guid":{"rendered":"https:\/\/cutismedical.com\/shop\/maaratlemata\/boeco-centrifuge-s-6\/"},"modified":"2024-10-22T15:21:38","modified_gmt":"2024-10-22T13:21:38","slug":"boeco-centrifuge-s-6","status":"publish","type":"product","link":"https:\/\/cutismedical.shop\/et\/shop-es\/seadmed\/tsentrifugid-et\/boeco-centrifuge-s-6\/","title":{"rendered":"Boeco. Centrifuge S-6"},"content":{"rendered":"<ul>\n<li><span style=\"color: #333333;\">Hooldusvaba harjadeta mootor<\/span><\/li>\n<li><span style=\"color: #333333;\">LCD-ekraan aja ja kiiruse n\u00e4itamiseks<\/span>\n<\/li>\n<li><span style=\"color: #333333;\">Reguleeritav kiirus 300 rpm kuni 5000 rpm<\/span><\/li>\n<li><span style=\"color: #333333;\">Aeg, alates 15 sekundist kuni 99 minutini<\/span><\/li>\n<li><span style=\"color: #333333;\">Kaas avaneb automaatselt tsentrifuugimise l\u00f5pus, et v\u00e4ltida proovide \u00fclekuumenemist ja v\u00e4hendada k\u00e4sitsemisaega<\/span><\/li>\n<li><span style=\"color: #333333;\">Kaks programmiklahvi P1\/P2 lihtsaks juurdep\u00e4\u00e4suks tavaprogrammidele<\/span><\/li>\n<li><span style=\"color: #333333;\">rpm\/rcf nupp, mis v\u00f5imaldab h\u00f5lpsalt vahetada RPM ja RCF kuvamise vahel<\/span><\/li>\n<li><span style=\"color: #333333;\">Automaatne rootori tasakaalustamatuse tuvastamine<\/span><\/li>\n<\/ul>\n<p><a href=\"https:\/\/cutismedical.com\/wp-content\/uploads\/2023\/11\/3d79pcy8tjo.jpg\"><img loading=\"lazy\" decoding=\"async\" class=\"alignnone size-full wp-image-40197\" src=\"https:\/\/cutismedical.com\/wp-content\/uploads\/2023\/11\/3d79pcy8tjo.jpg\" alt=\"\" width=\"903\" height=\"379\" srcset=\"https:\/\/cutismedical.shop\/wp-content\/uploads\/2023\/11\/3d79pcy8tjo.jpg 903w, https:\/\/cutismedical.shop\/wp-content\/uploads\/2023\/11\/3d79pcy8tjo-150x63.jpg 150w, https:\/\/cutismedical.shop\/wp-content\/uploads\/2023\/11\/3d79pcy8tjo-592x248.jpg 592w, https:\/\/cutismedical.shop\/wp-content\/uploads\/2023\/11\/3d79pcy8tjo-800x336.jpg 800w, https:\/\/cutismedical.shop\/wp-content\/uploads\/2023\/11\/3d79pcy8tjo-768x322.jpg 768w, https:\/\/cutismedical.shop\/wp-content\/uploads\/2023\/11\/3d79pcy8tjo-510x214.jpg 510w\" sizes=\"auto, (max-width: 903px) 100vw, 903px\" \/><\/a><\/p>\n","protected":false},"excerpt":{"rendered":"<div>\n<div class=\"ProductsFoto\">\n<div class=\"Fotopunkt\">\n<div>\n<div class=\"ProductsFoto\">\n<div class=\"Fotopunkt\">\n<p class=\"Round FotopunktText\"><span style=\"color: #333333;\">Centrifuug S-6 fikseeritud nurgarootoriga 6&#215;15 ml tsentrifuugitorudele (17&#215;100\/120 mm),<\/span> <span style=\"color: #333333;\">3 adapterikomplekti,<\/span> <span style=\"color: #333333;\">mustad adapterid \u00d813&#215;78 mm vere kogumise torudele 10 ml\/7 ml\/5 ml ja<\/span> <span style=\"color: #333333;\">valged adapterid \u00d813&#215;63 mm vere kogumise torudele 4 ml\/3 ml\/2 ml,<\/span> <span style=\"color: #333333;\">rohelised adapterid \u00d811&#215;78 mm mikrotorudele 2,0\/1,5 ml,<\/span> <span style=\"color: #333333;\">Toiteallikas AC 100-240V, 50-60Hz, K\u00e4siraamat<\/span><\/p>\n<\/div>\n<\/div>\n<\/div>\n","protected":false},"featured_media":40194,"template":"","meta":{"_seopress_robots_primary_cat":"","_seopress_titles_title":"","_seopress_titles_desc":"","_seopress_robots_index":""},"item":[2217],"product_cat":[1862,488],"product_tag":[],"class_list":{"0":"post-40199","1":"product","2":"type-product","3":"status-publish","4":"has-post-thumbnail","6":"item-boeco-et","7":"product_cat-seadmed","8":"product_cat-tsentrifugid-et","10":"first","11":"instock","12":"taxable","13":"shipping-taxable","14":"purchasable","15":"product-type-simple"},"_links":{"self":[{"href":"https:\/\/cutismedical.shop\/et\/wp-json\/wp\/v2\/product\/40199","targetHints":{"allow":["GET"]}}],"collection":[{"href":"https:\/\/cutismedical.shop\/et\/wp-json\/wp\/v2\/product"}],"about":[{"href":"https:\/\/cutismedical.shop\/et\/wp-json\/wp\/v2\/types\/product"}],"wp:featuredmedia":[{"embeddable":true,"href":"https:\/\/cutismedical.shop\/et\/wp-json\/wp\/v2\/media\/40194"}],"wp:attachment":[{"href":"https:\/\/cutismedical.shop\/et\/wp-json\/wp\/v2\/media?parent=40199"}],"wp:term":[{"taxonomy":"item","embeddable":true,"href":"https:\/\/cutismedical.shop\/et\/wp-json\/wp\/v2\/item?post=40199"},{"taxonomy":"product_cat","embeddable":true,"href":"https:\/\/cutismedical.shop\/et\/wp-json\/wp\/v2\/product_cat?post=40199"},{"taxonomy":"product_tag","embeddable":true,"href":"https:\/\/cutismedical.shop\/et\/wp-json\/wp\/v2\/product_tag?post=40199"}],"curies":[{"name":"wp","href":"https:\/\/api.w.org\/{rel}","templated":true}]}}