{"id":39987,"date":"2023-11-05T15:39:47","date_gmt":"2023-11-05T13:39:47","guid":{"rendered":"https:\/\/cutismedical.com\/shop\/maaratlemata\/toskani-body-meso-starter-kit\/"},"modified":"2024-10-22T19:35:19","modified_gmt":"2024-10-22T17:35:19","slug":"toskani-body-meso-starter-kit","status":"publish","type":"product","link":"https:\/\/cutismedical.shop\/et\/shop-es\/mesoteraapia-et\/body-mesotherapy-et\/toskani-body-meso-starter-kit\/","title":{"rendered":"Toskani. Body Meso Starter Kit."},"content":{"rendered":"<p><strong>Lokaliseeritud tselluliidikokteil:<\/strong> Stimuleerib mikrotsirkulatsiooni ja aitab lahustada ning eemaldada rasva lokaliseeritud tselluliidi s\u00f5lmedest.<\/p>\n<p>Sisaldab fosfatid\u00fc\u00fclkoliini, naatriumdeoks\u00fckolaati, torkava ruskuse ja hariliku n\u00f5iapuu ekstrakte.<\/p>\n<p>2 x 10 ml.<\/p>\n<p><strong>Salenduskokteil:<\/strong> Intensiivne drenaa\u017eilahendus mahu ja piirkonna kontuuri v\u00e4hendamiseks. V\u00e4hendab n\u00e4htavalt &#8220;apelsinikoore&#8221; naha v\u00e4limust.<\/p>\n<p>Sisaldab L-karnitiini, kofeiini, Aasia vesinaba, arti\u0161oki, Camellia Sinensise, ananassi ekstrakte ja orgaanilist r\u00e4ni.<\/p>\n<p>2 x 10 ml.<\/p>\n<p><strong>K\u00f5vastuskokteil:<\/strong> Intensiivne keha pinguldav lahendus. Parandab naha elastsust ja v\u00f5itleb l\u00f5tvumise vastu.<\/p>\n<p>Sisaldab DMAE-d, C-vitamiini ja elastiini.<\/p>\n<p>1 x 10 ml.<\/p>\n<p><em>MesoJect Gun&#8217;iga tehtud mesoteraapia komplekt.<\/em><\/p>\n","protected":false},"excerpt":{"rendered":"<p>Professionaalne ravi lokaliseeritud rasvaladestuste ja tselluliidi v\u00e4hendamiseks ja korrigeerimiseks ning naha l\u00f5tvumise ennetamiseks.<\/p>\n","protected":false},"featured_media":39985,"template":"","meta":{"_seopress_robots_primary_cat":"none","_seopress_titles_title":"","_seopress_titles_desc":"","_seopress_robots_index":""},"item":[1206],"product_cat":[155,1131],"product_tag":[],"class_list":{"0":"post-39987","1":"product","2":"type-product","3":"status-publish","4":"has-post-thumbnail","6":"item-toskanicosmetics-et-2","7":"product_cat-mesoteraapia-et","8":"product_cat-body-mesotherapy-et","10":"first","11":"instock","12":"taxable","13":"shipping-taxable","14":"purchasable","15":"product-type-simple"},"_links":{"self":[{"href":"https:\/\/cutismedical.shop\/et\/wp-json\/wp\/v2\/product\/39987","targetHints":{"allow":["GET"]}}],"collection":[{"href":"https:\/\/cutismedical.shop\/et\/wp-json\/wp\/v2\/product"}],"about":[{"href":"https:\/\/cutismedical.shop\/et\/wp-json\/wp\/v2\/types\/product"}],"wp:featuredmedia":[{"embeddable":true,"href":"https:\/\/cutismedical.shop\/et\/wp-json\/wp\/v2\/media\/39985"}],"wp:attachment":[{"href":"https:\/\/cutismedical.shop\/et\/wp-json\/wp\/v2\/media?parent=39987"}],"wp:term":[{"taxonomy":"item","embeddable":true,"href":"https:\/\/cutismedical.shop\/et\/wp-json\/wp\/v2\/item?post=39987"},{"taxonomy":"product_cat","embeddable":true,"href":"https:\/\/cutismedical.shop\/et\/wp-json\/wp\/v2\/product_cat?post=39987"},{"taxonomy":"product_tag","embeddable":true,"href":"https:\/\/cutismedical.shop\/et\/wp-json\/wp\/v2\/product_tag?post=39987"}],"curies":[{"name":"wp","href":"https:\/\/api.w.org\/{rel}","templated":true}]}}