{"id":39959,"date":"2023-11-03T19:33:13","date_gmt":"2023-11-03T17:33:13","guid":{"rendered":"https:\/\/cutismedical.com\/shop\/maaratlemata\/toskani-anti-hair-loss-professional-kit\/"},"modified":"2024-10-22T20:14:48","modified_gmt":"2024-10-22T18:14:48","slug":"toskani-anti-hair-loss-professional-kit","status":"publish","type":"product","link":"https:\/\/cutismedical.shop\/et\/shop-es\/mesoteraapia-et\/hair-et\/toskani-anti-hair-loss-professional-kit\/","title":{"rendered":"Toskani. Anti-hair loss Professional Kit."},"content":{"rendered":"<p>Eriline kahekordselt kasutatav mesoteraapia preparaatide kursus, mille kompleksid t\u00e4iendavad teineteise toimet. Kodus antakse patsiendile lisaks toidulisandeid ja juuksejuuri stimuleeriv ning tugevdav peanaha losjoon.<\/p>\n<h4>N\u00c4IDUSTUSED:<\/h4>\n<ul>\n<li>Androgeenne alopeetsia meestel ja naistel<\/li>\n<li>Traumaj\u00e4rgne alopeetsia<\/li>\n<li>Pesalopeetsia (alopecia areata)<\/li>\n<li>Difuusne alopeetsia. S\u00fcnnitusj\u00e4rgne telogeeni v\u00e4ljalangemine<\/li>\n<\/ul>\n<p>Komplekt sisaldab:<\/p>\n<ul>\n<li>3 tk x 10 ml Hair Cocktail Plus<\/li>\n<li>2 tk x 5 ml HCPR<\/li>\n<li>1 karp 30 DensiHair Boost kapsliga<\/li>\n<li>100 ml juuste v\u00e4ljalangemise vastane losjoon<\/li>\n<\/ul>\n<p><strong>SABALI PALMI EKSTRAKT<\/strong> \u2013 aktiivne aine, mida kasutatakse nii kliinilises teraapias kui ka kodus. See p\u00e4rsib 5-\u03b1-reduktaasi ens\u00fc\u00fcmi toimet, v\u00e4hendab dih\u00fcdrotestosterooni kogust ja pikendab seel\u00e4bi juukse kasvu ts\u00fcklit.<\/p>\n<p><strong>AMINEXIL<\/strong> toimib vasodilataatorina, kuna sageli on juuksejuure n\u00f5rgenemine tingitud ebapiisavast verevarustusest ja toitainete puudusest.<\/p>\n<p><strong>AMINOHAPPED<\/strong>, nagu biotiin, ts\u00fcstiin ja arginiin, on keratiini, olulise valguelemendi, struktuurikomponendid.<\/p>\n<p><strong>VITAMIINID JA MINERAALID<\/strong>, nagu biotiin, tsink ja seleen, aitavad hoida juuksed terved.<\/p>\n<hr \/>\n<p>Mesoteraapia peanaha piirkonnas mikro-n\u00f5elaga seadmega NEOPEN v\u00f5ib teha kord n\u00e4dalas. Soovitatav kursus on 10 protseduuri:<br \/>\n1-6 protseduuri Hair Cocktail Plus&#8217;iga<br \/>\n7-10 protseduuri HCPR&#8217;iga<\/p>\n<p><strong>Protseduuri sammud:<\/strong><\/p>\n<p>Kandke mesoteraapia preparaat protseduuri piirkonnale.<\/p>\n<p>Tehke protseduur mikro-n\u00f5elaga seadmega, mis aitab preparaadil s\u00fcgavamale nahka tungida.<br \/>\nP\u00e4rast protseduuri kandke mesoteraapia preparaat uuesti, et tugevdada toimet.<br \/>\nSoovitage patsiendil mitte pesta pead 24 tundi, et preparaat toimiks maksimaalselt t\u00f5husalt.<\/p>\n<p><strong>Lisaks:<\/strong><\/p>\n<p>Alates teraapia algusest ja 3 kuud p\u00e4rast protseduuride l\u00f5petamist m\u00e4\u00e4rake patsiendile professionaalse TOSKANIMED ANTI HAIR-LOSS peanaha losjooni ja DENSIHAIR BOOST toidulisandite kasutamine.<\/p>\n","protected":false},"excerpt":{"rendered":"<p><em><strong>PEANAHA MEZOTERAAPIA KOMPLEKT<\/strong><\/em> \u2014 t\u00e4iustatud, terviklik juuste v\u00e4ljalangemise vastane teraapia, mis sisaldab kabinetiprotseduure ja koduhooldustooteid, mis tugevdavad nende toimet.<\/p>\n","protected":false},"featured_media":39945,"template":"","meta":{"_seopress_robots_primary_cat":"none","_seopress_titles_title":"","_seopress_titles_desc":"","_seopress_robots_index":""},"item":[1206],"product_cat":[155,1190],"product_tag":[],"class_list":{"0":"post-39959","1":"product","2":"type-product","3":"status-publish","4":"has-post-thumbnail","6":"item-toskanicosmetics-et-2","7":"product_cat-mesoteraapia-et","8":"product_cat-hair-et","10":"first","11":"instock","12":"taxable","13":"shipping-taxable","14":"purchasable","15":"product-type-simple"},"_links":{"self":[{"href":"https:\/\/cutismedical.shop\/et\/wp-json\/wp\/v2\/product\/39959","targetHints":{"allow":["GET"]}}],"collection":[{"href":"https:\/\/cutismedical.shop\/et\/wp-json\/wp\/v2\/product"}],"about":[{"href":"https:\/\/cutismedical.shop\/et\/wp-json\/wp\/v2\/types\/product"}],"wp:featuredmedia":[{"embeddable":true,"href":"https:\/\/cutismedical.shop\/et\/wp-json\/wp\/v2\/media\/39945"}],"wp:attachment":[{"href":"https:\/\/cutismedical.shop\/et\/wp-json\/wp\/v2\/media?parent=39959"}],"wp:term":[{"taxonomy":"item","embeddable":true,"href":"https:\/\/cutismedical.shop\/et\/wp-json\/wp\/v2\/item?post=39959"},{"taxonomy":"product_cat","embeddable":true,"href":"https:\/\/cutismedical.shop\/et\/wp-json\/wp\/v2\/product_cat?post=39959"},{"taxonomy":"product_tag","embeddable":true,"href":"https:\/\/cutismedical.shop\/et\/wp-json\/wp\/v2\/product_tag?post=39959"}],"curies":[{"name":"wp","href":"https:\/\/api.w.org\/{rel}","templated":true}]}}