{"id":39887,"date":"2023-10-30T13:30:09","date_gmt":"2023-10-30T11:30:09","guid":{"rendered":"https:\/\/cutismedical.com\/shop\/maaratlemata\/toskani-anti-ageing-ha-topical-ampoule-15pcs-2ml\/"},"modified":"2024-10-22T20:36:47","modified_gmt":"2024-10-22T18:36:47","slug":"toskani-anti-ageing-ha-topical-ampoule-15pcs-2ml","status":"publish","type":"product","link":"https:\/\/cutismedical.shop\/et\/shop-es\/nahahooldus\/seerum-et-prof\/toskani-anti-ageing-ha-topical-ampoule-15pcs-2ml\/","title":{"rendered":"Toskani. Anti-ageing + HA Topical Ampoule (15tk.*2ml.)"},"content":{"rendered":"<p>Kortsud &#8211; Naha l\u00f5tvumine &#8211; V\u00e4sinud, \u201el\u00e4mbunud\u201c nahk &#8211; Deh\u00fcdratsioon &#8211; K\u00fcps nahk, 35+<\/p>\n<ul>\n<li>Inkapsulatsioonis\u00fcsteemid (liposoomid)<\/li>\n<li>Probiootikum (Bacillus ferment)<\/li>\n<li>Funktsionaalsed peptiidid (Atset\u00fc\u00fclheksapeptiid-8)<\/li>\n<li>H\u00fcaluroonhape<\/li>\n<li>Kasvufaktorid: IGF1 (SH-oligopeptiid-2), FGF (SH-pol\u00fcpeptiid-1), EGF (SH-oligopeptiid-1)<\/li>\n<\/ul>\n<p>See pinguldab nahka ja tagab kohese ning pikaajalise niisutuse. Aitab taastada jumestuse tugevust ja s\u00e4ra, silub kortse ja v\u00e4simuse m\u00e4rke. Jume n\u00e4eb noorem v\u00e4lja, nahk on niisutatud, tugevam ja s\u00e4ravam.<\/p>\n<p><strong>KASUTAMINE<\/strong><\/p>\n<p>Sobib k\u00f5igile nahat\u00fc\u00fcpidele. Kasuta iga p\u00e4ev, hommikul. P\u00fc\u00fca kasutada kogu ampulli sisu korraga \u2013 kui toodet on liiga palju, kanna seda lisaks n\u00e4ole ka dekolteele ja kaelale. Kasuta kogu ampull korraga p\u00e4rast avamist.<\/p>\n<p>Ainult v\u00e4lispidiseks kasutamiseks, mitte s\u00fcstimiseks!!!<\/p>\n<p>V\u00e4ldi silmade ja limaskestadega kokkupuudet. Hoida otsese p\u00e4ikesevalguse eest.<\/p>\n","protected":false},"excerpt":{"rendered":"<p><strong>Anti-Ageing + HA Ampullid<\/strong> on intensiivne hooldustoode igap\u00e4evaseks kasutamiseks. Sisaldab probiootikume, funktsionaalseid peptiide, kasvufaktoreid ja h\u00fcaluroonhapet, mis aitavad aeglustada ja korrigeerida vananemisilminguid.<\/p>\n","protected":false},"featured_media":39883,"template":"","meta":{"_seopress_robots_primary_cat":"","_seopress_titles_title":"","_seopress_titles_desc":"","_seopress_robots_index":""},"item":[1206],"product_cat":[1813,363,1910,1931,1849,1852,1853,1858],"product_tag":[1885,1882,1900],"class_list":{"0":"post-39887","1":"product","2":"type-product","3":"status-publish","4":"has-post-thumbnail","6":"item-toskanicosmetics-et-2","7":"product_cat-otstarve","8":"product_cat-seerum-et","9":"product_cat-nahahooldus","10":"product_cat-seerum-et-prof","11":"product_cat-nahahooldus-nahatuubi-jargi","12":"product_cat-kuiv-veetustunud-nahk","13":"product_cat-kortsud","14":"product_cat-lotvunud-nahk","15":"product_tag-kortsud","16":"product_tag-kuiv-veetustunud-nahk","17":"product_tag-lotvunud-nahk","18":"pa_register_only-register_price","19":"pa_register_only-new_regular_price","21":"first","22":"instock","23":"taxable","24":"shipping-taxable","25":"purchasable","26":"product-type-simple"},"_links":{"self":[{"href":"https:\/\/cutismedical.shop\/et\/wp-json\/wp\/v2\/product\/39887","targetHints":{"allow":["GET"]}}],"collection":[{"href":"https:\/\/cutismedical.shop\/et\/wp-json\/wp\/v2\/product"}],"about":[{"href":"https:\/\/cutismedical.shop\/et\/wp-json\/wp\/v2\/types\/product"}],"wp:featuredmedia":[{"embeddable":true,"href":"https:\/\/cutismedical.shop\/et\/wp-json\/wp\/v2\/media\/39883"}],"wp:attachment":[{"href":"https:\/\/cutismedical.shop\/et\/wp-json\/wp\/v2\/media?parent=39887"}],"wp:term":[{"taxonomy":"item","embeddable":true,"href":"https:\/\/cutismedical.shop\/et\/wp-json\/wp\/v2\/item?post=39887"},{"taxonomy":"product_cat","embeddable":true,"href":"https:\/\/cutismedical.shop\/et\/wp-json\/wp\/v2\/product_cat?post=39887"},{"taxonomy":"product_tag","embeddable":true,"href":"https:\/\/cutismedical.shop\/et\/wp-json\/wp\/v2\/product_tag?post=39887"}],"curies":[{"name":"wp","href":"https:\/\/api.w.org\/{rel}","templated":true}]}}