{"id":39849,"date":"2023-10-26T14:30:33","date_gmt":"2023-10-26T12:30:33","guid":{"rendered":"https:\/\/cutismedical.com\/shop\/maaratlemata\/toskani-dexanyl-20pcs-5ml\/"},"modified":"2024-10-22T21:04:05","modified_gmt":"2024-10-22T19:04:05","slug":"toskani-dexanyl-20pcs-5ml","status":"publish","type":"product","link":"https:\/\/cutismedical.shop\/et\/shop-es\/mesoteraapia-et\/nagu-et\/toskani-dexanyl-20pcs-5ml\/","title":{"rendered":"Toskani. Dexanyl (20tk.*5ml.)"},"content":{"rendered":"<p>Seborr\u00f6a \u2013 kuiv ja kare nahk \u2013 juuste v\u00e4ljalangemine \u2013 naha\u00e4rritused p\u00e4rast koorimist ja laserravi.<\/p>\n<p>Dexanyl on koostatud pantenooli v\u00f5i provitamiin B5-ga, mis kuulub v\u00f5imsa B-kompleksi vitamiinide perekonda, tuntud oma paljude kasulike omaduste poolest nahahoolduses.<\/p>\n<p>Pantenool on niisutaja, mis aitab nahal s\u00e4ilitada ja hoida niiskust. T\u00e4nu oma ravivatele ja kaitsvatele omadustele aitab see leevendada \u00e4rritunud naha s\u00fcmptomeid, nagu s\u00fcgelus, valu ja v\u00e4rvimuutus. Pantenool aitab nahal \u00f6\u00f6sel regenereeruda ja omab pehmendavaid omadusi, mis aitavad v\u00e4hendada peente joonte ja kortsude n\u00e4htavust. Dexanyl toimib ka juuste tasemel. See parandab kahjustatud juuste seisundit, suurendades juuste elastsust, niiskuse s\u00e4ilitamist ja paindlikkust. Kui seda kantakse juustele, v\u00f5tab Dexanyl provitamiini vormi ja muundab selle pantoteenhappeks. Sel hetkel saavad toode ja selle koostisosad tungida teie juuksevarresse ja juure, andes juustele t\u00e4iendava B-vitamiini annuse, mis aitab juukseid paksendada ja soodustab nende kasvu.<\/p>\n","protected":false},"excerpt":{"rendered":"<p><strong>TOSKANI Dexanyl<\/strong> on mesoteraapia lahus, mis ravib seborr\u00f6ad, kuiva ja karedat nahka, juuste v\u00e4ljalangemist ning laseri ja koorimise tagaj\u00e4rgi.<\/p>\n","protected":false},"featured_media":39845,"template":"","meta":{"_seopress_robots_primary_cat":"none","_seopress_titles_title":"","_seopress_titles_desc":"","_seopress_robots_index":""},"item":[1206],"product_cat":[155,1188,1190],"product_tag":[1876,1882,1888],"class_list":{"0":"post-39849","1":"product","2":"type-product","3":"status-publish","4":"has-post-thumbnail","6":"item-toskanicosmetics-et-2","7":"product_cat-mesoteraapia-et","8":"product_cat-nagu-et","9":"product_cat-hair-et","10":"product_tag-akne-post-akne","11":"product_tag-kuiv-veetustunud-nahk","12":"product_tag-tundlik-nahk","13":"pa_product_main_cat-kodune-hooldus","14":"pa_product_main_cat-professionaalne-hooldus","15":"pa_register_only-register_price","16":"pa_register_only-new_regular_price","18":"first","19":"instock","20":"taxable","21":"shipping-taxable","22":"purchasable","23":"product-type-simple"},"_links":{"self":[{"href":"https:\/\/cutismedical.shop\/et\/wp-json\/wp\/v2\/product\/39849","targetHints":{"allow":["GET"]}}],"collection":[{"href":"https:\/\/cutismedical.shop\/et\/wp-json\/wp\/v2\/product"}],"about":[{"href":"https:\/\/cutismedical.shop\/et\/wp-json\/wp\/v2\/types\/product"}],"wp:featuredmedia":[{"embeddable":true,"href":"https:\/\/cutismedical.shop\/et\/wp-json\/wp\/v2\/media\/39845"}],"wp:attachment":[{"href":"https:\/\/cutismedical.shop\/et\/wp-json\/wp\/v2\/media?parent=39849"}],"wp:term":[{"taxonomy":"item","embeddable":true,"href":"https:\/\/cutismedical.shop\/et\/wp-json\/wp\/v2\/item?post=39849"},{"taxonomy":"product_cat","embeddable":true,"href":"https:\/\/cutismedical.shop\/et\/wp-json\/wp\/v2\/product_cat?post=39849"},{"taxonomy":"product_tag","embeddable":true,"href":"https:\/\/cutismedical.shop\/et\/wp-json\/wp\/v2\/product_tag?post=39849"}],"curies":[{"name":"wp","href":"https:\/\/api.w.org\/{rel}","templated":true}]}}