{"id":39832,"date":"2023-10-25T23:25:34","date_gmt":"2023-10-25T21:25:34","guid":{"rendered":"https:\/\/cutismedical.com\/shop\/maaratlemata\/toskani-purifying-ampoule-15pcs-2ml\/"},"modified":"2024-10-22T21:13:51","modified_gmt":"2024-10-22T19:13:51","slug":"toskani-purifying-ampoule-15pcs-2ml","status":"publish","type":"product","link":"https:\/\/cutismedical.shop\/et\/shop-es\/nahahooldus\/seerum-et-prof\/toskani-purifying-ampoule-15pcs-2ml\/","title":{"rendered":"Toskani. Purifying Ampoule (15tk.*2ml.)"},"content":{"rendered":"<p><span style=\"color: #282828;\"><em>Rasune nahk liigse rasuga, plekid ja komedoonid \u2013 Aknele kalduv nahk \u2013 Suurenenud poorid \u2013 P\u00f5letikuline nahk<\/em><\/span><\/p>\n<ul>\n<li><span style=\"color: #282828;\">Inkapsuleeritud s\u00fcsteemid (liposoomid)<\/span><\/li>\n<li><span style=\"color: #282828;\">Cleome Gynandra ekstrakt (rutiini ja h\u00fcdroksikaneelhappe rikas)<\/span><\/li>\n<li><span style=\"color: #282828;\">Rhodosorus Marinus ekstrakt (punavetika ekstrakt)<\/span><\/li>\n<li><span style=\"color: #282828;\">Vitamiin B5, vitamiin C, vitamiin E<\/span><\/li>\n<li><span style=\"color: #282828;\">Tsink PCA<\/span><\/li>\n<\/ul>\n<p><span style=\"color: #282828;\">Purifying ampull on intensiivne igap\u00e4evane niisutav hooldus rasusele ja aknele kalduvale nahale. Sisaldab looduslikke ekstrakte, vitamiine ja tsinki, et aidata tasakaalustada naha lipiidikihti ja v\u00e4ltida ebat\u00e4iuste teket.<\/span><\/p>\n<p><span style=\"color: #282828;\">Ampullid aitavad v\u00e4hendada pooride n\u00e4htavust ja toniseerivad nahka t\u00e4nu oma ahendavale toimele. Aitavad hoida naha sileda ja mati ning ennetavad liigse rasu p\u00f5hjustatud ebat\u00e4iuste teket.<\/span><\/p>\n<ul>\n<li><span style=\"color: #282828;\">Reguleerivad ja parandavad rasu kvaliteeti<\/span><\/li>\n<li><span style=\"color: #282828;\">Aitavad taastada h\u00fcdrolipiidset kihti<\/span><\/li>\n<li><span style=\"color: #282828;\">V\u00e4hendavad tundlikkust, leevendavad \u00e4rritust ja rahustavad nahka<\/span><\/li>\n<li><span style=\"color: #282828;\">Omavad antioks\u00fcdantseid omadusi<\/span><\/li>\n<li><span style=\"color: #282828;\">V\u00e4hendavad naha m\u00e4rke ja arme<\/span><\/li>\n<\/ul>\n<p><span style=\"color: #282828;\"><b>Rakendamine<\/b><\/span><\/p>\n<p><span style=\"color: #282828;\">Enne avamist loksutage ampulli. Murra kael, paigalda dosaator ja vala sisu peopesadesse. Kanna toode \u00f5rnalt n\u00e4ole, kaelale ja dekolteele. Masseeri nahka \u00f5rnade liigutustega, kuni toode on t\u00e4ielikult imendunud.<\/span><\/p>\n","protected":false},"excerpt":{"rendered":"<p><span style=\"color: #333333;\">Purifying ampull on intensiivne igap\u00e4evane niisutav hooldus rasusele ja aknele kalduvale nahale.<\/span><\/p>\n","protected":false},"featured_media":39828,"template":"","meta":{"_seopress_robots_primary_cat":"","_seopress_titles_title":"","_seopress_titles_desc":"","_seopress_robots_index":""},"item":[1206],"product_cat":[1813,363,1910,1931,1849,1850,1851,1859],"product_tag":[],"class_list":{"0":"post-39832","1":"product","2":"type-product","3":"status-publish","4":"has-post-thumbnail","6":"item-toskanicosmetics-et-2","7":"product_cat-otstarve","8":"product_cat-seerum-et","9":"product_cat-nahahooldus","10":"product_cat-seerum-et-prof","11":"product_cat-nahahooldus-nahatuubi-jargi","12":"product_cat-akne-post-akne","13":"product_cat-rasune-ja-probleemne-nahk","14":"product_cat-laienenud-poorid-ja-mustpead","15":"pa_register_only-register_price","16":"pa_register_only-new_regular_price","18":"first","19":"instock","20":"taxable","21":"shipping-taxable","22":"purchasable","23":"product-type-simple"},"_links":{"self":[{"href":"https:\/\/cutismedical.shop\/et\/wp-json\/wp\/v2\/product\/39832","targetHints":{"allow":["GET"]}}],"collection":[{"href":"https:\/\/cutismedical.shop\/et\/wp-json\/wp\/v2\/product"}],"about":[{"href":"https:\/\/cutismedical.shop\/et\/wp-json\/wp\/v2\/types\/product"}],"wp:featuredmedia":[{"embeddable":true,"href":"https:\/\/cutismedical.shop\/et\/wp-json\/wp\/v2\/media\/39828"}],"wp:attachment":[{"href":"https:\/\/cutismedical.shop\/et\/wp-json\/wp\/v2\/media?parent=39832"}],"wp:term":[{"taxonomy":"item","embeddable":true,"href":"https:\/\/cutismedical.shop\/et\/wp-json\/wp\/v2\/item?post=39832"},{"taxonomy":"product_cat","embeddable":true,"href":"https:\/\/cutismedical.shop\/et\/wp-json\/wp\/v2\/product_cat?post=39832"},{"taxonomy":"product_tag","embeddable":true,"href":"https:\/\/cutismedical.shop\/et\/wp-json\/wp\/v2\/product_tag?post=39832"}],"curies":[{"name":"wp","href":"https:\/\/api.w.org\/{rel}","templated":true}]}}