{"id":39766,"date":"2023-10-19T19:19:34","date_gmt":"2023-10-19T17:19:34","guid":{"rendered":"https:\/\/cutismedical.com\/shop\/maaratlemata\/rainbow-pdo-threads-twin-26g-38-60\/"},"modified":"2024-10-22T22:33:10","modified_gmt":"2024-10-22T20:33:10","slug":"rainbow-pdo-threads-twin-26g-38-60","status":"publish","type":"product","link":"https:\/\/cutismedical.shop\/et\/shop-es\/mesoniidid-et\/pdo-mono-type-et\/rainbow-pdo-threads-twin-26g-38-60\/","title":{"rendered":"Rainbow. PDO threads TWIN 26G\/38\/60"},"content":{"rendered":"<p>Kahekordne mono niit annab Rainbow Thread PDO Twinile mitmeid ainulaadseid omadusi, nagu t\u00f5husam t\u00f5stefekt ja intensiivsem kollageeni ja elastiini moodustumise stimulatsioon.<\/p>\n<p>Rainbow Thread PDO Twin 26G\/38\/60 mm kasutatakse naha pikaajaliseks pinguldamiseks ja noorendamiseks, samuti kortsude eemaldamiseks rakkude enesestimuleerimise kaudu. PDO-niite saab kasutada eraldi v\u00f5i koos teiste protseduuridega, nagu t\u00e4iteained, PRP v\u00f5i keemiline koorimine.<\/p>\n<p><strong><em>Komplekt koosneb:<\/em><\/strong><\/p>\n<p>100 \u00fchikut (5 kotti x 20 tk)<\/p>\n<p><strong><em>Iga pakk sisaldab:<\/em><\/strong><\/p>\n<p>Twin-n\u00f5el 26G x 38 mm<\/p>\n<p>\u00d5mbluse suurus (USP): 6-0<\/p>\n<p><strong><em>P\u00f5hikoostisosad:<\/em><\/strong><\/p>\n<p>PDO (pol\u00fcdiooksanoon)<\/p>\n<p><strong><em>Rainbow Thread PDO Twin 26G\/38 eelised:<\/em><\/strong><\/p>\n<p>Tugevam t\u00f5stefekt kui olemasolevatel PDO Mono niitidel<\/p>\n<p>Ideaalne n\u00e4onaha noorendamiseks ja kortsude eemaldamiseks<\/p>\n<p>Kehale kahjulikke m\u00f5jusid ei ole<\/p>\n<p>Kohesed ja pikaajalised tulemused<\/p>\n<p><strong><em>Kaua tulemused kestavad?<\/em><\/strong><\/p>\n<p>Rainbow Threads&#8217;il on kohesed kudede parandavad efektid, mis v\u00f5ivad kesta kuni 2 aastat. Niidid on biolagunevad ja lahustuvad t\u00e4ielikult kehas 1-2 aasta jooksul.<\/p>\n<p>Tulemused s\u00f5ltuvad patsiendi vanusest protseduuri ajal, naha kvaliteedist, naha l\u00f5tvumise m\u00e4\u00e4rast ja kasutatud niitide arvust.<\/p>\n","protected":false},"excerpt":{"rendered":"<p><strong>Rainbow Thread PDO Twin 26G\/38\/60 mm<\/strong> on v\u00e4ga t\u00f5hus ravi n\u00e4o pinguldamiseks ja t\u00f5stmiseks ning naha noorendamiseks, andes kohesed tulemused. Twin-niit on loodud kahe \u00f5hukese mono niidiga, mis muudab kogu niidi paksemaks ja tugevamaks kui olemasolevad PDO Mono niidid.<\/p>\n","protected":false},"featured_media":39763,"template":"","meta":{"_seopress_robots_primary_cat":"","_seopress_titles_title":"","_seopress_titles_desc":"","_seopress_robots_index":""},"item":[1453],"product_cat":[156,1736],"product_tag":[],"class_list":{"0":"post-39766","1":"product","2":"type-product","3":"status-publish","4":"has-post-thumbnail","6":"item-rainbow-et-2","7":"product_cat-mesoniidid-et","8":"product_cat-pdo-mono-type-et","10":"first","11":"instock","12":"taxable","13":"shipping-taxable","14":"purchasable","15":"product-type-variable"},"_links":{"self":[{"href":"https:\/\/cutismedical.shop\/et\/wp-json\/wp\/v2\/product\/39766","targetHints":{"allow":["GET"]}}],"collection":[{"href":"https:\/\/cutismedical.shop\/et\/wp-json\/wp\/v2\/product"}],"about":[{"href":"https:\/\/cutismedical.shop\/et\/wp-json\/wp\/v2\/types\/product"}],"wp:featuredmedia":[{"embeddable":true,"href":"https:\/\/cutismedical.shop\/et\/wp-json\/wp\/v2\/media\/39763"}],"wp:attachment":[{"href":"https:\/\/cutismedical.shop\/et\/wp-json\/wp\/v2\/media?parent=39766"}],"wp:term":[{"taxonomy":"item","embeddable":true,"href":"https:\/\/cutismedical.shop\/et\/wp-json\/wp\/v2\/item?post=39766"},{"taxonomy":"product_cat","embeddable":true,"href":"https:\/\/cutismedical.shop\/et\/wp-json\/wp\/v2\/product_cat?post=39766"},{"taxonomy":"product_tag","embeddable":true,"href":"https:\/\/cutismedical.shop\/et\/wp-json\/wp\/v2\/product_tag?post=39766"}],"curies":[{"name":"wp","href":"https:\/\/api.w.org\/{rel}","templated":true}]}}