{"id":39578,"date":"2023-09-13T19:35:44","date_gmt":"2023-09-13T17:35:44","guid":{"rendered":"https:\/\/cutismedical.com\/shop\/maaratlemata\/caromed-italia-drink-skinrepair-9-bottles-of-25-ml\/"},"modified":"2024-10-23T00:01:29","modified_gmt":"2024-10-22T22:01:29","slug":"caromed-italia-drink-skinrepair-9-bottles-of-25-ml","status":"publish","type":"product","link":"https:\/\/cutismedical.shop\/et\/shop-es\/supplement-prof\/caromed-italia-drink-skinrepair-9-bottles-of-25-ml\/","title":{"rendered":"Caromed Italia. Drink Skinrepair 5 pakki * (7*25 ml ampulli)"},"content":{"rendered":"<p><em><strong>35 viaali, 25 ml.<\/strong><\/em><\/p>\n<p><b>Komponendid:<\/b><br \/>\n\u25e6 Skinrepair p\u00f5hineb Verisol\u00ae kollageeni peptiididel ning selle valemis on ka teisi toitvaid koostisosi, nagu h\u00fcaluroonhape ja C-vitamiin, mis aitavad kaasa naha niisutamisele ja kollageeni tootmisele. E-vitamiin toimib toitainena ja antioks\u00fcdandina, aidates nahka noorendada. Tsink tugevdab naha immuuns\u00fcsteemi ja soodustab kudede paranemist. Aloe Vera ja Althaea Officinalis&#8217;e juureekstrakt niisutavad ja rahustavad nahka. Ingver on tugev antioks\u00fcdant, millel on antiseptilised omadused.<\/p>\n<p><b>Tulemused:<\/b><br \/>\n\u25e6 Skinrepair Drink on kliiniliselt t\u00f5estatud efektiivne naha kollageeni parandamiseks, elastsuse suurendamiseks, naha niisutamiseks ja rahustamiseks, samuti omab p\u00f5letikuvastast ja rahustavat m\u00f5ju.<\/p>\n<p>\u25e6 Skinrepair Drink&#8217;i karbis on 7 viaali, iga\u00fcks 25 ml. Seda saab kasutada Face3 s\u00fcsteemiga koos v\u00f5i iseseisvalt. Optimaalsete tulemuste saavutamiseks soovitatakse v\u00f5tta \u00fcks viaal p\u00e4evas p\u00e4rast Face3 koorimist.<\/p>\n","protected":false},"excerpt":{"rendered":"<p><em><strong>Skinrepair<\/strong><\/em> on esimene esteetiline jook, mis aitab taastada nahka ja stimuleerida kollageeni tootmist. Lisaks aitab see nahal taastuda p\u00e4rast koorimisi ja muid esteetilisi protseduure.<\/p>\n","protected":false},"featured_media":39574,"template":"","meta":{"_seopress_robots_primary_cat":"none","_seopress_titles_title":"","_seopress_titles_desc":"","_seopress_robots_index":""},"item":[1667],"product_cat":[1984],"product_tag":[],"class_list":{"0":"post-39578","1":"product","2":"type-product","3":"status-publish","4":"has-post-thumbnail","6":"item-life-prp-et","7":"product_cat-supplement-prof","8":"pa_product_main_cat-kodune-hooldus","9":"pa_product_main_cat-professionaalne-hooldus","10":"pa_register_only-register_price","11":"pa_register_only-new_regular_price","13":"first","14":"instock","15":"taxable","16":"shipping-taxable","17":"purchasable","18":"product-type-simple"},"_links":{"self":[{"href":"https:\/\/cutismedical.shop\/et\/wp-json\/wp\/v2\/product\/39578","targetHints":{"allow":["GET"]}}],"collection":[{"href":"https:\/\/cutismedical.shop\/et\/wp-json\/wp\/v2\/product"}],"about":[{"href":"https:\/\/cutismedical.shop\/et\/wp-json\/wp\/v2\/types\/product"}],"wp:featuredmedia":[{"embeddable":true,"href":"https:\/\/cutismedical.shop\/et\/wp-json\/wp\/v2\/media\/39574"}],"wp:attachment":[{"href":"https:\/\/cutismedical.shop\/et\/wp-json\/wp\/v2\/media?parent=39578"}],"wp:term":[{"taxonomy":"item","embeddable":true,"href":"https:\/\/cutismedical.shop\/et\/wp-json\/wp\/v2\/item?post=39578"},{"taxonomy":"product_cat","embeddable":true,"href":"https:\/\/cutismedical.shop\/et\/wp-json\/wp\/v2\/product_cat?post=39578"},{"taxonomy":"product_tag","embeddable":true,"href":"https:\/\/cutismedical.shop\/et\/wp-json\/wp\/v2\/product_tag?post=39578"}],"curies":[{"name":"wp","href":"https:\/\/api.w.org\/{rel}","templated":true}]}}