{"id":39564,"date":"2023-09-13T18:22:33","date_gmt":"2023-09-13T16:22:33","guid":{"rendered":"https:\/\/cutismedical.com\/shop\/maaratlemata\/caromed-italia-drink-skinbooster-9-bottles-of-25-ml\/"},"modified":"2024-10-23T00:11:38","modified_gmt":"2024-10-22T22:11:38","slug":"caromed-italia-drink-skinbooster-9-bottles-of-25-ml","status":"publish","type":"product","link":"https:\/\/cutismedical.shop\/et\/shop-es\/supplement-prof\/caromed-italia-drink-skinbooster-9-bottles-of-25-ml\/","title":{"rendered":"Caromed Italia. Drink Skinbooster 5 pakki * (7*25 ml ampulli)"},"content":{"rendered":"<p><em><strong>35 viaali, 25 ml.<\/strong><\/em><\/p>\n<p><b>Komponendid:<\/b><br \/>\n\u25e6 P\u00f5hineb Verisol\u00ae kollageeni peptiididel ja toitainetel, nagu v\u00f5imsad antioks\u00fcdandid (\u017een\u0161enn) ja aktiivsetel koostisosadel, nagu h\u00fcaluroonhape, tsink, biotiin ja vitamiinid (A, C, E), mis toidavad nahka seestpoolt. Lisaks on Tiibeti astelpaju ja leedri looduslikel omadustel tugev vananemisvastane toime.<\/p>\n<p><b>Tulemused:<\/b><br \/>\n\u25e6 Skinbooster Drink on kliiniliselt t\u00f5estatud, et see on v\u00e4ga t\u00f5hus naha rasu ja niisutustaseme reguleerimisel, kollageeni tootmise stimuleerimisel ja naha elastsuse parandamisel, mis aitab v\u00e4hendada s\u00fcgavaid kortse.<\/p>\n<p>\u25e6 Skinbooster Drink&#8217;i karbis on 7 viaali, iga\u00fcks 25 ml. Seda saab kasutada Face3 s\u00fcsteemi osana v\u00f5i iseseisvalt. Optimaalsete tulemuste saavutamiseks soovitatakse v\u00f5tta \u00fcks viaal p\u00e4evas kahe n\u00e4dala jooksul enne koorimisprotseduuri.<\/p>\n","protected":false},"excerpt":{"rendered":"<p><em><strong>Drink Skinbooster<\/strong><\/em> on esimene esteetiline jook, mis stimuleerib naha immuuns\u00fcsteemi ja kaitseb nahka. Lisaks valmistab see naha ette Face3 koorimisprotseduuriks.<\/p>\n","protected":false},"featured_media":39560,"template":"","meta":{"_seopress_robots_primary_cat":"none","_seopress_titles_title":"","_seopress_titles_desc":"","_seopress_robots_index":""},"item":[1667],"product_cat":[1984],"product_tag":[],"class_list":{"0":"post-39564","1":"product","2":"type-product","3":"status-publish","4":"has-post-thumbnail","6":"item-life-prp-et","7":"product_cat-supplement-prof","8":"pa_product_main_cat-kodune-hooldus","9":"pa_product_main_cat-professionaalne-hooldus","10":"pa_register_only-register_price","11":"pa_register_only-new_regular_price","13":"first","14":"instock","15":"taxable","16":"shipping-taxable","17":"purchasable","18":"product-type-simple"},"_links":{"self":[{"href":"https:\/\/cutismedical.shop\/et\/wp-json\/wp\/v2\/product\/39564","targetHints":{"allow":["GET"]}}],"collection":[{"href":"https:\/\/cutismedical.shop\/et\/wp-json\/wp\/v2\/product"}],"about":[{"href":"https:\/\/cutismedical.shop\/et\/wp-json\/wp\/v2\/types\/product"}],"wp:featuredmedia":[{"embeddable":true,"href":"https:\/\/cutismedical.shop\/et\/wp-json\/wp\/v2\/media\/39560"}],"wp:attachment":[{"href":"https:\/\/cutismedical.shop\/et\/wp-json\/wp\/v2\/media?parent=39564"}],"wp:term":[{"taxonomy":"item","embeddable":true,"href":"https:\/\/cutismedical.shop\/et\/wp-json\/wp\/v2\/item?post=39564"},{"taxonomy":"product_cat","embeddable":true,"href":"https:\/\/cutismedical.shop\/et\/wp-json\/wp\/v2\/product_cat?post=39564"},{"taxonomy":"product_tag","embeddable":true,"href":"https:\/\/cutismedical.shop\/et\/wp-json\/wp\/v2\/product_tag?post=39564"}],"curies":[{"name":"wp","href":"https:\/\/api.w.org\/{rel}","templated":true}]}}