{"id":39550,"date":"2023-09-13T16:56:53","date_gmt":"2023-09-13T14:56:55","guid":{"rendered":"https:\/\/cutismedical.com\/?post_type=product&#038;p=39550"},"modified":"2024-10-23T00:37:45","modified_gmt":"2024-10-22T22:37:45","slug":"caromed-italia-sofhyal-4","status":"publish","type":"product","link":"https:\/\/cutismedical.shop\/et\/shop-es\/fillerid-et\/caromed-italia-sofhyal-4\/","title":{"rendered":"Caromed Italia. Sofhyal 4 | (5 pakki)"},"content":{"rendered":"<p><strong>Tehnilised andmed:<\/strong><br \/>\n<strong>Peamised koostisosad<\/strong>: h\u00fcaluroonhape, lidokaiin 0,3<br \/>\n<strong>Kasutamisn\u00e4idustused<\/strong>: dermise s\u00fcgavate kihtide korrigeerimiseks<br \/>\n<strong>Pakkimine<\/strong>: 2 x 1 ml s\u00fcstlas<br \/>\n<strong>S\u00e4ilitamistingimused<\/strong>: toatemperatuuril<br \/>\n<strong>Aegumiskuup\u00e4ev<\/strong>: m\u00e4rgitud pakendil<br \/>\nKontsentratsioon \u2014 22 mg\/ml; n\u00f5el \u2014 27 G; toime kestus \u2014 6-9 kuud<\/p>\n<p>Sofhyal&#8217;i valem h\u00f5lbustab pehme ja elastse toote ekstrusiooni, millel on pikem kasutusiga. Sofhyal&#8217;i geeli omadused koos k\u00f5rgtehnoloogiliste n\u00f5eltega muudavad geeli kergesti s\u00fcstitavaks ja pehmeks. Kaasaegsed meetodid kasutavad mitmeid vertikaalseid s\u00fcste, n\u00e4iteks huulte suurendamise meetodil, kus kasutatakse 29 G n\u00f5ela (traditsiooniline 30 G).<\/p>\n<p><strong>SOFHYAL<\/strong> on s\u00fcstitav steriilne geel, mis ei sisalda p\u00fcrogeene ja on m\u00f5eldud kudede suurendamiseks, andes harmoonilisi tulemusi. See koosneb ristseotud h\u00fcaluroonhappest, mis ei ole loomset p\u00e4ritolu. Geel on lateksivaba, viskoelastne, l\u00e4bipaistev ja biolagunev.<\/p>\n<p><strong>H\u00fcaluroonhape Sofhyal<\/strong><\/p>\n<p>T\u00f6\u00f6stuse peamine v\u00e4ljakutse on olnud arendada monophasic-geeli, millel on biphasic eelised, mis t\u00f5i turule h\u00fcbriidtooted. Kuid Sofhyal l\u00e4heb veelgi kaugemale oma ultra-mono-tehnoloogiaga.<\/p>\n<p>-100% ristseotud geel ilma fosfaatpuhvrita, lahjendatud l\u00f5ppfaasis<br \/>\n-T\u00f5husam ravi t\u00e4nu t\u00e4ielikule geeli ristseostumisele, mida l\u00f5ppfaasis ei lahjendata<br \/>\n-Lidokaiini \u00fchtlasem jaotumine tootes<br \/>\n-Paistetuse v\u00e4hendamine p\u00e4rast manustamist<\/p>\n<p>Erinevad tootmisetapid on optimeeritud puhvrite v\u00f5i lahustuva h\u00fcaluroonhappe lisamata j\u00e4tmisega, ristseosed j\u00e4\u00e4vad puutumatuks. Madalatemperatuuriline ristseostamisprotsess tagab toote terviklikkuse ja v\u00e4ga madala j\u00e4\u00e4k BDDE taseme, alla 0,1 ppm. T\u00e4nu monophasic ja biphasic tehnoloogia kombinatsioonile oleme saavutanud uue j\u00f5udluse taseme.<\/p>\n<p>-Tagab pikaajalise, mahulise ja t\u00e4itva efekti<br \/>\n-Mugavam protseduur t\u00e4nu lidokaiini lisamisele<br \/>\n-Sertifitseeritud BDDE j\u00e4\u00e4k &lt; 0,1 ppm<br \/>\n-Parendatud reoloogilised omadused tangentiga (TAN) alla 0,1<br \/>\n-Valmistatud bio-fermenteeritud h\u00fcaluroonhappest<br \/>\n-Kasutatakse k\u00f5rgekvaliteedilisi farmatseutilisi tooraineid<\/p>\n","protected":false},"excerpt":{"rendered":"<p><strong>SOFHYAL<\/strong> on s\u00fcstitav steriilne geel, mis ei sisalda p\u00fcrogeene ja on m\u00f5eldud kudede suurendamiseks, andes harmoonilisi tulemusi.<\/p>\n","protected":false},"featured_media":39553,"template":"","meta":{"_seopress_robots_primary_cat":"none","_seopress_titles_title":"","_seopress_titles_desc":"","_seopress_robots_index":""},"item":[1667],"product_cat":[154],"product_tag":[],"class_list":{"0":"post-39550","1":"product","2":"type-product","3":"status-publish","4":"has-post-thumbnail","6":"item-life-prp-et","7":"product_cat-fillerid-et","9":"first","10":"instock","11":"taxable","12":"shipping-taxable","13":"purchasable","14":"product-type-simple"},"_links":{"self":[{"href":"https:\/\/cutismedical.shop\/et\/wp-json\/wp\/v2\/product\/39550","targetHints":{"allow":["GET"]}}],"collection":[{"href":"https:\/\/cutismedical.shop\/et\/wp-json\/wp\/v2\/product"}],"about":[{"href":"https:\/\/cutismedical.shop\/et\/wp-json\/wp\/v2\/types\/product"}],"wp:featuredmedia":[{"embeddable":true,"href":"https:\/\/cutismedical.shop\/et\/wp-json\/wp\/v2\/media\/39553"}],"wp:attachment":[{"href":"https:\/\/cutismedical.shop\/et\/wp-json\/wp\/v2\/media?parent=39550"}],"wp:term":[{"taxonomy":"item","embeddable":true,"href":"https:\/\/cutismedical.shop\/et\/wp-json\/wp\/v2\/item?post=39550"},{"taxonomy":"product_cat","embeddable":true,"href":"https:\/\/cutismedical.shop\/et\/wp-json\/wp\/v2\/product_cat?post=39550"},{"taxonomy":"product_tag","embeddable":true,"href":"https:\/\/cutismedical.shop\/et\/wp-json\/wp\/v2\/product_tag?post=39550"}],"curies":[{"name":"wp","href":"https:\/\/api.w.org\/{rel}","templated":true}]}}