{"id":39542,"date":"2023-09-12T17:21:55","date_gmt":"2023-09-12T15:21:55","guid":{"rendered":"https:\/\/cutismedical.com\/shop\/maaratlemata\/caromed-italia-sofhyal-3\/"},"modified":"2024-10-23T00:52:36","modified_gmt":"2024-10-22T22:52:36","slug":"caromed-italia-sofhyal-3","status":"publish","type":"product","link":"https:\/\/cutismedical.shop\/et\/shop-es\/fillerid-et\/caromed-italia-sofhyal-3\/","title":{"rendered":"Caromed Italia. Sofhyal 3 | (5 pakki)"},"content":{"rendered":"<p><strong>Tehnilised andmed:<\/strong><br \/>\n<strong>Peamised koostisosad<\/strong>: h\u00fcaluroonhape, lidokaiin 0,3<br \/>\n<strong>Kasutamisn\u00e4idustused<\/strong>: huuled ja naerukortsud; keskmine dermis<br \/>\n<strong>Pakend<\/strong>: 2 x 1 ml s\u00fcstlas<br \/>\n<strong>S\u00e4ilitamistingimused<\/strong>: toatemperatuuril<br \/>\n<strong>Aegumiskuup\u00e4ev<\/strong>: m\u00e4rgitud pakendil<br \/>\nKontsentratsioon \u2014 20 mg\/ml; n\u00f5el \u2014 29 G; toime kestus \u2014 6-9 kuud<\/p>\n<p>Sofhyal&#8217;i valem h\u00f5lbustab pehme ja elastse toote ekstrusiooni, millel on pikem kasutusiga. T\u00e4nu Sofhyal geeli omadustele ja k\u00f5rgtehnoloogilistele n\u00f5eltele on geeli lihtne s\u00fcstida ja see on pehme. Kaasaegsed meetodid kasutavad mitmeid vertikaalseid s\u00fcste, n\u00e4iteks huulte suurendamise meetodil, kus kasutatakse 29 G n\u00f5ela (traditsiooniline 30 G).<\/p>\n<hr \/>\n<p><strong>H\u00fcaluroonhape Sofhyal<\/strong><\/p>\n<p>T\u00f6\u00f6stuse peamine v\u00e4ljakutse on olnud v\u00e4lja t\u00f6\u00f6tada monophasic-geel, millel on biphasismi eelised, mis t\u00f5i turule h\u00fcbriidtooted. Kuid Sofhyal l\u00e4heb veelgi kaugemale, kasutades ultramono-tehnoloogiat.<\/p>\n<ul>\n<li>100% ristseotud geel ilma fosfaatpuhvrita, lahjendatud l\u00f5ppfaasis<\/li>\n<li>T\u00f5husam ravi t\u00e4nu t\u00e4ielikule geeli ristseostumisele, mida l\u00f5ppfaasis ei lahjendata<\/li>\n<li>Lidokaiini \u00fchtlasem jaotumine tootes<\/li>\n<li>Paistetuse v\u00e4hendamine p\u00e4rast manustamist<\/li>\n<\/ul>\n<p>Tootmisprotsessid on optimeeritud puhvrite v\u00f5i lahustuva h\u00fcaluroonhappe lisamise v\u00e4ltimiseks, ristseosed j\u00e4\u00e4vad puutumatuks. Madalatemperatuuriline ristseostamisprotsess tagab toote terviklikkuse ja v\u00e4ga madala j\u00e4\u00e4k BDDE taseme, alla 0,1 ppm. T\u00e4nu monophasic ja biphasic tehnoloogia kombinatsioonile oleme saavutanud uue j\u00f5udluse taseme.<\/p>\n<ul>\n<li>Tagab pikaajalise, mahulise ja t\u00e4itva efekti<\/li>\n<li>Suurem mugavus protseduuri ajal t\u00e4nu lidokaiini lisamisele<\/li>\n<li>Sertifitseeritud BDDE j\u00e4\u00e4k &lt; 0,1 ppm<\/li>\n<li>Parandatud reoloogilised omadused tangentiga (TAN) alla 0,1<\/li>\n<li>Valmistatud bio-fermenteeritud h\u00fcaluroonhappest<\/li>\n<li>Kasutatakse k\u00f5rgekvaliteedilisi farmatseutilisi tooraineid<\/li>\n<\/ul>\n","protected":false},"excerpt":{"rendered":"<h4><strong>SOFHYAL<\/strong> on s\u00fcstitav steriilne geel, mis ei sisalda p\u00fcrogeene ja on m\u00f5eldud kudede suurendamiseks harmooniliste tulemustega.<\/h4>\n","protected":false},"featured_media":39540,"template":"","meta":{"_seopress_robots_primary_cat":"none","_seopress_titles_title":"","_seopress_titles_desc":"","_seopress_robots_index":""},"item":[1667],"product_cat":[154],"product_tag":[],"class_list":{"0":"post-39542","1":"product","2":"type-product","3":"status-publish","4":"has-post-thumbnail","6":"item-life-prp-et","7":"product_cat-fillerid-et","9":"first","10":"instock","11":"taxable","12":"shipping-taxable","13":"purchasable","14":"product-type-simple"},"_links":{"self":[{"href":"https:\/\/cutismedical.shop\/et\/wp-json\/wp\/v2\/product\/39542","targetHints":{"allow":["GET"]}}],"collection":[{"href":"https:\/\/cutismedical.shop\/et\/wp-json\/wp\/v2\/product"}],"about":[{"href":"https:\/\/cutismedical.shop\/et\/wp-json\/wp\/v2\/types\/product"}],"wp:featuredmedia":[{"embeddable":true,"href":"https:\/\/cutismedical.shop\/et\/wp-json\/wp\/v2\/media\/39540"}],"wp:attachment":[{"href":"https:\/\/cutismedical.shop\/et\/wp-json\/wp\/v2\/media?parent=39542"}],"wp:term":[{"taxonomy":"item","embeddable":true,"href":"https:\/\/cutismedical.shop\/et\/wp-json\/wp\/v2\/item?post=39542"},{"taxonomy":"product_cat","embeddable":true,"href":"https:\/\/cutismedical.shop\/et\/wp-json\/wp\/v2\/product_cat?post=39542"},{"taxonomy":"product_tag","embeddable":true,"href":"https:\/\/cutismedical.shop\/et\/wp-json\/wp\/v2\/product_tag?post=39542"}],"curies":[{"name":"wp","href":"https:\/\/api.w.org\/{rel}","templated":true}]}}