{"id":39507,"date":"2023-09-08T18:38:02","date_gmt":"2023-09-08T16:38:02","guid":{"rendered":"https:\/\/cutismedical.com\/shop\/maaratlemata\/rainbow-pcla-thread-cog-type-1-pouch-20-pcs-box-5-pouches-20-pcs\/"},"modified":"2024-10-23T10:49:11","modified_gmt":"2024-10-23T08:49:11","slug":"rainbow-pcla-thread-cog-type-1-pouch-20-pcs-box-5-pouches-20-pcs","status":"publish","type":"product","link":"https:\/\/cutismedical.shop\/et\/shop-es\/mesoniidid-et\/polycaprolactone-et\/rainbow-pcla-thread-cog-type-1-pouch-20-pcs-box-5-pouches-20-pcs\/","title":{"rendered":"Rainbow. PCLA Thread (Cog Type) | 1 kott (20 tk)"},"content":{"rendered":"<table width=\"892\">\n<tbody>\n<tr>\n<td width=\"451\"><a href=\"https:\/\/cutismedical.com\/wp-content\/uploads\/2019\/04\/upakovka.jpg\"><img loading=\"lazy\" decoding=\"async\" class=\"wp-image-35617 aligncenter lazyloaded\" src=\"https:\/\/cutismedical.com\/wp-content\/uploads\/2019\/04\/upakovka.jpg\" sizes=\"auto, (max-width: 386px) 100vw, 386px\" srcset=\"https:\/\/cutismedical.com\/wp-content\/uploads\/2019\/04\/upakovka.jpg 890w, https:\/\/cutismedical.com\/wp-content\/uploads\/2019\/04\/upakovka-636x400.jpg 636w, https:\/\/cutismedical.com\/wp-content\/uploads\/2019\/04\/upakovka-768x483.jpg 768w, https:\/\/cutismedical.com\/wp-content\/uploads\/2019\/04\/upakovka-510x321.jpg 510w\" alt=\"\" width=\"348\" height=\"219\" data-src=\"https:\/\/cutismedical.com\/wp-content\/uploads\/2019\/04\/upakovka.jpg\" data-srcset=\"https:\/\/cutismedical.com\/wp-content\/uploads\/2019\/04\/upakovka.jpg 890w, https:\/\/cutismedical.com\/wp-content\/uploads\/2019\/04\/upakovka-636x400.jpg 636w, https:\/\/cutismedical.com\/wp-content\/uploads\/2019\/04\/upakovka-768x483.jpg 768w, https:\/\/cutismedical.com\/wp-content\/uploads\/2019\/04\/upakovka-510x321.jpg 510w\" data-sizes=\"(max-width: 386px) 100vw, 386px\" \/><\/a><a href=\"https:\/\/cutismedical.com\/wp-content\/uploads\/2019\/04\/mono-info.jpg\"><img loading=\"lazy\" decoding=\"async\" class=\"alignnone size-full wp-image-35626 lazyloaded\" src=\"https:\/\/cutismedical.com\/wp-content\/uploads\/2019\/04\/mono-info.jpg\" sizes=\"auto, (max-width: 855px) 100vw, 855px\" srcset=\"https:\/\/cutismedical.com\/wp-content\/uploads\/2019\/04\/mono-info.jpg 855w, https:\/\/cutismedical.com\/wp-content\/uploads\/2019\/04\/mono-info-800x342.jpg 800w, https:\/\/cutismedical.com\/wp-content\/uploads\/2019\/04\/mono-info-768x329.jpg 768w, https:\/\/cutismedical.com\/wp-content\/uploads\/2019\/04\/mono-info-510x218.jpg 510w\" alt=\"\" width=\"855\" height=\"366\" data-src=\"https:\/\/cutismedical.com\/wp-content\/uploads\/2019\/04\/mono-info.jpg\" data-srcset=\"https:\/\/cutismedical.com\/wp-content\/uploads\/2019\/04\/mono-info.jpg 855w, https:\/\/cutismedical.com\/wp-content\/uploads\/2019\/04\/mono-info-800x342.jpg 800w, https:\/\/cutismedical.com\/wp-content\/uploads\/2019\/04\/mono-info-768x329.jpg 768w, https:\/\/cutismedical.com\/wp-content\/uploads\/2019\/04\/mono-info-510x218.jpg 510w\" data-sizes=\"(max-width: 855px) 100vw, 855px\" \/><\/a><\/td>\n<td width=\"451\"><a href=\"https:\/\/cutismedical.com\/wp-content\/uploads\/2020\/05\/pcla.jpg\"><img loading=\"lazy\" decoding=\"async\" class=\"wp-image-35686 aligncenter lazyloaded\" src=\"https:\/\/cutismedical.com\/wp-content\/uploads\/2020\/05\/pcla.jpg\" sizes=\"auto, (max-width: 320px) 100vw, 320px\" srcset=\"https:\/\/cutismedical.com\/wp-content\/uploads\/2020\/05\/pcla.jpg 574w, https:\/\/cutismedical.com\/wp-content\/uploads\/2020\/05\/pcla-536x400.jpg 536w, https:\/\/cutismedical.com\/wp-content\/uploads\/2020\/05\/pcla-510x380.jpg 510w\" alt=\"\" width=\"320\" height=\"239\" data-src=\"https:\/\/cutismedical.com\/wp-content\/uploads\/2020\/05\/pcla.jpg\" data-srcset=\"https:\/\/cutismedical.com\/wp-content\/uploads\/2020\/05\/pcla.jpg 574w, https:\/\/cutismedical.com\/wp-content\/uploads\/2020\/05\/pcla-536x400.jpg 536w, https:\/\/cutismedical.com\/wp-content\/uploads\/2020\/05\/pcla-510x380.jpg 510w\" data-sizes=\"(max-width: 320px) 100vw, 320px\" \/><\/a><a href=\"https:\/\/cutismedical.com\/wp-content\/uploads\/2020\/05\/pcla-2.jpg\"><img loading=\"lazy\" decoding=\"async\" class=\"wp-image-35689 aligncenter lazyloaded\" src=\"https:\/\/cutismedical.com\/wp-content\/uploads\/2020\/05\/pcla-2.jpg\" sizes=\"auto, (max-width: 315px) 100vw, 315px\" srcset=\"https:\/\/cutismedical.com\/wp-content\/uploads\/2020\/05\/pcla-2.jpg 566w, https:\/\/cutismedical.com\/wp-content\/uploads\/2020\/05\/pcla-2-510x296.jpg 510w\" alt=\"\" width=\"315\" height=\"183\" data-src=\"https:\/\/cutismedical.com\/wp-content\/uploads\/2020\/05\/pcla-2.jpg\" data-srcset=\"https:\/\/cutismedical.com\/wp-content\/uploads\/2020\/05\/pcla-2.jpg 566w, https:\/\/cutismedical.com\/wp-content\/uploads\/2020\/05\/pcla-2-510x296.jpg 510w\" data-sizes=\"(max-width: 315px) 100vw, 315px\" \/><\/a><\/td>\n<\/tr>\n<\/tbody>\n<\/table>\n<p> <a href=\"https:\/\/cutismedical.com\/wp-content\/uploads\/2020\/05\/pcla-2-kopija.jpg\"><img loading=\"lazy\" decoding=\"async\" class=\"alignnone size-full wp-image-35693 ls-is-cached lazyloaded\" src=\"https:\/\/cutismedical.com\/wp-content\/uploads\/2020\/05\/pcla-2-kopija.jpg\" sizes=\"auto, (max-width: 794px) 100vw, 794px\" srcset=\"https:\/\/cutismedical.com\/wp-content\/uploads\/2020\/05\/pcla-2-kopija.jpg 794w, https:\/\/cutismedical.com\/wp-content\/uploads\/2020\/05\/pcla-2-kopija-768x332.jpg 768w, https:\/\/cutismedical.com\/wp-content\/uploads\/2020\/05\/pcla-2-kopija-510x220.jpg 510w\" alt=\"\" width=\"794\" height=\"343\" data-src=\"https:\/\/cutismedical.com\/wp-content\/uploads\/2020\/05\/pcla-2-kopija.jpg\" data-srcset=\"https:\/\/cutismedical.com\/wp-content\/uploads\/2020\/05\/pcla-2-kopija.jpg 794w, https:\/\/cutismedical.com\/wp-content\/uploads\/2020\/05\/pcla-2-kopija-768x332.jpg 768w, https:\/\/cutismedical.com\/wp-content\/uploads\/2020\/05\/pcla-2-kopija-510x220.jpg 510w\" data-sizes=\"(max-width: 794px) 100vw, 794px\" \/><\/a><br \/>\nRainbow Threads on valmistatud PDO-st (pol\u00fcdiooksanoon), PLLA-st (pol\u00fc-L-piimhape) ja PCLA-st (pol\u00fc-L-laktiid-ko-\u03b5-kaprolaktoon), need on biolagunevad ja absorbeeruvad niidid, mida on viimased 50 aastat kasutatud kirurgilistes \u00f5mblustes. Meditsiinilised \u00f5mblused on ette n\u00e4htud sisestamiseks SMAS-i kihtidesse, kus need aitavad nahka pinguldada ja t\u00f5sta, sobides patsientidele, kellel on l\u00f5tv v\u00f5i vajunud nahk.<\/p>\n<p>Vanusega muutub nahakude kollageeni ja elastiini kiudude lagunemise t\u00f5ttu \u00f5hemaks, mis p\u00f5hjustab naha l\u00f5tvumist, s\u00fcgavaid voldikesi, kortse. Rainbow niidid stimuleerivad fibroblaste ja kollageeni tootmist, pakkudes loodusliku, m\u00e4rgatava naha pingulduse ja t\u00f5ste efekti, parandavad vereringet, aitavad parandada nahatooni ja naha elastsust. Mittekirurgiline nahat\u00f5ste on loodud pakkuma pikaajalist m\u00f5ju koos koheste tulemustega.<\/p>\n<p>Rainbow Threads on sertifitseeritud klassi III toodetena vastavalt Euroopa Meditsiiniseadmete direktiivile, CE-m\u00e4rgistusega, mis tagab toote kvaliteedi ja ohutuse.<\/p>\n<p><a href=\"https:\/\/cutismedical.com\/wp-content\/uploads\/2023\/09\/all-threads.jpg\"><img loading=\"lazy\" decoding=\"async\" class=\"alignnone size-full wp-image-39503\" src=\"https:\/\/cutismedical.com\/wp-content\/uploads\/2023\/09\/all-threads.jpg\" alt=\"\" width=\"977\" height=\"304\" srcset=\"https:\/\/cutismedical.shop\/wp-content\/uploads\/2023\/09\/all-threads.jpg 977w, https:\/\/cutismedical.shop\/wp-content\/uploads\/2023\/09\/all-threads-150x47.jpg 150w, https:\/\/cutismedical.shop\/wp-content\/uploads\/2023\/09\/all-threads-592x184.jpg 592w, https:\/\/cutismedical.shop\/wp-content\/uploads\/2023\/09\/all-threads-800x249.jpg 800w, https:\/\/cutismedical.shop\/wp-content\/uploads\/2023\/09\/all-threads-768x239.jpg 768w, https:\/\/cutismedical.shop\/wp-content\/uploads\/2023\/09\/all-threads-510x159.jpg 510w\" sizes=\"auto, (max-width: 977px) 100vw, 977px\" \/><\/a><\/p>\n","protected":false},"excerpt":{"rendered":"<p>Rainbow Thread on uus kontseptuaalne premium-liftingu ravi, mis kasutab mittekirurgilisi nahat\u00f5ste niite, mis efektiivselt ravivad l\u00f5tvunud nahka, luues loomuliku, v\u00e4rskema ja noorema v\u00e4limusega n\u00e4o.<\/p>\n","protected":false},"featured_media":39515,"template":"","meta":{"_seopress_robots_primary_cat":"","_seopress_titles_title":"","_seopress_titles_desc":"","_seopress_robots_index":""},"item":[1453],"product_cat":[156,1739],"product_tag":[],"class_list":{"0":"post-39507","1":"product","2":"type-product","3":"status-publish","4":"has-post-thumbnail","6":"item-rainbow-et-2","7":"product_cat-mesoniidid-et","8":"product_cat-polycaprolactone-et","10":"first","11":"instock","12":"taxable","13":"shipping-taxable","14":"purchasable","15":"product-type-variable"},"_links":{"self":[{"href":"https:\/\/cutismedical.shop\/et\/wp-json\/wp\/v2\/product\/39507","targetHints":{"allow":["GET"]}}],"collection":[{"href":"https:\/\/cutismedical.shop\/et\/wp-json\/wp\/v2\/product"}],"about":[{"href":"https:\/\/cutismedical.shop\/et\/wp-json\/wp\/v2\/types\/product"}],"wp:featuredmedia":[{"embeddable":true,"href":"https:\/\/cutismedical.shop\/et\/wp-json\/wp\/v2\/media\/39515"}],"wp:attachment":[{"href":"https:\/\/cutismedical.shop\/et\/wp-json\/wp\/v2\/media?parent=39507"}],"wp:term":[{"taxonomy":"item","embeddable":true,"href":"https:\/\/cutismedical.shop\/et\/wp-json\/wp\/v2\/item?post=39507"},{"taxonomy":"product_cat","embeddable":true,"href":"https:\/\/cutismedical.shop\/et\/wp-json\/wp\/v2\/product_cat?post=39507"},{"taxonomy":"product_tag","embeddable":true,"href":"https:\/\/cutismedical.shop\/et\/wp-json\/wp\/v2\/product_tag?post=39507"}],"curies":[{"name":"wp","href":"https:\/\/api.w.org\/{rel}","templated":true}]}}