{"id":39390,"date":"2023-08-20T14:41:33","date_gmt":"2023-08-20T12:41:33","guid":{"rendered":"https:\/\/cutismedical.com\/shop\/maaratlemata\/toskani-aquabalance-cream-50ml\/"},"modified":"2024-10-23T11:04:04","modified_gmt":"2024-10-23T09:04:04","slug":"toskani-aquabalance-cream-50ml","status":"publish","type":"product","link":"https:\/\/cutismedical.shop\/et\/shop-es\/nahahooldus\/kreem-et-prof\/toskani-aquabalance-cream-50ml\/","title":{"rendered":"Toskani. Aquabalance cream 50ml."},"content":{"rendered":"<div class=\"mb-4\"><strong>P\u00f5hikomponendid<\/strong>: looduslik niisutav tegur, vitamiinid A, E, C, F, mimoosi ekstrakt<\/div>\n<div><\/div>\n<div class=\"mb-4\"><strong>Kasutamisn\u00e4idustused<\/strong>: noor nahk (bioloogiline vanus kuni 35 aastat), kerged kuni m\u00f5\u00f5dukad kortsud, peened jooned ja pindmised kortsud, kuiv nahk, \u00f5rn nahk, sobib k\u00f5ikidele nahat\u00fc\u00fcpidele, isegi k\u00f5ige tundlikumale<\/div>\n<div><\/div>\n<div class=\"mb-4\"><strong>Kasutusjuhend<\/strong>: kandke puhastatud nahale p\u00e4rast seerumi kasutamist kergete tupsutavate liigutustega. P\u00e4rast t\u00e4ielikku imendumist v\u00f5ib kanda meiki<\/div>\n<div><\/div>\n<div class=\"mb-4\"><strong>Pakend<\/strong>: 50 ml tuubis<\/div>\n<div><\/div>\n<div class=\"mb-4\"><strong>S\u00e4ilitamistingimused<\/strong>: toatemperatuuril<\/div>\n<div><\/div>\n<div class=\"mb-4\"><strong>Aegumiskuup\u00e4ev<\/strong>: 12 kuud p\u00e4rast avamist<\/div>\n<div><\/div>\n<div class=\"stats\"><span style=\"color: #555555;\">Kui teil on kuiv ja veetustatud nahk, siis see kreem on teie jaoks! Ideaalne \u00fclitundlikule nahale, mis on altid \u00e4rritusele ja niiskuse puudusele. Kreem on loodud s\u00fcgavaks ja pikaajaliseks niisutamiseks, optimaalse vee tasakaalu s\u00e4ilitamiseks, kollageeni tootmise stimuleerimiseks ning naha taastumise ja kaitse t\u00f5hustamiseks.<\/span><\/div>\n","protected":false},"excerpt":{"rendered":"<p>Kui teil on kuiv ja veetustatud nahk, siis see kreem on teie jaoks! Ideaalne \u00fclitundlikule nahale, mis on altid \u00e4rritusele ja niiskuse puudusele.<\/p>\n<p><span style=\"color: #ed1c24;\"><strong>Aegumiskuup\u00e4ev: 04.2024<\/strong><\/span><\/p>\n","protected":false},"featured_media":39387,"template":"","meta":{"_seopress_robots_primary_cat":"","_seopress_titles_title":"","_seopress_titles_desc":"","_seopress_robots_index":""},"item":[1206],"product_cat":[1910,1928],"product_tag":[1882,1888],"class_list":{"0":"post-39390","1":"product","2":"type-product","3":"status-publish","4":"has-post-thumbnail","6":"item-toskanicosmetics-et-2","7":"product_cat-nahahooldus","8":"product_cat-kreem-et-prof","9":"product_tag-kuiv-veetustunud-nahk","10":"product_tag-tundlik-nahk","12":"first","13":"instock","14":"sale","15":"taxable","16":"shipping-taxable","17":"purchasable","18":"product-type-simple"},"_links":{"self":[{"href":"https:\/\/cutismedical.shop\/et\/wp-json\/wp\/v2\/product\/39390","targetHints":{"allow":["GET"]}}],"collection":[{"href":"https:\/\/cutismedical.shop\/et\/wp-json\/wp\/v2\/product"}],"about":[{"href":"https:\/\/cutismedical.shop\/et\/wp-json\/wp\/v2\/types\/product"}],"wp:featuredmedia":[{"embeddable":true,"href":"https:\/\/cutismedical.shop\/et\/wp-json\/wp\/v2\/media\/39387"}],"wp:attachment":[{"href":"https:\/\/cutismedical.shop\/et\/wp-json\/wp\/v2\/media?parent=39390"}],"wp:term":[{"taxonomy":"item","embeddable":true,"href":"https:\/\/cutismedical.shop\/et\/wp-json\/wp\/v2\/item?post=39390"},{"taxonomy":"product_cat","embeddable":true,"href":"https:\/\/cutismedical.shop\/et\/wp-json\/wp\/v2\/product_cat?post=39390"},{"taxonomy":"product_tag","embeddable":true,"href":"https:\/\/cutismedical.shop\/et\/wp-json\/wp\/v2\/product_tag?post=39390"}],"curies":[{"name":"wp","href":"https:\/\/api.w.org\/{rel}","templated":true}]}}