{"id":39372,"date":"2023-08-16T21:07:55","date_gmt":"2023-08-16T19:07:55","guid":{"rendered":"https:\/\/cutismedical.com\/shop\/maaratlemata\/toskani-anti-hair-loss-lotion-100ml\/"},"modified":"2025-09-23T11:37:10","modified_gmt":"2025-09-23T09:37:10","slug":"toskani-anti-hair-loss-lotion-100ml","status":"publish","type":"product","link":"https:\/\/cutismedical.shop\/et\/shop-es\/nahahooldus\/juuksehooldus-prof\/toskani-anti-hair-loss-lotion-100ml\/","title":{"rendered":"Toskani. DensiHair Boost lotion 100 ml."},"content":{"rendered":"<p>Uuenduslik lahendus juuste v\u00e4ljalangemise peatamiseks, edendades tervislikke juuksefolliikulisid, stimuleerides naha papilla ja Taaselustades juuste kasvu juurest. Parandab meditsiinilise ravi tulemusi, \u00fchendades kaks revolutsioonilist toimeainet: VitaStem ja VitaSmart.<\/p>\n<p>DensiHair Boost lotion on m\u00f5eldud juuste v\u00e4ljalangemise vastu v\u00f5itlemiseks ja juuksev\u00f5lli tugevdamiseks juurtest otsteni. Densihair Boost lotion, mis on koostatud kahe uuendusliku toimeainega, millel on stimuleerivad omadused, on suunatud juuste v\u00e4ljalangemisele uuest vaatenurgast, tugevdades ja Taaselustades juuksefolliikuli nahapapilla, aidates tugevdada kasvufaasi, aidates suurendada tihedust ja parandades juuste struktuuri.<\/p>\n<p>See kreem pakub intensiivset tegevust, j\u00e4tmata juustele ja peanahale j\u00e4\u00e4ke, samuti parandab kodus meditsiiniliste juuste v\u00e4ljalangemise ravi tulemusi.<\/p>\n<p>&nbsp;<\/p>\n<p>T\u00c4HISTE<\/p>\n<p>Astra meeste ja naiste mustriga androgeenne alopeetsia.<\/p>\n<p>Traumaatiline alopeetsia.<\/p>\n<p>Alopeetsia areata.<\/p>\n<p>Hajus alopeetsia.<\/p>\n<p>&nbsp;<\/p>\n<p>TOIMEAINE:<\/p>\n<p>VitaStem<\/p>\n<p>Curcuma Longa risoomist saadud VitaStem p\u00f5hineb taimsete t\u00fcvirakkude signaalpeptiididel. Paikselt manustatuna toimivad Vitastemi taimsed peptiidid v\u00f5imsate signaalmolekulidena, mis j\u00e4ljendavad inimkehas leiduvate endogeensete peptiidide struktuuri, aidates avaldada stimuleerivat toimet:<\/p>\n<p>&nbsp;<\/p>\n<ul>\n<li>Suurenenud vereringe,<\/li>\n<li>T\u00f5hustatud rakuv\u00e4lise maatriksi tootmine,<\/li>\n<li>Antioks\u00fcdantne bioaktiivne toime.<\/li>\n<\/ul>\n<p>&nbsp;<\/p>\n<p>VitaSmart<\/p>\n<p>Sisaldab taimede signaalpeptiide, mis on kapseldatud nutikatesse manustamiss\u00fcsteemidesse. Need tugevad peptiidid transporditakse otse juuksefolliikulite juure, aidates tagada maksimaalse efektiivsuse:<\/p>\n<p>&nbsp;<\/p>\n<ul>\n<li>Nahapapillarakkude stimulatsioon,<\/li>\n<li>Juuste maatriksi t\u00fcvirakkude stimuleerimine,<\/li>\n<li>Valkude ja geenide \u00fclesreguleerimine.<\/li>\n<\/ul>\n<p>&nbsp;<\/p>\n<p>Uurea<\/p>\n<p>Karbamiid on madala molekulmassiga aine, mis v\u00f5imaldab sellel tungida epidermisse ja t\u00e4nu polaarsusele muudab selle veega v\u00e4ga sarnaseks, suurendades h\u00fcdratsiooni rakenduspiirkondades. See parandab peanaha tervist: tasakaalustab \u00f5list sekretsiooni, v\u00e4hendab p\u00f5letikku ja s\u00e4ilitab naha terviklikkuse, kaitstes mikroorganismide, n\u00e4iteks seente ja bakterite eest.<\/p>\n<p>&nbsp;<\/p>\n<p>Niatsiinamiid (B3)<\/p>\n<p>Tuntud ka kui Vitamiin B3, omab mitmeid kasulikke m\u00f5jusid, mis aitavad juuste kasvu: p\u00f5letikuvastased omadused, rasu tootmise reguleerimine, antioks\u00fcdantne aktiivsus ja t\u00f5hustatud niisutus.<\/p>\n<p>&nbsp;<\/p>\n<p>Biotiin (B8)<\/p>\n<p>See on v\u00e4\u00e4rtuslik toitaine tervete ja eluj\u00f5uliste juuste s\u00e4ilitamiseks ning v\u00f5ib aidata keratiini s\u00fcnteesil, keratinots\u00fc\u00fctide proliferatsioonil ja diferentseerumisel, toitainete transpordi parandamisel ja antioks\u00fcdantsel aktiivsusel.<\/p>\n<p>&nbsp;<\/p>\n<p>P\u00fcridoksiin (B6)<\/p>\n<p>Aita parandada juuste kvaliteeti ja kasvu kollageeni s\u00fcnteesi, aminohapete ainevahetuse, rasu tootmise reguleerimise ja antioks\u00fcdantse aktiivsuse kaudu.<\/p>\n<p>&nbsp;<\/p>\n<p>Betaiin<\/p>\n<p>Aitab saavutada juuste optimaalset tervist niiskuse s\u00e4ilitamise, rasu tootmise reguleerimise, osmoprotektsiooni, keratinots\u00fc\u00fctide proliferatsiooni ja antioks\u00fcdantsete omaduste kaudu.<\/p>\n<p>&nbsp;<\/p>\n<p>Salits\u00fc\u00fclhape<\/p>\n<p>Toetab juuste kasvu peanaha koorimise, rasu tootmise reguleerimise, p\u00f5letikuvastase toime ja vereringe stimuleerimisega.<\/p>\n<p>&nbsp;<\/p>\n<p>Tsink<\/p>\n<p>Aitab edendada juuste kasvu rakkude proliferatsiooni, hormoonide ja kasvufaktorite reguleerimise, keratiini s\u00fcnteesi ja Immuunfunktsiooni kaudu.<\/p>\n<p>&nbsp;<\/p>\n<p>RAKENDUS<\/p>\n<p>* Ravi: 2 igap\u00e4evast rakendust, \u00fcks hommikul ja teine \u00f6\u00f6sel.<\/p>\n<p>* Hooldus: 1 igap\u00e4evane rakendus.<\/p>\n<p>Lisaks on soovitatav kasutada toodet v\u00e4hemalt 3 kuud.<\/p>\n<p>Astra masseerige \u00fcle peanaha ja laske loomulikult kuivada. V\u00f5ib rakendada otse intensiivse igap\u00e4evase hooldusena v\u00f5i ennetava vahendina igal teisel p\u00e4eval.<\/p>\n<p>V\u00e4ltida kokkupuudet silmade, suu ja teiste limaskestadega.<\/p>\n","protected":false},"excerpt":{"rendered":"<p>Uuenduslik lahendus juuste v\u00e4ljalangemise peatamiseks, edendades tervislikke juuksefolliikulisid, stimuleerides naha papilla ja Taaselustades juuste kasvu juurest. Parandab meditsiinilise ravi tulemusi, \u00fchendades kaks revolutsioonilist toimeainet: VitaStem ja VitaSmart.<\/p>\n","protected":false},"featured_media":150007,"template":"","meta":{"_seopress_robots_primary_cat":"none","_seopress_titles_title":"","_seopress_titles_desc":"","_seopress_robots_index":""},"item":[1206],"product_cat":[1813,1987,1910,1990],"product_tag":[],"class_list":{"0":"post-39372","1":"product","2":"type-product","3":"status-publish","4":"has-post-thumbnail","6":"item-toskanicosmetics-et-2","7":"product_cat-otstarve","8":"product_cat-juuksehooldus","9":"product_cat-nahahooldus","10":"product_cat-juuksehooldus-prof","12":"first","13":"instock","14":"taxable","15":"shipping-taxable","16":"purchasable","17":"product-type-simple"},"_links":{"self":[{"href":"https:\/\/cutismedical.shop\/et\/wp-json\/wp\/v2\/product\/39372","targetHints":{"allow":["GET"]}}],"collection":[{"href":"https:\/\/cutismedical.shop\/et\/wp-json\/wp\/v2\/product"}],"about":[{"href":"https:\/\/cutismedical.shop\/et\/wp-json\/wp\/v2\/types\/product"}],"wp:featuredmedia":[{"embeddable":true,"href":"https:\/\/cutismedical.shop\/et\/wp-json\/wp\/v2\/media\/150007"}],"wp:attachment":[{"href":"https:\/\/cutismedical.shop\/et\/wp-json\/wp\/v2\/media?parent=39372"}],"wp:term":[{"taxonomy":"item","embeddable":true,"href":"https:\/\/cutismedical.shop\/et\/wp-json\/wp\/v2\/item?post=39372"},{"taxonomy":"product_cat","embeddable":true,"href":"https:\/\/cutismedical.shop\/et\/wp-json\/wp\/v2\/product_cat?post=39372"},{"taxonomy":"product_tag","embeddable":true,"href":"https:\/\/cutismedical.shop\/et\/wp-json\/wp\/v2\/product_tag?post=39372"}],"curies":[{"name":"wp","href":"https:\/\/api.w.org\/{rel}","templated":true}]}}