{"id":39365,"date":"2023-08-16T20:38:06","date_gmt":"2023-08-16T18:38:06","guid":{"rendered":"https:\/\/cutismedical.com\/shop\/maaratlemata\/toskani-densihair-boost-30-capsules\/"},"modified":"2024-10-23T11:19:11","modified_gmt":"2024-10-23T09:19:11","slug":"toskani-densihair-boost-30-capsules","status":"publish","type":"product","link":"https:\/\/cutismedical.shop\/et\/shop-es\/supplement-prof\/toskani-densihair-boost-30-capsules\/","title":{"rendered":"Toskani. DensiHair Boost (30 kapslit)"},"content":{"rendered":"<div class=\"mb-4\">\n<strong>P\u00f5hikomponendid:<\/strong> sabal serrata, biotiin (B8), tsink, seleen, l\u00fcsiin, ts\u00fcstiin, arginiin<\/p>\n<p><strong>Kasutamisn\u00e4idustused:<\/strong> juuste tugevdamiseks ja juuste v\u00e4ljalangemise peatamiseks<\/p>\n<p><strong>Kasutamisjuhend:<\/strong> v\u00f5tke 2 kapslit p\u00e4evas intensiivse ravi korral (3 kuud). Seej\u00e4rel v\u00f5tke 1 kapsel p\u00e4evas hooldusravi jaoks<\/p>\n<p><strong>Pakkimine:<\/strong> 30 kapslit karbis<\/p>\n<p><strong>S\u00e4ilitamistingimused:<\/strong> toatemperatuuril<\/p>\n<p><strong>Aegumiskuup\u00e4ev:<\/strong> 3 aastat<\/p>\n<p>Toidulisand, mis sisaldab sabal serratat, vitamiine ja aminohappeid, et tugevdada juukseid ja peatada nende v\u00e4ljalangemine. V\u00e4ljat\u00f6\u00f6tatud abiks juuste v\u00e4ljalangemise vastastele meditsiinilistele protseduuridele.<\/p>\n<\/div>\n","protected":false},"excerpt":{"rendered":"<p>Toidulisand, mis sisaldab sabal serratat, vitamiine ja aminohappeid, et tugevdada juukseid ja peatada nende v\u00e4ljalangemine. V\u00e4ljat\u00f6\u00f6tatud abiks juuste v\u00e4ljalangemise vastastele meditsiinilistele protseduuridele.<\/p>\n","protected":false},"featured_media":39362,"template":"","meta":{"_seopress_robots_primary_cat":"none","_seopress_titles_title":"","_seopress_titles_desc":"","_seopress_robots_index":""},"item":[1206],"product_cat":[1984],"product_tag":[],"class_list":{"0":"post-39365","1":"product","2":"type-product","3":"status-publish","4":"has-post-thumbnail","6":"item-toskanicosmetics-et-2","7":"product_cat-supplement-prof","8":"pa_register_only-register_price","9":"pa_register_only-new_regular_price","11":"first","12":"instock","13":"taxable","14":"shipping-taxable","15":"purchasable","16":"product-type-simple"},"_links":{"self":[{"href":"https:\/\/cutismedical.shop\/et\/wp-json\/wp\/v2\/product\/39365","targetHints":{"allow":["GET"]}}],"collection":[{"href":"https:\/\/cutismedical.shop\/et\/wp-json\/wp\/v2\/product"}],"about":[{"href":"https:\/\/cutismedical.shop\/et\/wp-json\/wp\/v2\/types\/product"}],"wp:featuredmedia":[{"embeddable":true,"href":"https:\/\/cutismedical.shop\/et\/wp-json\/wp\/v2\/media\/39362"}],"wp:attachment":[{"href":"https:\/\/cutismedical.shop\/et\/wp-json\/wp\/v2\/media?parent=39365"}],"wp:term":[{"taxonomy":"item","embeddable":true,"href":"https:\/\/cutismedical.shop\/et\/wp-json\/wp\/v2\/item?post=39365"},{"taxonomy":"product_cat","embeddable":true,"href":"https:\/\/cutismedical.shop\/et\/wp-json\/wp\/v2\/product_cat?post=39365"},{"taxonomy":"product_tag","embeddable":true,"href":"https:\/\/cutismedical.shop\/et\/wp-json\/wp\/v2\/product_tag?post=39365"}],"curies":[{"name":"wp","href":"https:\/\/api.w.org\/{rel}","templated":true}]}}