{"id":39155,"date":"2023-07-10T17:29:19","date_gmt":"2023-07-10T15:29:19","guid":{"rendered":"https:\/\/cutismedical.com\/shop\/maaratlemata\/durolane-1pc-3ml\/"},"modified":"2025-06-30T15:01:42","modified_gmt":"2025-06-30T13:01:42","slug":"durolane-1pc-3ml","status":"publish","type":"product","link":"https:\/\/cutismedical.shop\/et\/shop-es\/fillerid-et\/durolane-1pc-3ml\/","title":{"rendered":"Durolane (4tk.*1ml.)"},"content":{"rendered":"<p>See ortopeediline toode p\u00f5hineb looduslikul, ohutul ja t\u00f5estatud tehnoloogial, mida nimetatakse NASHA. Durolane on l\u00e4bipaistev geel, mis sisaldab h\u00fcaluroonhapet \u2013 looduslikku molekuli, mis muu hulgas tagab tervisliku liigese m\u00e4\u00e4rimise ja pehmenduse. Kui geel s\u00fcstitakse kahjustatud piirkonda, pakub see kohest valu leevendust ja parandab liigese funktsiooni.<\/p>\n<p>&nbsp;<\/p>\n<p><strong>Pakk sisaldab:<\/strong> 1 s\u00fcstal mahuga 3 ml<\/p>\n<p><strong>Durolane koostis:<\/strong> 20 mg\/ml h\u00fcaluroonhapet<\/p>\n<p><strong>Durolane eelised:<\/strong><\/p>\n<p>Kasutatakse kerge kuni m\u00f5\u00f5duka p\u00f5lve- v\u00f5i puusaliigese osteoartriidi s\u00fcmptomaatiliseks raviks<\/p>\n<p>Ravib otseselt kahjustatud liigest<\/p>\n<p>Valu leevendav toime<\/p>\n<p>&nbsp;<\/p>\n<p><strong>Kaua tulemus kestab?<\/strong><\/p>\n<p>Durolane leevendab t\u00f5husalt valu ja taastab liigese funktsiooni kuni kuueks kuuks, s\u00f5ltuvalt patsiendi individuaalsetest omadustest.<\/p>\n<p>&nbsp;<\/p>\n<p><em>Durolane on \u00fchekordne h\u00fcaluroonhappe s\u00fcstimine. Ravim on v\u00e4lja t\u00f6\u00f6tatud p\u00f5lve osteoartriidiga seotud valu leevendamiseks. Ravi sobib ideaalselt patsientidele, kellel ei ole olnud edu teiste konservatiivsete, mittefarmakoloogiliste ravimeetoditega. Durolane ravi p\u00f5hineb looduslikul, ohutul ja t\u00f5estatud NASHA tehnoloogial. Geel sisaldab suures koguses h\u00fcaluroonhapet (HA), mis on looduslik molekul, mis tagab muu hulgas normaalses ja tervislikus liigeses m\u00e4\u00e4rimise. Kui Durolane s\u00fcstitakse osteoartriidi poolt m\u00f5jutatud liigestesse, toimib see kohese valu leevendajana ja parandab liigese funktsiooni.<\/em><\/p>\n<p><em>\u00abDurolane on parandanud enam kui miljoni inimese elu \u00fcle maailma.\u00bb<\/em><\/p>\n<p><em>\u2013 Tony Bihl, Bioventuse tegevjuht<\/em><\/p>\n","protected":false},"excerpt":{"rendered":"<p><strong>Durolane<\/strong> on \u00fchekordse s\u00fcstiga h\u00fcaluroonhappe ravi, mis on loodud osteoartriidi haiguse liigesevalu leevendamiseks.<\/p>\n","protected":false},"featured_media":39153,"template":"","meta":{"_seopress_robots_primary_cat":"none","_seopress_titles_title":"","_seopress_titles_desc":"","_seopress_robots_index":""},"item":[2205],"product_cat":[154],"product_tag":[],"class_list":{"0":"post-39155","1":"product","2":"type-product","3":"status-publish","4":"has-post-thumbnail","6":"item-durolane-et","7":"product_cat-fillerid-et","9":"first","10":"instock","11":"taxable","12":"shipping-taxable","13":"purchasable","14":"product-type-simple"},"_links":{"self":[{"href":"https:\/\/cutismedical.shop\/et\/wp-json\/wp\/v2\/product\/39155","targetHints":{"allow":["GET"]}}],"collection":[{"href":"https:\/\/cutismedical.shop\/et\/wp-json\/wp\/v2\/product"}],"about":[{"href":"https:\/\/cutismedical.shop\/et\/wp-json\/wp\/v2\/types\/product"}],"wp:featuredmedia":[{"embeddable":true,"href":"https:\/\/cutismedical.shop\/et\/wp-json\/wp\/v2\/media\/39153"}],"wp:attachment":[{"href":"https:\/\/cutismedical.shop\/et\/wp-json\/wp\/v2\/media?parent=39155"}],"wp:term":[{"taxonomy":"item","embeddable":true,"href":"https:\/\/cutismedical.shop\/et\/wp-json\/wp\/v2\/item?post=39155"},{"taxonomy":"product_cat","embeddable":true,"href":"https:\/\/cutismedical.shop\/et\/wp-json\/wp\/v2\/product_cat?post=39155"},{"taxonomy":"product_tag","embeddable":true,"href":"https:\/\/cutismedical.shop\/et\/wp-json\/wp\/v2\/product_tag?post=39155"}],"curies":[{"name":"wp","href":"https:\/\/api.w.org\/{rel}","templated":true}]}}