{"id":39102,"date":"2023-07-07T08:26:25","date_gmt":"2023-07-07T06:26:25","guid":{"rendered":"https:\/\/cutismedical.com\/shop\/maaratlemata\/cingal-1pcs-4ml\/"},"modified":"2025-06-30T15:21:40","modified_gmt":"2025-06-30T13:21:40","slug":"cingal-1pcs-4ml","status":"publish","type":"product","link":"https:\/\/cutismedical.shop\/et\/shop-es\/fillerid-et\/cingal-1pcs-4ml\/","title":{"rendered":"Anika | Cingal (1 tk * 4 ml)"},"content":{"rendered":"<p>H\u00fcaluroonhape (HA) on looduslik aine, mida keha toodab. Tavaliselt leidub seda suures koguses liigese kudedes ja vedelikus, mis \u00fcmbritseb liigeseid. Osteoartriidi korral v\u00e4heneb loomuliku HA hulk ja selle kvaliteet v\u00f5ib olla halvem kui tavaliselt, mis p\u00f5hjustab liigese \u00e4rritust ja p\u00f5letikku, valu ja j\u00e4ikust. CINGAL\u00ae lisab HA-d liigestesse, kus see toimib m\u00e4\u00e4rdeaine ja amortisaatorina, samas kui triamtsinoloon heksatsetoniid v\u00e4hendab p\u00f5letikku. CINGAL\u00ae vajab vaid \u00fchte s\u00fcsti, et saavutada kiire ja pikaajaline valu leevendamine.<\/p>\n<p><strong>Pakk koosneb:<\/strong><\/p>\n<ul>\n<li>1 s\u00fcstal x 4 ml pakis<\/li>\n<\/ul>\n<p><strong>CINGAL\u00ae koostis:<\/strong><\/p>\n<ul>\n<li>88 mg h\u00fcaluroonhapet<\/li>\n<li>18 mg triamtsinoloon heksatsetoniidi<\/li>\n<\/ul>\n<p><strong>CINGAL\u00ae eelised:<\/strong><\/p>\n<ul>\n<li>Vahetu valu leevendamine ja parem liigese liikuvus<\/li>\n<li>Pikaajalised tulemused<\/li>\n<li>Piirkonnad: heaks kiidetud k\u00f5ikide s\u00fcnoviaalliigeste jaoks<\/li>\n<\/ul>\n<p><strong>Kaua kestab tulemus?<\/strong><br \/>\nTavaliselt v\u00f5ib CINGAL\u00ae leevendada p\u00f5lvevalu kuni 6 kuud. M\u00f5ned patsiendid tunnevad valu leevendust kauem kui 6 kuud.<\/p>\n<hr \/>\n<p>CINGAL on v\u00f5imas \u00fchekordne s\u00fcstitav ravi osteoartriidiga seotud valu jaoks. CINGAL on esimene heakskiidetud kombinatsioon, mis \u00fchendab t\u00f5estatud h\u00fcaluroonhappe (HA) ja tuntud steroidi, et pakkuda kiiret ja pikaajalist valu leevendust osteoartriidist tingitud valu korral.<\/p>\n<p>Osteoartriidi korral v\u00f5ib liigeses olla ebapiisavalt looduslikku h\u00fcaluroonhapet ja selle kvaliteet v\u00f5ib olla halvem kui tavaliselt. CINGAL-i s\u00fcstimisel saavutatakse k\u00f5rgem HA kontsentratsioon, mis koos steroidiga aitab v\u00e4hendada valu ja parandada liigese liikuvust. CINGAL s\u00fcstitakse \u00fche s\u00fcstina otse p\u00f5lveliigesesse, kus see toimib m\u00e4\u00e4rdeaine ja amortisaatorina. Toode tagab pikaajalise valu leevenduse ja on t\u00f5estatud, et see kestab kuni 6 kuud.<\/p>\n","protected":false},"excerpt":{"rendered":"<p>CINGAL\u00ae on ainulaadne ristseostatud h\u00fcaluroonhappe ja triamtsinoloon heksatsetoniidi kombinatsioon, mis on m\u00f5eldud osteoartriidiga seotud valu ja teatud s\u00fcmptomite ohutuks ja t\u00f5husaks raviks.<\/p>\n","protected":false},"featured_media":39100,"template":"","meta":{"_seopress_robots_primary_cat":"none","_seopress_titles_title":"","_seopress_titles_desc":"","_seopress_robots_index":""},"item":[2417],"product_cat":[155,154],"product_tag":[],"class_list":{"0":"post-39102","1":"product","2":"type-product","3":"status-publish","4":"has-post-thumbnail","6":"item-anika-et","7":"product_cat-mesoteraapia-et","8":"product_cat-fillerid-et","10":"first","11":"instock","12":"taxable","13":"shipping-taxable","14":"purchasable","15":"product-type-simple"},"_links":{"self":[{"href":"https:\/\/cutismedical.shop\/et\/wp-json\/wp\/v2\/product\/39102","targetHints":{"allow":["GET"]}}],"collection":[{"href":"https:\/\/cutismedical.shop\/et\/wp-json\/wp\/v2\/product"}],"about":[{"href":"https:\/\/cutismedical.shop\/et\/wp-json\/wp\/v2\/types\/product"}],"wp:featuredmedia":[{"embeddable":true,"href":"https:\/\/cutismedical.shop\/et\/wp-json\/wp\/v2\/media\/39100"}],"wp:attachment":[{"href":"https:\/\/cutismedical.shop\/et\/wp-json\/wp\/v2\/media?parent=39102"}],"wp:term":[{"taxonomy":"item","embeddable":true,"href":"https:\/\/cutismedical.shop\/et\/wp-json\/wp\/v2\/item?post=39102"},{"taxonomy":"product_cat","embeddable":true,"href":"https:\/\/cutismedical.shop\/et\/wp-json\/wp\/v2\/product_cat?post=39102"},{"taxonomy":"product_tag","embeddable":true,"href":"https:\/\/cutismedical.shop\/et\/wp-json\/wp\/v2\/product_tag?post=39102"}],"curies":[{"name":"wp","href":"https:\/\/api.w.org\/{rel}","templated":true}]}}