{"id":38387,"date":"2023-04-20T11:40:11","date_gmt":"2023-04-20T09:40:11","guid":{"rendered":"https:\/\/cutismedical.com\/shop\/maaratlemata\/sutis-musculpting-machine\/"},"modified":"2024-10-23T16:05:18","modified_gmt":"2024-10-23T14:05:18","slug":"sutis-musculpting-machine","status":"publish","type":"product","link":"https:\/\/cutismedical.shop\/et\/shop-es\/seadmed\/beauty-machine-et\/sutis-musculpting-machine\/","title":{"rendered":"Cutis Medical Group. Muskulpeerimismasin."},"content":{"rendered":"<p><iframe loading=\"lazy\" title=\"YouTube video player\" src=\"https:\/\/www.youtube.com\/embed\/RTZKIvwOi4Y\" width=\"560\" height=\"315\" frameborder=\"0\" allowfullscreen=\"allowfullscreen\"><span data-mce-type=\"bookmark\" style=\"display: inline-block; width: 0px; overflow: hidden; line-height: 0;\" class=\"mce_SELRES_start\">\ufeff<\/span><\/iframe><br \/>\nRaadiosagedusliku kuumutamise t\u00f5ttu t\u00f5useb lihaste temperatuur kiiresti mitme kraadi v\u00f5rra. See valmistab lihased ette koormusele, sarnaselt soojendusele enne treeningut. V\u00e4hem kui 4 minutiga j\u00f5uab nahaaluse rasva temperatuur tasemele, mis p\u00f5hjustab apoptoosi, st rasvarakud on p\u00fcsivalt kahjustatud ja eemaldatakse kehast aeglaselt. Kliinilised uuringud n\u00e4itasid, et nahaaluse rasva hulk v\u00e4heneb keskmiselt 30%.<\/p>\n<p>HIFEM+ energia \u00fcletab aju piirangud ja p\u00f5hjustab lihaskiudude kokkut\u00f5mbumist sellise intensiivsusega, mida ei ole v\u00f5imalik saavutada vabatahtliku treeningu ajal. \u00c4\u00e4rmuslik stress sunnib lihaseid kohanema, mille tulemuseks on lihaskiudude ja -rakkude arvu suurenemine ja kasv. Kliinilised uuringud n\u00e4itasid, et lihaste maht suureneb keskmiselt 25%.<\/p>\n<p><a href=\"https:\/\/cutismedical.com\/wp-content\/uploads\/2023\/04\/1-1-scaled.jpg\"><img loading=\"lazy\" decoding=\"async\" class=\"alignnone size-full wp-image-38400\" src=\"https:\/\/cutismedical.com\/wp-content\/uploads\/2023\/04\/1-1-scaled.jpg\" alt=\"\" width=\"1200\" height=\"356\" srcset=\"https:\/\/cutismedical.shop\/wp-content\/uploads\/2023\/04\/1-1-scaled.jpg 1200w, https:\/\/cutismedical.shop\/wp-content\/uploads\/2023\/04\/1-1-scaled-150x45.jpg 150w, https:\/\/cutismedical.shop\/wp-content\/uploads\/2023\/04\/1-1-scaled-592x176.jpg 592w, https:\/\/cutismedical.shop\/wp-content\/uploads\/2023\/04\/1-1-800x237.jpg 800w, https:\/\/cutismedical.shop\/wp-content\/uploads\/2023\/04\/1-1-768x228.jpg 768w, https:\/\/cutismedical.shop\/wp-content\/uploads\/2023\/04\/1-1-510x151.jpg 510w\" sizes=\"auto, (max-width: 1200px) 100vw, 1200px\" \/><\/a><\/p>\n<p><a href=\"https:\/\/cutismedical.com\/wp-content\/uploads\/2023\/04\/2-scaled.jpg\"><img loading=\"lazy\" decoding=\"async\" class=\"alignnone size-full wp-image-38403\" src=\"https:\/\/cutismedical.com\/wp-content\/uploads\/2023\/04\/2-scaled.jpg\" alt=\"\" width=\"1200\" height=\"778\" srcset=\"https:\/\/cutismedical.shop\/wp-content\/uploads\/2023\/04\/2-scaled.jpg 1200w, https:\/\/cutismedical.shop\/wp-content\/uploads\/2023\/04\/2-scaled-150x97.jpg 150w, https:\/\/cutismedical.shop\/wp-content\/uploads\/2023\/04\/2-scaled-592x384.jpg 592w, https:\/\/cutismedical.shop\/wp-content\/uploads\/2023\/04\/2-617x400.jpg 617w, https:\/\/cutismedical.shop\/wp-content\/uploads\/2023\/04\/2-1234x800.jpg 1234w, https:\/\/cutismedical.shop\/wp-content\/uploads\/2023\/04\/2-768x498.jpg 768w, https:\/\/cutismedical.shop\/wp-content\/uploads\/2023\/04\/2-510x331.jpg 510w\" sizes=\"auto, (max-width: 1200px) 100vw, 1200px\" \/><\/a> <a href=\"https:\/\/cutismedical.com\/wp-content\/uploads\/2023\/04\/3-2-scaled.jpg\"><img loading=\"lazy\" decoding=\"async\" class=\"alignnone size-full wp-image-38406\" src=\"https:\/\/cutismedical.com\/wp-content\/uploads\/2023\/04\/3-2-scaled.jpg\" alt=\"\" width=\"1200\" height=\"789\" srcset=\"https:\/\/cutismedical.shop\/wp-content\/uploads\/2023\/04\/3-2-scaled.jpg 1200w, https:\/\/cutismedical.shop\/wp-content\/uploads\/2023\/04\/3-2-scaled-150x99.jpg 150w, https:\/\/cutismedical.shop\/wp-content\/uploads\/2023\/04\/3-2-scaled-592x389.jpg 592w, https:\/\/cutismedical.shop\/wp-content\/uploads\/2023\/04\/3-2-608x400.jpg 608w, https:\/\/cutismedical.shop\/wp-content\/uploads\/2023\/04\/3-2-1216x800.jpg 1216w, https:\/\/cutismedical.shop\/wp-content\/uploads\/2023\/04\/3-2-768x505.jpg 768w, https:\/\/cutismedical.shop\/wp-content\/uploads\/2023\/04\/3-2-510x335.jpg 510w\" sizes=\"auto, (max-width: 1200px) 100vw, 1200px\" \/><\/a><\/p>\n<p><a href=\"https:\/\/cutismedical.com\/wp-content\/uploads\/2023\/04\/df-scaled.jpg\"><img loading=\"lazy\" decoding=\"async\" class=\"alignnone size-full wp-image-38439\" src=\"https:\/\/cutismedical.com\/wp-content\/uploads\/2023\/04\/df-scaled.jpg\" alt=\"\" width=\"1200\" height=\"819\" srcset=\"https:\/\/cutismedical.shop\/wp-content\/uploads\/2023\/04\/df-scaled.jpg 1200w, https:\/\/cutismedical.shop\/wp-content\/uploads\/2023\/04\/df-scaled-150x102.jpg 150w, https:\/\/cutismedical.shop\/wp-content\/uploads\/2023\/04\/df-scaled-592x404.jpg 592w, https:\/\/cutismedical.shop\/wp-content\/uploads\/2023\/04\/df-586x400.jpg 586w, https:\/\/cutismedical.shop\/wp-content\/uploads\/2023\/04\/df-1172x800.jpg 1172w, https:\/\/cutismedical.shop\/wp-content\/uploads\/2023\/04\/df-768x524.jpg 768w, https:\/\/cutismedical.shop\/wp-content\/uploads\/2023\/04\/df-510x348.jpg 510w\" sizes=\"auto, (max-width: 1200px) 100vw, 1200px\" \/><\/a><br \/>\nhttps:\/\/cutismedical.com\/ru\/shop-ru\/oborudovanie\/beauty-machines-ru\/sutis-musculpting-machine\/<\/p>\n","protected":false},"excerpt":{"rendered":"<p><strong>Cutis Medical Group<\/strong> MUSCULPTING NEO p\u00f5hineb aplikaatoril, mis samaaegselt eraldab s\u00fcnkroniseeritud RF- ja HIFEM+ energiavooge.<\/p>\n","protected":false},"featured_media":38383,"template":"","meta":{"_seopress_robots_primary_cat":"","_seopress_titles_title":"","_seopress_titles_desc":"","_seopress_robots_index":""},"item":[2185],"product_cat":[1862,1166],"product_tag":[],"class_list":{"0":"post-38387","1":"product","2":"type-product","3":"status-publish","4":"has-post-thumbnail","6":"item-cutis-et","7":"product_cat-seadmed","8":"product_cat-beauty-machine-et","10":"first","11":"instock","12":"taxable","13":"shipping-taxable","14":"purchasable","15":"product-type-variable"},"_links":{"self":[{"href":"https:\/\/cutismedical.shop\/et\/wp-json\/wp\/v2\/product\/38387","targetHints":{"allow":["GET"]}}],"collection":[{"href":"https:\/\/cutismedical.shop\/et\/wp-json\/wp\/v2\/product"}],"about":[{"href":"https:\/\/cutismedical.shop\/et\/wp-json\/wp\/v2\/types\/product"}],"wp:featuredmedia":[{"embeddable":true,"href":"https:\/\/cutismedical.shop\/et\/wp-json\/wp\/v2\/media\/38383"}],"wp:attachment":[{"href":"https:\/\/cutismedical.shop\/et\/wp-json\/wp\/v2\/media?parent=38387"}],"wp:term":[{"taxonomy":"item","embeddable":true,"href":"https:\/\/cutismedical.shop\/et\/wp-json\/wp\/v2\/item?post=38387"},{"taxonomy":"product_cat","embeddable":true,"href":"https:\/\/cutismedical.shop\/et\/wp-json\/wp\/v2\/product_cat?post=38387"},{"taxonomy":"product_tag","embeddable":true,"href":"https:\/\/cutismedical.shop\/et\/wp-json\/wp\/v2\/product_tag?post=38387"}],"curies":[{"name":"wp","href":"https:\/\/api.w.org\/{rel}","templated":true}]}}