{"id":38079,"date":"2023-03-23T22:56:34","date_gmt":"2023-03-23T20:56:34","guid":{"rendered":"https:\/\/cutismedical.com\/shop\/maaratlemata\/promoitalia-pro-peel-sali-pro-f1-f2s\/"},"modified":"2024-10-23T17:01:32","modified_gmt":"2024-10-23T15:01:32","slug":"promoitalia-pro-peel-sali-pro-f1-f2s","status":"publish","type":"product","link":"https:\/\/cutismedical.shop\/et\/shop-es\/keemilised-piilingud-et\/promoitalia-pro-peel-sali-pro-f1-f2s\/","title":{"rendered":"Promoitalia. PRO PEEL. Sali Pro F1\/F2S"},"content":{"rendered":"<p><em>Salits\u00fc\u00fclhape: lahustav toime<\/em><\/p>\n<p>Salits\u00fc\u00fclhape v\u00f5ib lahustuda nii alkoholis kui ka prop\u00fcleengl\u00fckoolis. See tagab erinevad m\u00f5jud samal kontsentratsioonil:<\/p>\n<p>SALI PRO PLUS F1\/ F2S (25% alkoholis): kiire pindmine toime, peamiselt sarvkihil.<\/p>\n<p style=\"text-align: center;\"><strong><em>Promoitalia innovatsioon<\/em><\/strong><br \/>\nSalits\u00fc\u00fclhapet kahes erinevas lahustis saab kasutada j\u00e4rjestikku, tagades t\u00e4ieliku toime epidermisele ja stimuleerides h\u00e4sti ka dermist.<\/p>\n","protected":false},"excerpt":{"rendered":"<p><em>Salits\u00fc\u00fclhape on beeta-h\u00fcdroks\u00fchape.<\/em> See on v\u00f5imas keratol\u00fc\u00fctiline aine, mis toimib selektiivselt, l\u00f5hkudes keratiini ahelad sarvkihis. Ei m\u00f5juta teisi valke, seega suudab koorida ja h\u00e4vitada ainult sarvkihi rakud.<\/p>\n<p><em><strong>N\u00c4IDUSTUSED<\/strong><\/em><\/p>\n<p>Seborr\u00f6iline nahk kuni papulopustuloosse akneni<br \/>\nFoto- ja krooniline vananemine<br \/>\nNaha v\u00e4rvimuutused<br \/>\nNaha paksuse v\u00e4hendamine<\/p>\n","protected":false},"featured_media":38074,"template":"","meta":{"_seopress_robots_primary_cat":"","_seopress_titles_title":"","_seopress_titles_desc":"","_seopress_robots_index":""},"item":[1194],"product_cat":[153],"product_tag":[],"class_list":{"0":"post-38079","1":"product","2":"type-product","3":"status-publish","4":"has-post-thumbnail","6":"item-promoitalia-et-2","7":"product_cat-keemilised-piilingud-et","9":"first","10":"instock","11":"taxable","12":"shipping-taxable","13":"purchasable","14":"product-type-variable"},"_links":{"self":[{"href":"https:\/\/cutismedical.shop\/et\/wp-json\/wp\/v2\/product\/38079","targetHints":{"allow":["GET"]}}],"collection":[{"href":"https:\/\/cutismedical.shop\/et\/wp-json\/wp\/v2\/product"}],"about":[{"href":"https:\/\/cutismedical.shop\/et\/wp-json\/wp\/v2\/types\/product"}],"wp:featuredmedia":[{"embeddable":true,"href":"https:\/\/cutismedical.shop\/et\/wp-json\/wp\/v2\/media\/38074"}],"wp:attachment":[{"href":"https:\/\/cutismedical.shop\/et\/wp-json\/wp\/v2\/media?parent=38079"}],"wp:term":[{"taxonomy":"item","embeddable":true,"href":"https:\/\/cutismedical.shop\/et\/wp-json\/wp\/v2\/item?post=38079"},{"taxonomy":"product_cat","embeddable":true,"href":"https:\/\/cutismedical.shop\/et\/wp-json\/wp\/v2\/product_cat?post=38079"},{"taxonomy":"product_tag","embeddable":true,"href":"https:\/\/cutismedical.shop\/et\/wp-json\/wp\/v2\/product_tag?post=38079"}],"curies":[{"name":"wp","href":"https:\/\/api.w.org\/{rel}","templated":true}]}}