{"id":38055,"date":"2023-03-23T22:06:45","date_gmt":"2023-03-23T20:06:48","guid":{"rendered":"https:\/\/cutismedical.com\/?post_type=product&#038;p=38055"},"modified":"2024-10-23T17:31:12","modified_gmt":"2024-10-23T15:31:12","slug":"promoitalia-pro-peel-pyruvic-pro-plus-f2s-f4s","status":"publish","type":"product","link":"https:\/\/cutismedical.shop\/et\/shop-es\/keemilised-piilingud-et\/promoitalia-pro-peel-pyruvic-pro-plus-f2s-f4s\/","title":{"rendered":"Promoitalia. PRO PEEL. Pyruvic Pro Plus F2S\/F4S"},"content":{"rendered":"<p><em><strong><span style=\"color: #282828;\">\u00dcLDSOOVITUSED:<\/span><\/strong><\/em><\/p>\n<ul>\n<li><span style=\"color: #282828;\">Aktiivne akne<\/span><\/li>\n<li><span style=\"color: #282828;\">Akne armid<\/span><\/li>\n<li><span style=\"color: #282828;\">Seborroiline dermatiit<\/span><\/li>\n<li><span style=\"color: #282828;\">Aktiinilised keratoosid, d\u00fcskeratoos, piiratud h\u00fcperkeratoos<\/span><\/li>\n<li><span style=\"color: #282828;\">Postaktiinilised ja postp\u00f5letikulised h\u00fcperpigmentatsioonid<\/span><\/li>\n<li><span style=\"color: #282828;\">Kloasm<\/span><\/li>\n<li><span style=\"color: #282828;\">Pinnapealsed kortsud<\/span><\/li>\n<\/ul>\n<p> <span style=\"color: #282828;\">P\u00fcroviinamarihape: lahustav toime<\/span><br \/>\n<span style=\"color: #282828;\">P\u00fcroviinamarihape v\u00f5ib lahustuda nii alkoholis kui ka prop\u00fcleengl\u00fckoolis.<\/span><\/p>\n<p><em><strong><span style=\"color: #282828;\">See tagab erinevad m\u00f5jud samal kontsentratsioonil:<\/span><\/strong><\/em><\/p>\n<p><span style=\"color: #282828;\">PYRUVIC PRO PLUS F2S\/F4S (alkoholis) \u2014 kiire pindmine toime, peamiselt. Dermise kahjustus s\u00f5ltub kokkupuuteajast ja patsiendi biot\u00fc\u00fcbist.<\/span><\/p>\n<p><em><strong><span style=\"color: #282828;\">Promoitalia innovatsioon:<\/span><\/strong><\/em><\/p>\n<p><span style=\"color: #282828;\">P\u00fcroviinamarihapet kahes erinevas lahustis saab kasutada j\u00e4rjestikku, tagades t\u00e4ieliku m\u00f5ju epidermisele kuni dermoepidermaalse \u00fchenduseni, pakkudes t\u00e4iuslikku dermise stimuleerimist.<\/span><\/p>\n<p><em><strong><span style=\"color: #282828;\">SOOVITUSED:<\/span><\/strong><\/em><\/p>\n<ul>\n<li><span style=\"color: #282828;\">Kloasm<\/span><\/li>\n<li><span style=\"color: #282828;\">Krooniline vananemine<\/span><\/li>\n<li><span style=\"color: #282828;\">Postaktiiniline h\u00fcperpigmentatsioon (fotovananemisest)<\/span><\/li>\n<li><span style=\"color: #282828;\">Aktiivne akne<\/span><\/li>\n<li><span style=\"color: #282828;\">Akne armid<\/span><\/li>\n<li><span style=\"color: #282828;\">Aktiinilised keratoosid ja piiratud h\u00fcperkeratoos<\/span><\/li>\n<\/ul>\n","protected":false},"excerpt":{"rendered":"<p><span style=\"color: #282828;\">P\u00fcroviinamarihape on kolmest s\u00fcsinikuaatomist koosnev alfa-ketohape. Sellel on suurep\u00e4rane h\u00fcdrofiilne-lipofiilne tasakaal, mis tagab parema l\u00e4bitungimisv\u00f5ime lipofiilsetes keskkondades.<\/span><\/p>\n<p><span style=\"color: #282828;\">Sel p\u00f5hjusel toimib see:<\/span><\/p>\n<ul>\n<li><span style=\"color: #282828;\">epidermises<\/span><\/li>\n<li><span style=\"color: #282828;\">karvan\u00e4\u00e4psudes<\/span><\/li>\n<li><span style=\"color: #282828;\">dermoepidermaalses \u00fchenduses<\/span><\/li>\n<\/ul>\n","protected":false},"featured_media":38062,"template":"","meta":{"_seopress_robots_primary_cat":"","_seopress_titles_title":"","_seopress_titles_desc":"","_seopress_robots_index":""},"item":[1194],"product_cat":[153],"product_tag":[],"class_list":{"0":"post-38055","1":"product","2":"type-product","3":"status-publish","4":"has-post-thumbnail","6":"item-promoitalia-et-2","7":"product_cat-keemilised-piilingud-et","9":"first","10":"instock","11":"taxable","12":"shipping-taxable","13":"purchasable","14":"product-type-variable"},"_links":{"self":[{"href":"https:\/\/cutismedical.shop\/et\/wp-json\/wp\/v2\/product\/38055","targetHints":{"allow":["GET"]}}],"collection":[{"href":"https:\/\/cutismedical.shop\/et\/wp-json\/wp\/v2\/product"}],"about":[{"href":"https:\/\/cutismedical.shop\/et\/wp-json\/wp\/v2\/types\/product"}],"wp:featuredmedia":[{"embeddable":true,"href":"https:\/\/cutismedical.shop\/et\/wp-json\/wp\/v2\/media\/38062"}],"wp:attachment":[{"href":"https:\/\/cutismedical.shop\/et\/wp-json\/wp\/v2\/media?parent=38055"}],"wp:term":[{"taxonomy":"item","embeddable":true,"href":"https:\/\/cutismedical.shop\/et\/wp-json\/wp\/v2\/item?post=38055"},{"taxonomy":"product_cat","embeddable":true,"href":"https:\/\/cutismedical.shop\/et\/wp-json\/wp\/v2\/product_cat?post=38055"},{"taxonomy":"product_tag","embeddable":true,"href":"https:\/\/cutismedical.shop\/et\/wp-json\/wp\/v2\/product_tag?post=38055"}],"curies":[{"name":"wp","href":"https:\/\/api.w.org\/{rel}","templated":true}]}}