{"id":37954,"date":"2023-03-14T09:24:24","date_gmt":"2023-03-14T07:24:24","guid":{"rendered":"https:\/\/cutismedical.com\/shop\/maaratlemata\/mc-prof-pdrn-hyaluronic-acid-1-5-5ml-lifting\/"},"modified":"2024-10-23T18:23:23","modified_gmt":"2024-10-23T16:23:23","slug":"mc-prof-pdrn-hyaluronic-acid-1-5-5ml-lifting","status":"publish","type":"product","link":"https:\/\/cutismedical.shop\/et\/shop-es\/mesoteraapia-et\/nagu-et\/mc-prof-pdrn-hyaluronic-acid-1-5-5ml-lifting\/","title":{"rendered":"MC Prof. pdrn + hyaluronic acid 1% (5*5ml) \/ Lifting"},"content":{"rendered":"<div class=\"summary__title\">\n<h4 class=\"h4 accordion__title\"><strong>P\u00f5hijooned ja efektid<\/strong><\/h4>\n<\/div>\n<div id=\"ProductAccordion-collapsible-row-0-template--15702916202719__main\" class=\"accordion__content rte\"><span class=\"metafield-multi_line_text_field\">Niisutab ja noorendab nahka. Suurenenud vol\u00fc\u00fcmi efekt ja naha s\u00e4ravuse paranemine. Ideaalne naha noorendamiseks, taastamiseks ja haavade paranemiseks.<\/span><\/p>\n<div class=\"summary__title\">\n<p>Lisainformatsioon<\/p>\n<\/div>\n<div id=\"ProductAccordion-collapsible-row-1-template--15702916202719__main\" class=\"accordion__content rte\"><span class=\"metafield-multi_line_text_field\">Tootekategooria: Professionaalne Peamised koostisosad: Aqua (vesi), h\u00fcaluroonhape, desoks\u00fcribonukleiinhape Hoolduse samm: Ravi T\u00f6\u00f6tlemisala: N\u00e4gu ja keha Soovitatav: Suurep\u00e4rane valik v\u00e4ikeste\/keskmise suurusega kortsude jaoks n\u00e4ol, kaelal, dekolteel ja k\u00e4tel. Samuti soovitatav aknearmide, armide ja venitusarmide korral.<\/span><\/p>\n<div class=\"summary__title\">\n<h4 class=\"h4 accordion__title\"><strong>Kasutamine<\/strong><\/h4>\n<\/div>\n<div id=\"ProductAccordion-collapsible-row-3-template--15702916202719__main\" class=\"accordion__content rte\">\n<p>1. Puhastage nahk puhastuspiima ja n\u00e4otoonikuga, et eemaldada kogu meik ja mustus.<\/p>\n<p>2. Kandke salits\u00fc\u00fclhapet vatipatjadega, et eemaldada surnud rakud ja valmistada nahk ette prof. pdrn + ha 1% kasutamiseks.<\/p>\n<p>3. Kasutage dermapeni\/mesoinjektorit\/s\u00fcstalt, et kanda prof. pdrn + ha 1% \u00fcle kogu n\u00e4o v\u00f5i konkreetsele piirkonnale, et parandada naha puudusi, arme, miimikajooni v\u00f5i muid seisundeid, mida prof. pdrn + ha 1% v\u00f5ib aidata parandada.<\/p>\n<p>4. Kandke pool amprit dekspantenooli otse nahale v\u00e4ga \u00f5rnade liigutustega. See aitab nahal taastuda ja niisutada p\u00e4rast n\u00f5elte kasutamist.<\/p>\n<p>5. Kasutage sellele ravile sobivaimat h\u00fcdrogeelmaski. Kandke maski peale \u00fclej\u00e4\u00e4nud pool dekspantenoolist \u00f5rna massaa\u017eiga.<\/p>\n<p>6. Kandke silmade \u00fcmber h\u00fcaluro-peptiidide paranduskreem ja v\u00e4ike kogus h\u00fcaluroonseerumit \u00fclej\u00e4\u00e4nud n\u00e4ole ja kaelale.<\/p>\n<p>7. Kandke melanopeeli kreemi n\u00e4ole kuni t\u00e4ieliku imendumiseni. L\u00f5petage ravi p\u00e4ikesekaitsekreemiga SPF 50+.<\/p>\n<\/div>\n<\/div>\n<\/div>\n","protected":false},"excerpt":{"rendered":"<p><span class=\"NormalTextRun SCXW16851493 BCX9\">PDRN koos h\u00fcaluroonhappega omab taastavaid, parandavaid ja vananemisvastaseid omadusi. See taastab kahjustusi naha s\u00fcgavatest kihtidest, parandab elastsust ja stimuleerib kollageeni ja elastiini tootmist.<\/span><\/p>\n","protected":false},"featured_media":37951,"template":"","meta":{"_seopress_robots_primary_cat":"","_seopress_titles_title":"","_seopress_titles_desc":"","_seopress_robots_index":""},"item":[1149],"product_cat":[155,1188,1866],"product_tag":[],"class_list":{"0":"post-37954","1":"product","2":"type-product","3":"status-publish","4":"has-post-thumbnail","6":"item-mccosmetics-et","7":"product_cat-mesoteraapia-et","8":"product_cat-nagu-et","9":"product_cat-liftingu-efekt-pinguldav-toime","11":"first","12":"instock","13":"sale","14":"taxable","15":"shipping-taxable","16":"purchasable","17":"product-type-simple"},"_links":{"self":[{"href":"https:\/\/cutismedical.shop\/et\/wp-json\/wp\/v2\/product\/37954","targetHints":{"allow":["GET"]}}],"collection":[{"href":"https:\/\/cutismedical.shop\/et\/wp-json\/wp\/v2\/product"}],"about":[{"href":"https:\/\/cutismedical.shop\/et\/wp-json\/wp\/v2\/types\/product"}],"wp:featuredmedia":[{"embeddable":true,"href":"https:\/\/cutismedical.shop\/et\/wp-json\/wp\/v2\/media\/37951"}],"wp:attachment":[{"href":"https:\/\/cutismedical.shop\/et\/wp-json\/wp\/v2\/media?parent=37954"}],"wp:term":[{"taxonomy":"item","embeddable":true,"href":"https:\/\/cutismedical.shop\/et\/wp-json\/wp\/v2\/item?post=37954"},{"taxonomy":"product_cat","embeddable":true,"href":"https:\/\/cutismedical.shop\/et\/wp-json\/wp\/v2\/product_cat?post=37954"},{"taxonomy":"product_tag","embeddable":true,"href":"https:\/\/cutismedical.shop\/et\/wp-json\/wp\/v2\/product_tag?post=37954"}],"curies":[{"name":"wp","href":"https:\/\/api.w.org\/{rel}","templated":true}]}}