{"id":37942,"date":"2023-03-13T11:19:28","date_gmt":"2023-03-13T09:19:28","guid":{"rendered":"https:\/\/cutismedical.com\/shop\/maaratlemata\/mc-deoxycholic-1500u-i-5pcs-lipolytic\/"},"modified":"2024-10-23T18:36:53","modified_gmt":"2024-10-23T16:36:53","slug":"mc-deoxycholic-1500u-i-5pcs-lipolytic","status":"publish","type":"product","link":"https:\/\/cutismedical.shop\/et\/shop-es\/mesoteraapia-et\/body-mesotherapy-et\/mc-deoxycholic-1500u-i-5pcs-lipolytic\/","title":{"rendered":"MC Deoxycholic (1500u.i. * 5tk.) \/ Lipol\u00fc\u00fctiline \/"},"content":{"rendered":"<p><strong>*M\u00e4rkus:<\/strong> Kui kasutate l\u00fcofiliseeritud glutatiooni, lahjendage toodet 10 ml MCCM seerumilahusega.<\/p>\n<div><strong>P\u00f5hiomadused<\/strong><\/div>\n<div><\/div>\n<div>Lipol\u00fc\u00fctiline toime, rasvade ja mahu v\u00e4henemine, tselluliidi v\u00e4limuse paranemine<\/div>\n<div><\/div>\n<div><strong>Lisainfo<\/strong><\/div>\n<div><\/div>\n<div>Tootekategooria: Professionaalne\/Koduhooldus<\/div>\n<div>Peamised koostisosad: Naatriumdeoks\u00fckolaat<\/div>\n<div>Ravi etapp: Ravi<\/div>\n<div>Ravi piirkond: Keha<\/div>\n<div>Soovitatav: Tselluliidi, lokaliseeritud rasva, reite, tuharate, k\u00f5hu ja topeltl\u00f5ua korral<\/div>\n","protected":false},"excerpt":{"rendered":"<p>Naatriumdeoks\u00fckolaat on uuenduslik toimeaine, mida kasutatakse rasvade emulgeerimiseks ja nende imendumiseks soolestikus.<\/p>\n","protected":false},"featured_media":37939,"template":"","meta":{"_seopress_robots_primary_cat":"","_seopress_titles_title":"","_seopress_titles_desc":"","_seopress_robots_index":""},"item":[1149],"product_cat":[1131],"product_tag":[],"class_list":{"0":"post-37942","1":"product","2":"type-product","3":"status-publish","4":"has-post-thumbnail","6":"item-mccosmetics-et","7":"product_cat-body-mesotherapy-et","8":"pa_product_main_cat-professionaalne-hooldus","10":"first","11":"instock","12":"taxable","13":"shipping-taxable","14":"purchasable","15":"product-type-simple"},"_links":{"self":[{"href":"https:\/\/cutismedical.shop\/et\/wp-json\/wp\/v2\/product\/37942","targetHints":{"allow":["GET"]}}],"collection":[{"href":"https:\/\/cutismedical.shop\/et\/wp-json\/wp\/v2\/product"}],"about":[{"href":"https:\/\/cutismedical.shop\/et\/wp-json\/wp\/v2\/types\/product"}],"wp:featuredmedia":[{"embeddable":true,"href":"https:\/\/cutismedical.shop\/et\/wp-json\/wp\/v2\/media\/37939"}],"wp:attachment":[{"href":"https:\/\/cutismedical.shop\/et\/wp-json\/wp\/v2\/media?parent=37942"}],"wp:term":[{"taxonomy":"item","embeddable":true,"href":"https:\/\/cutismedical.shop\/et\/wp-json\/wp\/v2\/item?post=37942"},{"taxonomy":"product_cat","embeddable":true,"href":"https:\/\/cutismedical.shop\/et\/wp-json\/wp\/v2\/product_cat?post=37942"},{"taxonomy":"product_tag","embeddable":true,"href":"https:\/\/cutismedical.shop\/et\/wp-json\/wp\/v2\/product_tag?post=37942"}],"curies":[{"name":"wp","href":"https:\/\/api.w.org\/{rel}","templated":true}]}}