{"id":37887,"date":"2023-03-07T19:53:57","date_gmt":"2023-03-07T17:53:57","guid":{"rendered":"https:\/\/cutismedical.com\/shop\/maaratlemata\/softfil-easyguide-25g-50-5mm-20pcs\/"},"modified":"2024-10-27T18:33:24","modified_gmt":"2024-10-27T16:33:24","slug":"softfil-easyguide-25g-50-5mm-20pcs","status":"publish","type":"product","link":"https:\/\/cutismedical.shop\/et\/shop-es\/needles-et\/softfil-easyguide-25g-50-5mm-20pcs\/","title":{"rendered":"SoftFil. Easyguide 25G*50*5mm (20tk)"},"content":{"rendered":"<p>SoftFil\u00ae Easyguide on revolutsioon kan\u00fc\u00fcli s\u00fcstides. V-kujuline kuju muudab selle lihtsaks ja t\u00e4pseks protseduuriks, mis sobib kiireteks, ohututeks ja edukateks s\u00fcstideks. See \u201epilootn\u00f5el\u201c \u00fchendab eeltorke (sisestuspunkti) tegemise ja mikrokan\u00fc\u00fcli abil s\u00fcstimise.<\/p>\n<p><strong>Komplekt sisaldab:<\/strong><\/p>\n<ul>\n<li>20 x 25G 50 mm (2 tolli) kan\u00fc\u00fclid, sisemine kaliiber XL<\/li>\n<li>20 x 5 mm Easyguide pilootn\u00f5elad<\/li>\n<\/ul>\n<p> <strong>Tehnikad:<\/strong> Vol\u00fc\u00fcmilisus ja s\u00fcgav nappage.<br \/>\n<strong>Piirkonnad:<\/strong> Otsmik, l\u00f5uapiirkond, oimukohad, sarnapiirkond, dekoltee ja k\u00e4ed.<\/p>\n","protected":false},"excerpt":{"rendered":"<p>SoftFil\u00ae Easyguide 25G 50MM x 5MM on steriilne \u00fchekordseks kasutamiseks m\u00f5eldud meditsiiniseade, mis on loodud mikrokan\u00fc\u00fcli s\u00fcstide kiiremaks, lihtsamaks ja t\u00e4psemaks tegemiseks. See v\u00f5imaldab \u00f5rnalt suunata kan\u00fc\u00fcli sobivale s\u00fcstimistasemele l\u00e4bi avatud telje, olles samal ajal sujuvas kontaktis patsiendi nahaga.<\/p>\n<p>Kan\u00fc\u00fclid sobivad ideaalselt vol\u00fc\u00fcmilisuse lisamiseks sellistes piirkondades nagu otsmik, l\u00f5uapiirkond ja k\u00e4ed.<\/p>\n","protected":false},"featured_media":37885,"template":"","meta":{"_seopress_robots_primary_cat":"","_seopress_titles_title":"","_seopress_titles_desc":"","_seopress_robots_index":""},"item":[2094],"product_cat":[161],"product_tag":[],"class_list":{"0":"post-37887","1":"product","2":"type-product","3":"status-publish","4":"has-post-thumbnail","6":"item-softfil-et","7":"product_cat-needles-et","9":"first","10":"instock","11":"taxable","12":"shipping-taxable","13":"purchasable","14":"product-type-simple"},"_links":{"self":[{"href":"https:\/\/cutismedical.shop\/et\/wp-json\/wp\/v2\/product\/37887","targetHints":{"allow":["GET"]}}],"collection":[{"href":"https:\/\/cutismedical.shop\/et\/wp-json\/wp\/v2\/product"}],"about":[{"href":"https:\/\/cutismedical.shop\/et\/wp-json\/wp\/v2\/types\/product"}],"wp:featuredmedia":[{"embeddable":true,"href":"https:\/\/cutismedical.shop\/et\/wp-json\/wp\/v2\/media\/37885"}],"wp:attachment":[{"href":"https:\/\/cutismedical.shop\/et\/wp-json\/wp\/v2\/media?parent=37887"}],"wp:term":[{"taxonomy":"item","embeddable":true,"href":"https:\/\/cutismedical.shop\/et\/wp-json\/wp\/v2\/item?post=37887"},{"taxonomy":"product_cat","embeddable":true,"href":"https:\/\/cutismedical.shop\/et\/wp-json\/wp\/v2\/product_cat?post=37887"},{"taxonomy":"product_tag","embeddable":true,"href":"https:\/\/cutismedical.shop\/et\/wp-json\/wp\/v2\/product_tag?post=37887"}],"curies":[{"name":"wp","href":"https:\/\/api.w.org\/{rel}","templated":true}]}}