{"id":37264,"date":"2022-12-19T13:44:50","date_gmt":"2022-12-19T11:44:50","guid":{"rendered":"https:\/\/cutismedical.com\/shop\/maaratlemata\/harmonyca-allergan-2-1-25ml\/"},"modified":"2024-10-25T18:34:03","modified_gmt":"2024-10-25T16:34:03","slug":"harmonyca-allergan-2-1-25ml","status":"publish","type":"product","link":"https:\/\/cutismedical.shop\/et\/shop-es\/fillerid-et\/harmonyca-allergan-2-1-25ml\/","title":{"rendered":"HArmonyCa (Allergan) 2*1,25 ml."},"content":{"rendered":"<p><span style=\"color: #282828;\">Mikrosf\u00e4\u00e4ride l\u00e4bim\u00f5\u00f5t (25\u201345 mikronit) v\u00e4hendab osakeste migratsiooni ja fagots\u00fctoosi riski, mis koos mikrosf\u00e4\u00e4ride integreerimisega ristseotud h\u00fcaluroonhappe v\u00f5rgustikku tagab naha sileda v\u00e4limuse ja s\u00fcgava niisutuse. HarmonyCa sisaldab lidokaiini ja tuleks s\u00fcstida s\u00fcgavatesse ja subdermaalsetesse kihtidesse.<\/span><\/p>\n<p><span style=\"color: #282828;\"><strong>Pakk sisaldab:<\/strong><\/span><\/p>\n<ul>\n<li><span style=\"color: #282828;\">2 x 1,25 ml s\u00fcstalt<\/span><\/li>\n<\/ul>\n<p> <span style=\"color: #282828;\"><strong>P\u00f5hikoostisosad:<\/strong><\/span> <\/p>\n<ul>\n<li><span style=\"color: #282828;\">20 mg\/ml h\u00fcaluroonhapet<\/span><\/li>\n<li><span style=\"color: #282828;\">55,7% kaltsiumh\u00fcdroks\u00fcapatiiti<\/span><\/li>\n<li><span style=\"color: #282828;\">Fosfaatpuhver<\/span><\/li>\n<li><span style=\"color: #282828;\">0,3% lidokaiini<\/span><\/li>\n<\/ul>\n<p> <span style=\"color: #282828;\"><strong>HarmonyCa eelised:<\/strong><\/span> <\/p>\n<ul>\n<li><span style=\"color: #282828;\">Pakub tugevat mahulist ja t\u00f5stvat efekti<\/span><\/li>\n<li><span style=\"color: #282828;\">Soodustab loodusliku kollageeni tootmist<\/span><\/li>\n<li><span style=\"color: #282828;\">Bioloogiliselt sobiv ja biolagunev<\/span><\/li>\n<\/ul>\n","protected":false},"excerpt":{"rendered":"<p><span style=\"color: #282828;\"><strong>HarmonyCa<\/strong> koosneb kaltsiumh\u00fcdroks\u00fcapatiidi mikrosf\u00e4\u00e4ridest, mis on tihedalt seotud ristseotud h\u00fcaluroonhappega. Kaltsiumh\u00fcdroks\u00fcapatiit stimuleerib kollageeni tootmist, samal ajal kui h\u00fcaluroonhape moodustab toetava rakuv\u00e4lise maatriksi, mis moduleerib fibroblastide paljunemist.<\/span><\/p>\n","protected":false},"featured_media":37262,"template":"","meta":{"_seopress_robots_primary_cat":"none","_seopress_titles_title":"","_seopress_titles_desc":"","_seopress_robots_index":""},"item":[2164],"product_cat":[154],"product_tag":[],"class_list":{"0":"post-37264","1":"product","2":"type-product","3":"status-publish","4":"has-post-thumbnail","6":"item-harmonyca-et","7":"product_cat-fillerid-et","9":"first","10":"instock","11":"taxable","12":"shipping-taxable","13":"purchasable","14":"product-type-simple"},"_links":{"self":[{"href":"https:\/\/cutismedical.shop\/et\/wp-json\/wp\/v2\/product\/37264","targetHints":{"allow":["GET"]}}],"collection":[{"href":"https:\/\/cutismedical.shop\/et\/wp-json\/wp\/v2\/product"}],"about":[{"href":"https:\/\/cutismedical.shop\/et\/wp-json\/wp\/v2\/types\/product"}],"wp:featuredmedia":[{"embeddable":true,"href":"https:\/\/cutismedical.shop\/et\/wp-json\/wp\/v2\/media\/37262"}],"wp:attachment":[{"href":"https:\/\/cutismedical.shop\/et\/wp-json\/wp\/v2\/media?parent=37264"}],"wp:term":[{"taxonomy":"item","embeddable":true,"href":"https:\/\/cutismedical.shop\/et\/wp-json\/wp\/v2\/item?post=37264"},{"taxonomy":"product_cat","embeddable":true,"href":"https:\/\/cutismedical.shop\/et\/wp-json\/wp\/v2\/product_cat?post=37264"},{"taxonomy":"product_tag","embeddable":true,"href":"https:\/\/cutismedical.shop\/et\/wp-json\/wp\/v2\/product_tag?post=37264"}],"curies":[{"name":"wp","href":"https:\/\/api.w.org\/{rel}","templated":true}]}}