{"id":36158,"date":"2022-09-05T14:45:30","date_gmt":"2022-09-05T12:45:30","guid":{"rendered":"https:\/\/cutismedical.com\/shop\/maaratlemata\/oda-skin-balm-5ml-home-care\/"},"modified":"2024-10-25T20:30:21","modified_gmt":"2024-10-25T18:30:21","slug":"oda-skin-balm-5ml-home-care","status":"publish","type":"product","link":"https:\/\/cutismedical.shop\/et\/shop-es\/nahahooldus\/kreem-et-prof\/oda-skin-balm-5ml-home-care\/","title":{"rendered":"ODA. Nahabalsam 5 ml \/ Koduhooldus"},"content":{"rendered":"<div id=\"short_description_block\" class=\"col-xs-12\">\n<div id=\"short_description_content\" class=\"rte align_justify\">\nBalsami peamised komponendid on lantaani\u00fchendid. Need ained kuuluvad haruldaste muldmetallide r\u00fchma ja neid leidub peamiselt Idaho osariigis, mida sageli kutsutakse kalliskivide osariigiks. M\u00f5ned lantanidid, sealhulgas lantaan, esinevad ka inimkehas \u2013 p\u00f5rnas ja hambavaapras. Lantanide kasutatakse ka \u00fcldmeditsiinis ja onkoloogias.<\/p>\n<p>Soovitatav k\u00f5igile nahat\u00fc\u00fcpidele, sealhulgas tundlikule nahale.<\/p>\n<\/div><\/div>\n<div class=\"icons-block clearfix\">\n*Uuring viidi l\u00e4bi 25 \u00fcle 18-aastase vastajaga, et hinnata toote taastavaid omadusi erinevate nahavigastuste korral. Tulemused olid j\u00e4rgmised:<\/p>\n<p>Balsamil on erakordne taastav toime \u2013 97% positiivseid hinnanguid. Aitab taastuda termilistest ja keemilistest p\u00f5letustest \u2013 93% positiivseid hinnanguid. Rahustab \u00e4rritunud nahka \u2013 86% positiivseid hinnanguid. Aitab nahal taastuda v\u00e4ikestest kriimustustest \u2013 93% positiivseid hinnanguid. Aitab nahal paraneda v\u00e4ikestest haavadest, n\u00e4iteks akne j\u00e4relt \u2013 78% positiivseid hinnanguid.<\/p>\n<p>Uuring viidi l\u00e4bi s\u00f5ltumatus laboris J.S. Hamilton Poland Sp. z o.o, uuringuaruanne nr 27763\/18\/CGDA.<\/p>\n<p><strong>KASUTUSJUHEND<\/strong><strong>:<\/strong><\/p>\n<p><em>Kandke m\u00f5ned tilgad palsamit otse probleemsele kohale puhtale ja kuivale nahale. Kasutage kaks korda p\u00e4evas &#8211; hommikul ja \u00f5htul.<\/em><\/p>\n<p><strong>KOOSTISOSAD:<\/strong><\/p>\n<p>Triet\u00fcleengl\u00fckool, et\u00fc\u00fclkarbitool, lantaanitraat, gl\u00fctseriin<\/p>\n<\/div>\n<p><strong>S\u00f5ltumatu rahvusvahelise uuringu kohaselt taastab ODA balsam t\u00f5husalt nahka ja on v\u00e4ga h\u00e4sti talutav.*<\/strong><\/p>\n","protected":false},"excerpt":{"rendered":"<p>Balsam on m\u00f5eldud kahjustatud ja tundlikule nahale ning aitab nahka taastada.<br \/>\nSobib nahal\u00f5igete, kriimustuste, marrastuste ja jalgade villide korral.<br \/>\nRahustab nahka p\u00e4rast p\u00e4ikesep\u00f5letusi v\u00f5i termilisi p\u00f5letusi ning stimuleerib kiiret taastumist.<br \/>\nLeevendab s\u00fcgelust p\u00e4rast putukahammustusi.<\/p>\n","protected":false},"featured_media":36154,"template":"","meta":{"_seopress_robots_primary_cat":"none","_seopress_titles_title":"","_seopress_titles_desc":"","_seopress_robots_index":""},"item":[1406],"product_cat":[1813,151,366,1910,1928,1940,1849,1851,1852,1854,1855,1858],"product_tag":[1882,1891,1900,1879,1888],"class_list":{"0":"post-36158","1":"product","2":"type-product","3":"status-publish","4":"has-post-thumbnail","6":"item-oda-et","7":"product_cat-otstarve","8":"product_cat-kreem-et","9":"product_cat-keha-et","10":"product_cat-nahahooldus","11":"product_cat-kreem-et-prof","12":"product_cat-keha-et-prof","13":"product_cat-nahahooldus-nahatuubi-jargi","14":"product_cat-rasune-ja-probleemne-nahk","15":"product_cat-kuiv-veetustunud-nahk","16":"product_cat-tundlik-nahk","17":"product_cat-kuperoos-ja-rosaatsea","18":"product_cat-lotvunud-nahk","19":"product_tag-kuiv-veetustunud-nahk","20":"product_tag-kuperoos-ja-rosaatsea","21":"product_tag-lotvunud-nahk","22":"product_tag-rasune-ja-probleemne-nahk","23":"product_tag-tundlik-nahk","25":"first","26":"instock","27":"taxable","28":"shipping-taxable","29":"purchasable","30":"product-type-simple"},"_links":{"self":[{"href":"https:\/\/cutismedical.shop\/et\/wp-json\/wp\/v2\/product\/36158","targetHints":{"allow":["GET"]}}],"collection":[{"href":"https:\/\/cutismedical.shop\/et\/wp-json\/wp\/v2\/product"}],"about":[{"href":"https:\/\/cutismedical.shop\/et\/wp-json\/wp\/v2\/types\/product"}],"wp:featuredmedia":[{"embeddable":true,"href":"https:\/\/cutismedical.shop\/et\/wp-json\/wp\/v2\/media\/36154"}],"wp:attachment":[{"href":"https:\/\/cutismedical.shop\/et\/wp-json\/wp\/v2\/media?parent=36158"}],"wp:term":[{"taxonomy":"item","embeddable":true,"href":"https:\/\/cutismedical.shop\/et\/wp-json\/wp\/v2\/item?post=36158"},{"taxonomy":"product_cat","embeddable":true,"href":"https:\/\/cutismedical.shop\/et\/wp-json\/wp\/v2\/product_cat?post=36158"},{"taxonomy":"product_tag","embeddable":true,"href":"https:\/\/cutismedical.shop\/et\/wp-json\/wp\/v2\/product_tag?post=36158"}],"curies":[{"name":"wp","href":"https:\/\/api.w.org\/{rel}","templated":true}]}}