{"id":36147,"date":"2022-09-05T14:23:01","date_gmt":"2022-09-05T12:23:01","guid":{"rendered":"https:\/\/cutismedical.com\/shop\/maaratlemata\/oda-gel-for-cosmetic-procedures-200ml\/"},"modified":"2024-10-25T20:36:43","modified_gmt":"2024-10-25T18:36:43","slug":"oda-gel-for-cosmetic-procedures-200ml","status":"publish","type":"product","link":"https:\/\/cutismedical.shop\/et\/shop-es\/nahahooldus\/kreem-et-prof\/oda-gel-for-cosmetic-procedures-200ml\/","title":{"rendered":"ODA. GEEL KOSMEETILISTEKS PROTSEDUURIDEKS 200 ml"},"content":{"rendered":"<p><strong>KOOSTIS:<\/strong><\/p>\n<p>Aqua, Glycerin, Triethanolamine, Acrylates\/C10-30 alkyl acrylate crosspolymer, Phenoxyethanol, Caprylyl glycol, Chlorphenesin.<\/p>\n<div id=\"short_description_block\" class=\"col-xs-12\">\n<div id=\"short_description_content\" class=\"rte align_justify\">\n","protected":false},"excerpt":{"rendered":"<p>Spetsiaalselt v\u00e4lja t\u00f6\u00f6tatud kontaktgeel kasutamiseks aparaatse kosmeetika (ultraheli, laser, raadiosagedus, elektroporatsioon jm) protseduurides. Ainult professionaalseks kasutamiseks.<\/p>\n<\/div><\/div>\n<div class=\"icons-block clearfix\"><\/div>\n","protected":false},"featured_media":36144,"template":"","meta":{"_seopress_robots_primary_cat":"none","_seopress_titles_title":"","_seopress_titles_desc":"","_seopress_robots_index":""},"item":[1406],"product_cat":[1910,1928,1940],"product_tag":[],"class_list":{"0":"post-36147","1":"product","2":"type-product","3":"status-publish","4":"has-post-thumbnail","6":"item-oda-et","7":"product_cat-nahahooldus","8":"product_cat-kreem-et-prof","9":"product_cat-keha-et-prof","11":"first","12":"instock","13":"taxable","14":"shipping-taxable","15":"purchasable","16":"product-type-simple"},"_links":{"self":[{"href":"https:\/\/cutismedical.shop\/et\/wp-json\/wp\/v2\/product\/36147","targetHints":{"allow":["GET"]}}],"collection":[{"href":"https:\/\/cutismedical.shop\/et\/wp-json\/wp\/v2\/product"}],"about":[{"href":"https:\/\/cutismedical.shop\/et\/wp-json\/wp\/v2\/types\/product"}],"wp:featuredmedia":[{"embeddable":true,"href":"https:\/\/cutismedical.shop\/et\/wp-json\/wp\/v2\/media\/36144"}],"wp:attachment":[{"href":"https:\/\/cutismedical.shop\/et\/wp-json\/wp\/v2\/media?parent=36147"}],"wp:term":[{"taxonomy":"item","embeddable":true,"href":"https:\/\/cutismedical.shop\/et\/wp-json\/wp\/v2\/item?post=36147"},{"taxonomy":"product_cat","embeddable":true,"href":"https:\/\/cutismedical.shop\/et\/wp-json\/wp\/v2\/product_cat?post=36147"},{"taxonomy":"product_tag","embeddable":true,"href":"https:\/\/cutismedical.shop\/et\/wp-json\/wp\/v2\/product_tag?post=36147"}],"curies":[{"name":"wp","href":"https:\/\/api.w.org\/{rel}","templated":true}]}}