{"id":36108,"date":"2022-09-02T16:29:23","date_gmt":"2022-09-02T14:29:23","guid":{"rendered":"https:\/\/cutismedical.com\/shop\/maaratlemata\/oda-cells-rejuvenating-mask-with-amber-acid-50ml-home-care\/"},"modified":"2024-10-27T13:22:34","modified_gmt":"2024-10-27T11:22:34","slug":"oda-cells-rejuvenating-mask-with-amber-acid-50ml-home-care","status":"publish","type":"product","link":"https:\/\/cutismedical.shop\/et\/shop-es\/nahahooldus\/maskid-et-prof\/oda-cells-rejuvenating-mask-with-amber-acid-50ml-home-care\/","title":{"rendered":"ODA. RAKKE NOORENDAV MASK merevaikhappega 50 ml \/ Kodune hooldus"},"content":{"rendered":"<ul>\n<li>Aeglustab naha vananemisprotsessi (merevaikhape, C-vitamiin (Naatriumaskorb\u00fc\u00fclfosfaat))<\/li>\n<li>V\u00e4hendab m\u00e4rgatavalt kortse (H\u00fcaluroonhape, peptiidid &#8211; Acetyl Octapeptide-3)<\/li>\n<li>Suurendab naha tugevust ja elastsust (H\u00fcaluroonhape, peptiidid &#8211; Acetyl Octapeptide-3)<\/li>\n<li>Kaitseb nahka vabade radikaalide eest (merevaikhape, C-vitamiin (Naatriumaskorb\u00fc\u00fclfosfaat))<\/li>\n<\/ul>\n<p> <strong>M\u00c4RKUS:<\/strong> Toode on k\u00fclmatundlik, seet\u00f5ttu ei soovitata seda transportida ega hoida temperatuuril alla +5 kraadi.<br \/>\nSee tootesari on inspireeritud merevaigust, Balti kuld, mis on juba ammu kuulus oma unikaalsete omaduste poolest. <b>Merevaikhape<\/b>, mis on k\u00f5rgelt hinnatud professionaalse kosmeetika tootmises, toimib rakutasandil enneaegse vananemise ennetajana: stimuleerib rakkudes energiakulu, aitab taastada naha tugevust ja elastsust ning omab antioks\u00fcdantseid omadusi.<\/p>\n<p><strong>KASUTUSJUHEND:<\/strong><\/p>\n<p>Kandke puhtale kuivale nahale, kasutades s\u00f5rmi v\u00f5i pintslit. Pealekandmise aeg: 10-15 minutit. Ebamugavustunde tekkimisel peske mask varem maha. Kasutage \u00fcks v\u00f5i kaks korda n\u00e4dalas.<\/p>\n<p><strong>KOOSTIS:<\/strong><\/p>\n<p>Aqua, Helianthus Annuus Seed Oil, Cetearyl Alcohol, Talc, Zinc Oxide, Glycerin, Ceteareth-20, Kaolin, Hydroxypropyl Starch Phosphate, Cetearyl Olivate, Sodium Ascorbyl Phosphate, Succinic Acid, Acetyl Octapeptide-3, Algin, Hyaluronic acid, Silica, Tetrasodium Pyrophosphate, Titanium Dioxide, Sorbitan Olivate, Magnesium Oxide, Calcium Sulphate, Phenoxyethanol, Caprylyl Glycol, Chlorphenesin.<\/p>\n","protected":false},"excerpt":{"rendered":"<p>N\u00e4omask on loodud n\u00e4onahale noorusliku s\u00e4ra andmiseks, stimuleerimiseks ja pinguldamiseks. Toode on rikastatud C-vitamiiniga, mis stimuleerib kollageeni ja elastiini tootmist, helendab nahka, samas kui h\u00fcaluroonhape aitab intensiivselt niisutada. Sisalduvate peptiidide m\u00f5ju sarnaneb botuliintoksiinile &#8211; kortsud muutuvad v\u00e4hem m\u00e4rgatavaks. Sobib k\u00f5igile nahat\u00fc\u00fcpidele.<\/p>\n","protected":false},"featured_media":36104,"template":"","meta":{"_seopress_robots_primary_cat":"none","_seopress_titles_title":"","_seopress_titles_desc":"","_seopress_robots_index":""},"item":[1406],"product_cat":[1813,152,1910,1919,1849,1853,1858],"product_tag":[1885,1900],"class_list":{"0":"post-36108","1":"product","2":"type-product","3":"status-publish","4":"has-post-thumbnail","6":"item-oda-et","7":"product_cat-otstarve","8":"product_cat-maskid-et","9":"product_cat-nahahooldus","10":"product_cat-maskid-et-prof","11":"product_cat-nahahooldus-nahatuubi-jargi","12":"product_cat-kortsud","13":"product_cat-lotvunud-nahk","14":"product_tag-kortsud","15":"product_tag-lotvunud-nahk","17":"first","18":"instock","19":"taxable","20":"shipping-taxable","21":"purchasable","22":"product-type-simple"},"_links":{"self":[{"href":"https:\/\/cutismedical.shop\/et\/wp-json\/wp\/v2\/product\/36108","targetHints":{"allow":["GET"]}}],"collection":[{"href":"https:\/\/cutismedical.shop\/et\/wp-json\/wp\/v2\/product"}],"about":[{"href":"https:\/\/cutismedical.shop\/et\/wp-json\/wp\/v2\/types\/product"}],"wp:featuredmedia":[{"embeddable":true,"href":"https:\/\/cutismedical.shop\/et\/wp-json\/wp\/v2\/media\/36104"}],"wp:attachment":[{"href":"https:\/\/cutismedical.shop\/et\/wp-json\/wp\/v2\/media?parent=36108"}],"wp:term":[{"taxonomy":"item","embeddable":true,"href":"https:\/\/cutismedical.shop\/et\/wp-json\/wp\/v2\/item?post=36108"},{"taxonomy":"product_cat","embeddable":true,"href":"https:\/\/cutismedical.shop\/et\/wp-json\/wp\/v2\/product_cat?post=36108"},{"taxonomy":"product_tag","embeddable":true,"href":"https:\/\/cutismedical.shop\/et\/wp-json\/wp\/v2\/product_tag?post=36108"}],"curies":[{"name":"wp","href":"https:\/\/api.w.org\/{rel}","templated":true}]}}