{"id":36054,"date":"2022-09-01T15:21:59","date_gmt":"2022-09-01T13:21:59","guid":{"rendered":"https:\/\/cutismedical.com\/shop\/maaratlemata\/oda-anti-redness-serum-30ml-home-care\/"},"modified":"2024-10-27T14:42:53","modified_gmt":"2024-10-27T12:42:53","slug":"oda-anti-redness-serum-30ml-home-care","status":"publish","type":"product","link":"https:\/\/cutismedical.shop\/et\/shop-es\/nahahooldus\/seerum-et-prof\/oda-anti-redness-serum-30ml-home-care\/","title":{"rendered":"ODA. Punetust v\u00e4hendav seerum 30 ml. \/ Koduhooldus"},"content":{"rendered":"<ul>\n<li><strong>V\u00e4hendab punetust<\/strong><\/li>\n<li><strong>Pinguldab<\/strong><\/li>\n<li><strong>Parandab naha v\u00e4limust<\/strong><\/li>\n<\/ul>\n<p> <strong>KASUTUSJUHEND:<\/strong><br \/>\nEt eemaldada mustust ja p\u00f5hjalikult puhastada n\u00e4gu, pese esmalt n\u00e4gu <i>ODA Active Cleanser<\/i>-iga. Kanna seerum puhtale n\u00e4ole hommikul ja \u00f5htul. P\u00e4rast seerumi imendumist kanna peale oma ODA kreem.<\/p>\n<p><strong>KOOSTIS:<\/strong><\/p>\n<p>Vesi, atset\u00fc\u00fcltetrapeptiid-40, kapr\u00fc\u00fclgl\u00fckool, fenoks\u00fcetanool, naatriumpol\u00fcakr\u00fclaat, h\u00fcdrogeenitud pol\u00fcdekeen, klorfenesiin, trideceth-6.<\/p>\n","protected":false},"excerpt":{"rendered":"<p>Seerum parandab p\u00f5letikuga v\u00f5i laienenud kapillaaridega punetava naha seisundit. Telangin-peptiid v\u00e4hendab laienenud kapillaaridest tingitud punetust ja muudab naha heledamaks. Tootel on pinguldav ja fotokaitsev toime.<\/p>\n","protected":false},"featured_media":36050,"template":"","meta":{"_seopress_robots_primary_cat":"none","_seopress_titles_title":"","_seopress_titles_desc":"","_seopress_robots_index":""},"item":[1406],"product_cat":[1813,363,1910,1931,1849,1855],"product_tag":[1891],"class_list":{"0":"post-36054","1":"product","2":"type-product","3":"status-publish","4":"has-post-thumbnail","6":"item-oda-et","7":"product_cat-otstarve","8":"product_cat-seerum-et","9":"product_cat-nahahooldus","10":"product_cat-seerum-et-prof","11":"product_cat-nahahooldus-nahatuubi-jargi","12":"product_cat-kuperoos-ja-rosaatsea","13":"product_tag-kuperoos-ja-rosaatsea","15":"first","16":"instock","17":"taxable","18":"shipping-taxable","19":"purchasable","20":"product-type-simple"},"_links":{"self":[{"href":"https:\/\/cutismedical.shop\/et\/wp-json\/wp\/v2\/product\/36054","targetHints":{"allow":["GET"]}}],"collection":[{"href":"https:\/\/cutismedical.shop\/et\/wp-json\/wp\/v2\/product"}],"about":[{"href":"https:\/\/cutismedical.shop\/et\/wp-json\/wp\/v2\/types\/product"}],"wp:featuredmedia":[{"embeddable":true,"href":"https:\/\/cutismedical.shop\/et\/wp-json\/wp\/v2\/media\/36050"}],"wp:attachment":[{"href":"https:\/\/cutismedical.shop\/et\/wp-json\/wp\/v2\/media?parent=36054"}],"wp:term":[{"taxonomy":"item","embeddable":true,"href":"https:\/\/cutismedical.shop\/et\/wp-json\/wp\/v2\/item?post=36054"},{"taxonomy":"product_cat","embeddable":true,"href":"https:\/\/cutismedical.shop\/et\/wp-json\/wp\/v2\/product_cat?post=36054"},{"taxonomy":"product_tag","embeddable":true,"href":"https:\/\/cutismedical.shop\/et\/wp-json\/wp\/v2\/product_tag?post=36054"}],"curies":[{"name":"wp","href":"https:\/\/api.w.org\/{rel}","templated":true}]}}