{"id":36020,"date":"2022-08-31T18:40:57","date_gmt":"2022-08-31T16:40:57","guid":{"rendered":"https:\/\/cutismedical.com\/shop\/maaratlemata\/oda-intense-action-cleanser-for-men-200ml-home-care\/"},"modified":"2024-10-27T14:46:38","modified_gmt":"2024-10-27T12:46:38","slug":"oda-intense-action-cleanser-for-men-200ml-home-care","status":"publish","type":"product","link":"https:\/\/cutismedical.shop\/et\/shop-es\/nahahooldus\/naopuhastus-et-prof\/oda-intense-action-cleanser-for-men-200ml-home-care\/","title":{"rendered":"ODA. Intensiivne puhastusgeel meestele 200 ml. \/ Koduhooldus"},"content":{"rendered":"<div id=\"short_description_block\" class=\"col-xs-12\">\n<div id=\"short_description_content\" class=\"rte align_justify\">\n<strong>Aktiivsed komponendid<\/strong><\/p>\n<p><strong>Gl\u00fckoolhape<\/strong> on madalaima molekulmassiga k\u00f5ikidest alfa-h\u00fcdroks\u00fchapetest, mis v\u00f5imaldab kergesti tungida epidermise \u00fclemistesse kihtidesse ja t\u00f5husalt eemaldada surnud rakke. See stimuleerib naha taastumist, reguleerib niiskustaset ning taastab naha elastsuse ja tugevuse. Gl\u00fckoolhape aitab ka teiste ainete imendumist.<\/p>\n<p><strong>Gl\u00fckonolaktoon<\/strong> on pol\u00fch\u00fcdroks\u00fchape, mis tugevdab naha kaitsebarj\u00e4\u00e4ri, aitab s\u00e4ilitada niiskust ja stimuleerib kollageeni ja elastiini s\u00fcnteesi, muutes naha elastsemaks ja tugevamaks.<\/p>\n<p><strong>Salits\u00fc\u00fclhape<\/strong> on beeta-h\u00fcdroks\u00fchape, tuntud oma keratol\u00fc\u00fctiliste omaduste poolest. See aitab eemaldada paksenenud naharakke ja soodustab taastumisprotsesse. Salits\u00fc\u00fclhape sobib aknele kalduvale nahale.<\/p>\n<p><strong>Kurgiekstrakt<\/strong> omab helendavaid, niisutavaid ja antioks\u00fcdantseid omadusi.<\/p>\n<ul>\n<li><strong>Puhastab<\/strong><\/li>\n<li><strong>Stimuleerib<\/strong><\/li>\n<li><strong>Parandab naha v\u00e4limust<\/strong><\/li>\n<\/ul><\/div>\n<\/p><\/div>\n<div class=\"icons-block clearfix\"><strong>KASUTUSJUHEND<\/strong><strong>:<\/strong><\/div>\n<div><\/div>\n<div>Kasutada kaks korda p\u00e4evas \u2013 hommikul ja \u00f5htul. Kandke kuivale nahale ja masseerige ringjate liigutustega 1-2 minutit. Loputage hoolikalt veega.<\/div>\n<div><\/div>\n<div><strong>KOOSTIS:<\/strong><\/div>\n<div><\/div>\n<div>Vesi, gl\u00fckoolhape, naatriumkokofaosfaat, naatriumh\u00fcdroksiid, prop\u00fcleengl\u00fckool, gl\u00fckonolaktoon, salits\u00fc\u00fclhape, kurgiseemne ekstrakt, gl\u00fctseriin, ksantaankumm, 2-broom-2-nitropropaan-1,3-diool.<\/div>\n","protected":false},"excerpt":{"rendered":"<p>Kahetoimeline puhastusvahend on m\u00f5eldud erinevat t\u00fc\u00fcpi nahale, kuid sobib k\u00f5ige paremini aknele kalduvale nahale. See puhastab, niisutab ja helendab nahka ning stimuleerib kollageeni ja elastiini s\u00fcnteesi.<\/p>\n","protected":false},"featured_media":36016,"template":"","meta":{"_seopress_robots_primary_cat":"none","_seopress_titles_title":"","_seopress_titles_desc":"","_seopress_robots_index":""},"item":[1406],"product_cat":[1813,195,1910,1913,1849,1850,1857],"product_tag":[1876,1897],"class_list":{"0":"post-36020","1":"product","2":"type-product","3":"status-publish","4":"has-post-thumbnail","6":"item-oda-et","7":"product_cat-otstarve","8":"product_cat-naopuhastus-et","9":"product_cat-nahahooldus","10":"product_cat-naopuhastus-et-prof","11":"product_cat-nahahooldus-nahatuubi-jargi","12":"product_cat-akne-post-akne","13":"product_cat-pigmendilaigud","14":"product_tag-akne-post-akne","15":"product_tag-pigmendilaigud","17":"first","18":"instock","19":"taxable","20":"shipping-taxable","21":"purchasable","22":"product-type-simple"},"_links":{"self":[{"href":"https:\/\/cutismedical.shop\/et\/wp-json\/wp\/v2\/product\/36020","targetHints":{"allow":["GET"]}}],"collection":[{"href":"https:\/\/cutismedical.shop\/et\/wp-json\/wp\/v2\/product"}],"about":[{"href":"https:\/\/cutismedical.shop\/et\/wp-json\/wp\/v2\/types\/product"}],"wp:featuredmedia":[{"embeddable":true,"href":"https:\/\/cutismedical.shop\/et\/wp-json\/wp\/v2\/media\/36016"}],"wp:attachment":[{"href":"https:\/\/cutismedical.shop\/et\/wp-json\/wp\/v2\/media?parent=36020"}],"wp:term":[{"taxonomy":"item","embeddable":true,"href":"https:\/\/cutismedical.shop\/et\/wp-json\/wp\/v2\/item?post=36020"},{"taxonomy":"product_cat","embeddable":true,"href":"https:\/\/cutismedical.shop\/et\/wp-json\/wp\/v2\/product_cat?post=36020"},{"taxonomy":"product_tag","embeddable":true,"href":"https:\/\/cutismedical.shop\/et\/wp-json\/wp\/v2\/product_tag?post=36020"}],"curies":[{"name":"wp","href":"https:\/\/api.w.org\/{rel}","templated":true}]}}