{"id":36006,"date":"2022-08-29T15:26:36","date_gmt":"2022-08-29T13:26:36","guid":{"rendered":"https:\/\/cutismedical.com\/shop\/maaratlemata\/oda-repairing-hair-and-body-wash-with-amber-acid-and-urea-300ml\/"},"modified":"2024-10-27T16:06:39","modified_gmt":"2024-10-27T14:06:39","slug":"oda-repairing-hair-and-body-wash-with-amber-acid-and-urea-300ml","status":"publish","type":"product","link":"https:\/\/cutismedical.shop\/et\/shop-es\/nahahooldus\/keha-et-prof\/oda-repairing-hair-and-body-wash-with-amber-acid-and-urea-300ml\/","title":{"rendered":"ODA. TAASTAV JUUSTE JA KEHA PESUGEEL merevaikhappe ja uureaga 300 ml \/ Koduhooldus"},"content":{"rendered":"<p>ODA. TAASTAV JUUSTE JA KEHA PESUGEEL merevaikhappe ja uureaga 300 ml \/ Koduhooldus<\/p>\n<p><strong>S\u00f5ltumatu akrediteeritud labori J.S. Hamilton Poland Sp. z o.o. efektiivsusuuringud n\u00e4itavad, et toode koos <em>Dermosoft\u00ae decalact liquid MB<\/em> koostisosaga v\u00e4hendab t\u00f5husalt juuste v\u00e4ljalangemist, aitab k\u00f5rvaldada k\u00f5\u00f5ma ning annab juustele kohevust ja s\u00e4ra 28 p\u00e4evaga, kui kasutada regulaarselt.<\/strong><\/p>\n<p><strong><img loading=\"lazy\" decoding=\"async\" src=\"https:\/\/www.odapro.lt\/img\/cms\/6756_.jpg\" alt=\"\" width=\"200\" height=\"62\" \/><\/strong><\/p>\n<h6><strong>Meie toodete kvaliteedi tagab J.S. Hamilton Poland Sp. z o.o. akrediteeritud labor.<\/strong><\/h6>\n<p> Toote ainulaadne valem hoolitseb igap\u00e4evase juuste ja keha puhtuse eest. Pesuvahend puhastab s\u00fcgavalt keha ja peanahka ning samuti juukseid. Samuti niisutab ja kaitseb see toodet kahjulike keskkonnategurite ja naha varajase vananemise ilmingute eest. Dermosoft\u00ae decalact liquid MB koostisosa t\u00f5estatud t\u00f5husus aitab k\u00f5rvaldada higil\u00f5hna ja v\u00e4hendada k\u00f5\u00f5ma. Sobib k\u00f5ikidele nahat\u00fc\u00fcpidele, eriti tundlikule nahale. <\/p>\n<ul>\n<li>Puhastab s\u00fcgavalt naha ja juuksed (Cocoamphoacetate, merevaikhape)<\/li>\n<li>Aitab k\u00f5rvaldada k\u00f5\u00f5ma, hoiab \u00e4ra juuste v\u00e4ljalangemise (Dermosoft\u00ae decalact liquid MB)<\/li>\n<li>Niisutab nahka (UUREA, Pantenool)<\/li>\n<li>Kaitseb nahka vabade radikaalide eest (merevaikhape)<\/li>\n<\/ul>\n<p> <strong>2-in-1 puhastusvahendi aroom avaneb pat\u0161uli, vanilli, merevaigu ja naha nootidega.<\/strong><br \/>\n<strong>KOOSTIS:<\/strong><\/p>\n<p>Vesi, naatriumlaureetsulfaat, uurea, pol\u00fcg\u00fctser\u00fc\u00fcl-3 kapraat, naatriumkokoamfoatsetaat, pantenool, merevaikhape, naatriumkapro\u00fc\u00fcl-\/lauro\u00fc\u00fcllakt\u00fclaat, tri\u00fcet\u00fc\u00fcltsitraat, naatriumlaktaat, fenoks\u00fcetanool, kapr\u00fc\u00fclgl\u00fckool, klorfenesiin, l\u00f5hnaaine, limoneen, kumariin.<\/p>\n","protected":false},"excerpt":{"rendered":"<p>See tootesari on inspireeritud merevaigust, Baltikumi kullast, mis on pikka aega tuntud oma ainulaadsete omaduste poolest. <strong>Merevaikhape<\/strong>, mida k\u00f5rgelt hinnatakse professionaalse kosmeetika tootmisel, toimib rakutasandil, ennetades naha enneaegset vananemist: see stimuleerib rakkudes energia tootmist, aitab taastada naha tugevust ja elastsust ning omab antioks\u00fcdantseid omadusi.<\/p>\n","protected":false},"featured_media":35916,"template":"","meta":{"_seopress_robots_primary_cat":"none","_seopress_titles_title":"","_seopress_titles_desc":"","_seopress_robots_index":""},"item":[1406],"product_cat":[1813,1987,366,1910,1990,1940],"product_tag":[],"class_list":{"0":"post-36006","1":"product","2":"type-product","3":"status-publish","4":"has-post-thumbnail","6":"item-oda-et","7":"product_cat-otstarve","8":"product_cat-juuksehooldus","9":"product_cat-keha-et","10":"product_cat-nahahooldus","11":"product_cat-juuksehooldus-prof","12":"product_cat-keha-et-prof","14":"first","15":"instock","16":"taxable","17":"shipping-taxable","18":"purchasable","19":"product-type-simple"},"_links":{"self":[{"href":"https:\/\/cutismedical.shop\/et\/wp-json\/wp\/v2\/product\/36006","targetHints":{"allow":["GET"]}}],"collection":[{"href":"https:\/\/cutismedical.shop\/et\/wp-json\/wp\/v2\/product"}],"about":[{"href":"https:\/\/cutismedical.shop\/et\/wp-json\/wp\/v2\/types\/product"}],"wp:featuredmedia":[{"embeddable":true,"href":"https:\/\/cutismedical.shop\/et\/wp-json\/wp\/v2\/media\/35916"}],"wp:attachment":[{"href":"https:\/\/cutismedical.shop\/et\/wp-json\/wp\/v2\/media?parent=36006"}],"wp:term":[{"taxonomy":"item","embeddable":true,"href":"https:\/\/cutismedical.shop\/et\/wp-json\/wp\/v2\/item?post=36006"},{"taxonomy":"product_cat","embeddable":true,"href":"https:\/\/cutismedical.shop\/et\/wp-json\/wp\/v2\/product_cat?post=36006"},{"taxonomy":"product_tag","embeddable":true,"href":"https:\/\/cutismedical.shop\/et\/wp-json\/wp\/v2\/product_tag?post=36006"}],"curies":[{"name":"wp","href":"https:\/\/api.w.org\/{rel}","templated":true}]}}