{"id":35998,"date":"2022-08-31T18:08:10","date_gmt":"2022-08-31T16:08:10","guid":{"rendered":"https:\/\/cutismedical.com\/shop\/maaratlemata\/oda-revitalizing-serum-30ml-home-care\/"},"modified":"2024-10-27T15:14:45","modified_gmt":"2024-10-27T13:14:45","slug":"oda-revitalizing-serum-30ml-home-care","status":"publish","type":"product","link":"https:\/\/cutismedical.shop\/et\/shop-es\/nahahooldus\/seerum-et-prof\/oda-revitalizing-serum-30ml-home-care\/","title":{"rendered":"ODA. TAASTAV seerum 30 ml. \/ Koduhooldus"},"content":{"rendered":"<ul>\n<li><strong>Parandab v\u00e4limust<\/strong><\/li>\n<li><strong>Helendab<\/strong><\/li>\n<li><strong>Pinguldab<\/strong><\/li>\n<\/ul>\n<p> <strong>KASUTUSJUHEND:<\/strong><br \/>\nMustuse eemaldamiseks ja n\u00e4o p\u00f5hjalikuks puhastamiseks peske esmalt n\u00e4gu <i>ODA Active Cleanseriga.<\/i> Kandke seerum puhastatud n\u00e4o- ja kaelapiirkonnale hommikul ja \u00f5htul. P\u00e4rast seerumi imendumist kandke peale oma ODA kreem.<\/p>\n<p><strong>KOOSTIS:<\/strong><\/p>\n<p>Vesi, naatriumaskorbaatfosfaat, ksantaankumm, fenoks\u00fcetanool, kapr\u00fc\u00fclgl\u00fckool, klorfenesiin.<\/p>\n","protected":false},"excerpt":{"rendered":"<p>Seerum helendab, parandab v\u00e4limust, pinguldab ja noorendab n\u00e4onahka. See sisaldab v\u00e4ga stabiilset C-vitamiini vormi, tuntud kui naatriumaskorbaatfosfaat, mis v\u00e4hendab kortsude n\u00e4htavust ja stimuleerib kollageeni ja elastiini s\u00fcnteesi. See aine m\u00e4ngib olulist rolli pigmendi tootmise protsessis \u2013 helendab ja v\u00e4hendab pigmendilaike ning aeglustab melaniini s\u00fcnteesi.<\/p>\n","protected":false},"featured_media":35994,"template":"","meta":{"_seopress_robots_primary_cat":"none","_seopress_titles_title":"","_seopress_titles_desc":"","_seopress_robots_index":""},"item":[1406],"product_cat":[1813,363,1910,1931,1849,1857],"product_tag":[1897],"class_list":{"0":"post-35998","1":"product","2":"type-product","3":"status-publish","4":"has-post-thumbnail","6":"item-oda-et","7":"product_cat-otstarve","8":"product_cat-seerum-et","9":"product_cat-nahahooldus","10":"product_cat-seerum-et-prof","11":"product_cat-nahahooldus-nahatuubi-jargi","12":"product_cat-pigmendilaigud","13":"product_tag-pigmendilaigud","15":"first","16":"instock","17":"taxable","18":"shipping-taxable","19":"purchasable","20":"product-type-simple"},"_links":{"self":[{"href":"https:\/\/cutismedical.shop\/et\/wp-json\/wp\/v2\/product\/35998","targetHints":{"allow":["GET"]}}],"collection":[{"href":"https:\/\/cutismedical.shop\/et\/wp-json\/wp\/v2\/product"}],"about":[{"href":"https:\/\/cutismedical.shop\/et\/wp-json\/wp\/v2\/types\/product"}],"wp:featuredmedia":[{"embeddable":true,"href":"https:\/\/cutismedical.shop\/et\/wp-json\/wp\/v2\/media\/35994"}],"wp:attachment":[{"href":"https:\/\/cutismedical.shop\/et\/wp-json\/wp\/v2\/media?parent=35998"}],"wp:term":[{"taxonomy":"item","embeddable":true,"href":"https:\/\/cutismedical.shop\/et\/wp-json\/wp\/v2\/item?post=35998"},{"taxonomy":"product_cat","embeddable":true,"href":"https:\/\/cutismedical.shop\/et\/wp-json\/wp\/v2\/product_cat?post=35998"},{"taxonomy":"product_tag","embeddable":true,"href":"https:\/\/cutismedical.shop\/et\/wp-json\/wp\/v2\/product_tag?post=35998"}],"curies":[{"name":"wp","href":"https:\/\/api.w.org\/{rel}","templated":true}]}}