{"id":35907,"date":"2022-08-26T17:39:04","date_gmt":"2022-08-26T15:39:04","guid":{"rendered":"https:\/\/cutismedical.com\/shop\/maaratlemata\/oda-rejuvenating-body-lotion-with-amber-and-hyaluronic-acid-300-ml\/"},"modified":"2024-10-28T21:20:30","modified_gmt":"2024-10-28T19:20:30","slug":"oda-rejuvenating-body-lotion-with-amber-and-hyaluronic-acid-300-ml","status":"publish","type":"product","link":"https:\/\/cutismedical.shop\/et\/shop-es\/nahahooldus\/keha-et-prof\/oda-rejuvenating-body-lotion-with-amber-and-hyaluronic-acid-300-ml\/","title":{"rendered":"ODA. NOORENDAV KEHAKREEM merevaigu- ja h\u00fcaluroonhappega 300 ml"},"content":{"rendered":"<p>\u2022 Aeglustab naha vananemisprotsessi (merevaikhape)<\/p>\n<p>\u2022 Intensiivselt niisutab, toidab ja rahustab (h\u00fcaluroonhape, pantenool, allantoiin, aaloe, sheav\u00f5i, avokaado-, mandli- ja makadaamiap\u00e4hkli\u00f5lid)<\/p>\n<p>\u2022 Suurendab naha elastsust ja tugevust (h\u00fcaluroonhape, merevaikhape)<\/p>\n<p>\u2022 Kaitseb nahka vabade radikaalide eest (merevaikhape)<\/p>\n<p><strong>Kehakreemi aroomis avanevad pat\u0161uli, vanilli, merevaigu ja naha noodid.<\/strong><\/p>\n<p>See tootesari on inspireeritud merevaigust, Baltikumi kullast, mis on tuntud oma unikaalsete omaduste poolest. <strong>Merevaikhape<\/strong>, mida k\u00f5rgelt hinnatakse professionaalses kosmeetikatootmises, toimib rakutasandil, ennetades naha enneaegset vananemist: see stimuleerib energia tootmist rakkudes, aitab taastada naha tugevust ja elastsust ning omab antioks\u00fcdantseid omadusi.<\/p>\n<p><strong>KASUTUSJUHEND:<\/strong><\/p>\n<p>Kandke puhtale ja kuivale nahale igap\u00e4evaselt.<\/p>\n<p><strong>KOOSTIS:<\/strong><\/p>\n<p>Vesi, mandli\u00f5li, ceteareth-20, cetearylalcohol, makadaamiap\u00e4hkli\u00f5li, cetearyl olivate, pantenool, sheav\u00f5i, gl\u00fctseriin, dimetikoon, sorbitani olivate, merevaikhape, h\u00fcaluroonhape, allantoiin, aaloelehe pulber, tokofer\u00fc\u00fclatsetaat, karbomeer, triethanolamine, fenoks\u00fcetanool, kapr\u00fc\u00fclgl\u00fckool, klorfenesiin, limoneen, kumariin, linalool, l\u00f5hnaaine.<\/p>\n","protected":false},"excerpt":{"rendered":"<p>See \u00fclikerge, kiiresti imenduv kehakreem mitte ainult ei niisuta ja toida nahka intensiivselt, andes sellele sametise pehmuse, vaid kaitseb seda ka kahjulike v\u00e4listegurite ja naha varajase vananemise tunnuste eest. Toode sisaldab h\u00fcaluroonhapet, pantenooli, allantoiini ja aaloed, mis niisutavad intensiivselt nahka ja annavad sellele sametise pehmuse.<\/p>\n","protected":false},"featured_media":35903,"template":"","meta":{"_seopress_robots_primary_cat":"none","_seopress_titles_title":"","_seopress_titles_desc":"","_seopress_robots_index":""},"item":[1406],"product_cat":[1813,366,1910,1940,1849,1858],"product_tag":[1900],"class_list":{"0":"post-35907","1":"product","2":"type-product","3":"status-publish","4":"has-post-thumbnail","6":"item-oda-et","7":"product_cat-otstarve","8":"product_cat-keha-et","9":"product_cat-nahahooldus","10":"product_cat-keha-et-prof","11":"product_cat-nahahooldus-nahatuubi-jargi","12":"product_cat-lotvunud-nahk","13":"product_tag-lotvunud-nahk","15":"first","16":"instock","17":"taxable","18":"shipping-taxable","19":"purchasable","20":"product-type-simple"},"_links":{"self":[{"href":"https:\/\/cutismedical.shop\/et\/wp-json\/wp\/v2\/product\/35907","targetHints":{"allow":["GET"]}}],"collection":[{"href":"https:\/\/cutismedical.shop\/et\/wp-json\/wp\/v2\/product"}],"about":[{"href":"https:\/\/cutismedical.shop\/et\/wp-json\/wp\/v2\/types\/product"}],"wp:featuredmedia":[{"embeddable":true,"href":"https:\/\/cutismedical.shop\/et\/wp-json\/wp\/v2\/media\/35903"}],"wp:attachment":[{"href":"https:\/\/cutismedical.shop\/et\/wp-json\/wp\/v2\/media?parent=35907"}],"wp:term":[{"taxonomy":"item","embeddable":true,"href":"https:\/\/cutismedical.shop\/et\/wp-json\/wp\/v2\/item?post=35907"},{"taxonomy":"product_cat","embeddable":true,"href":"https:\/\/cutismedical.shop\/et\/wp-json\/wp\/v2\/product_cat?post=35907"},{"taxonomy":"product_tag","embeddable":true,"href":"https:\/\/cutismedical.shop\/et\/wp-json\/wp\/v2\/product_tag?post=35907"}],"curies":[{"name":"wp","href":"https:\/\/api.w.org\/{rel}","templated":true}]}}